{"id":14326,"date":"2026-03-07T11:38:04","date_gmt":"2026-03-07T08:38:04","guid":{"rendered":"https:\/\/casetti.wpevi.com\/?post_type=product&#038;p=14326"},"modified":"2026-03-07T16:17:27","modified_gmt":"2026-03-07T13:17:27","slug":"japon-desen-porselen-kup","status":"publish","type":"product","link":"https:\/\/casetti.wpevi.com\/en\/japon-desen-porselen-kup\/","title":{"rendered":"Japon Desen Porselen K\u00fcp"},"content":{"rendered":"<p>\u00dcr\u00fcn \u00d6l\u00e7\u00fcs\u00fc : 42 x 60 cm <\/p>\n<p>This <strong>\u00e7ift mutluluk semboll\u00fc mavi beyaz porselen ginger jar<\/strong>, geleneksel \u00c7in porselen sanat\u0131ndan ilham alan zarif ve k\u00fclt\u00fcrel bir dekoratif objedir. <strong>Beyaz porselen \u00fczerinde kobalt mavi spiral motifler ve \u00c7in karakterleri<\/strong>, Ming d\u00f6nemi porselen esteti\u011fini yans\u0131t\u0131r. Kapakl\u0131 klasik formu ve \u00fcst\u00fcndeki yuvarlak tutamak detay\u0131 ile hem dekoratif hem de koleksiyonluk bir par\u00e7ad\u0131r.<\/p>\n<p>\u00dczerindeki <strong>\u201cDouble Happiness \u2013 \u00c7ift Mutluluk\u201d sembol\u00fc<\/strong>, \u00c7in k\u00fclt\u00fcr\u00fcnde mutluluk, bereket ve uyumu temsil eder. Bu nedenle ev dekorasyonunda hem estetik hem de anlam ta\u015f\u0131yan \u00f6zel bir objedir.<\/p>","protected":false},"excerpt":{"rendered":"<p>\u00dcr\u00fcn \u00d6l\u00e7\u00fcs\u00fc : 42 x 60 cm Bu \u00e7ift mutluluk semboll\u00fc mavi beyaz porselen ginger jar, geleneksel \u00c7in porselen sanat\u0131ndan ilham alan zarif ve k\u00fclt\u00fcrel bir dekoratif objedir. Beyaz porselen \u00fczerinde kobalt mavi spiral motifler ve \u00c7in karakterleri, Ming d\u00f6nemi porselen esteti\u011fini yans\u0131t\u0131r. Kapakl\u0131 klasik formu ve \u00fcst\u00fcndeki yuvarlak tutamak detay\u0131 ile hem dekoratif hem &hellip; <a href=\"https:\/\/casetti.wpevi.com\/en\/japon-desen-porselen-kup\/\" class=\"more-link\">Continue reading <span class=\"screen-reader-text\">Japon Desen Porselen K\u00fcp<\/span><\/a><\/p>","protected":false},"featured_media":14405,"comment_status":"open","ping_status":"closed","template":"","meta":[],"product_brand":[217],"product_cat":[212],"product_tag":[],"class_list":{"0":"post-14326","1":"product","2":"type-product","3":"status-publish","4":"has-post-thumbnail","6":"product_brand-casetti","7":"product_cat-saksi-vazo-kup","10":"instock","11":"taxable","12":"shipping-taxable","13":"purchasable","14":"product-type-simple"},"_links":{"self":[{"href":"https:\/\/casetti.wpevi.com\/en\/wp-json\/wp\/v2\/product\/14326","targetHints":{"allow":["GET"]}}],"collection":[{"href":"https:\/\/casetti.wpevi.com\/en\/wp-json\/wp\/v2\/product"}],"about":[{"href":"https:\/\/casetti.wpevi.com\/en\/wp-json\/wp\/v2\/types\/product"}],"replies":[{"embeddable":true,"href":"https:\/\/casetti.wpevi.com\/en\/wp-json\/wp\/v2\/comments?post=14326"}],"version-history":[{"count":2,"href":"https:\/\/casetti.wpevi.com\/en\/wp-json\/wp\/v2\/product\/14326\/revisions"}],"predecessor-version":[{"id":14404,"href":"https:\/\/casetti.wpevi.com\/en\/wp-json\/wp\/v2\/product\/14326\/revisions\/14404"}],"wp:featuredmedia":[{"embeddable":true,"href":"https:\/\/casetti.wpevi.com\/en\/wp-json\/wp\/v2\/media\/14405"}],"wp:attachment":[{"href":"https:\/\/casetti.wpevi.com\/en\/wp-json\/wp\/v2\/media?parent=14326"}],"wp:term":[{"taxonomy":"product_brand","embeddable":true,"href":"https:\/\/casetti.wpevi.com\/en\/wp-json\/wp\/v2\/product_brand?post=14326"},{"taxonomy":"product_cat","embeddable":true,"href":"https:\/\/casetti.wpevi.com\/en\/wp-json\/wp\/v2\/product_cat?post=14326"},{"taxonomy":"product_tag","embeddable":true,"href":"https:\/\/casetti.wpevi.com\/en\/wp-json\/wp\/v2\/product_tag?post=14326"}],"curies":[{"name":"wp","href":"https:\/\/api.w.org\/{rel}","templated":true}]}}