{"id":14321,"date":"2026-03-07T11:22:04","date_gmt":"2026-03-07T08:22:04","guid":{"rendered":"https:\/\/casetti.wpevi.com\/?post_type=product&#038;p=14321"},"modified":"2026-03-07T16:18:05","modified_gmt":"2026-03-07T13:18:05","slug":"bogumlu-porselen-kup","status":"publish","type":"product","link":"https:\/\/casetti.wpevi.com\/en\/bogumlu-porselen-kup\/","title":{"rendered":"Bo\u011fumlu Porselen K\u00fcp"},"content":{"rendered":"<p>\u00dcr\u00fcn \u00d6l\u00e7\u00fcs\u00fc : 21 x 32 cm<\/p>\n<p>This <strong>mavi beyaz Chinoiserie porselen vazo<\/strong>, geleneksel \u00c7in porselen sanat\u0131ndan ilham alan zarif ve zamans\u0131z bir dekoratif objedir. <strong>Beyaz porselen \u00fczerine i\u015flenmi\u015f kobalt mavi \u00e7i\u00e7ek motifleri ve bulut desenleri<\/strong>, klasik Ming d\u00f6nemi porselen esteti\u011fini yans\u0131t\u0131r. Zarif k\u0131vr\u0131ml\u0131 g\u00f6vdesi ve ince boyun formu sayesinde hem \u00e7i\u00e7ek aranjmanlar\u0131 hem de tek ba\u015f\u0131na dekoratif bir sanat objesi olarak kullan\u0131labilir.<\/p>\n<p>Salon, yemek masas\u0131, konsol, raf veya antre dekorasyonu i\u00e7in ideal olan bu vazo, <strong>Chinoiserie stilini modern ve klasik i\u00e7 mek\u00e2nlarla bulu\u015fturur<\/strong>.<\/p>","protected":false},"excerpt":{"rendered":"<p>\u00dcr\u00fcn \u00d6l\u00e7\u00fcs\u00fc : 21 x 32 cm Bu mavi beyaz Chinoiserie porselen vazo, geleneksel \u00c7in porselen sanat\u0131ndan ilham alan zarif ve zamans\u0131z bir dekoratif objedir. Beyaz porselen \u00fczerine i\u015flenmi\u015f kobalt mavi \u00e7i\u00e7ek motifleri ve bulut desenleri, klasik Ming d\u00f6nemi porselen esteti\u011fini yans\u0131t\u0131r. Zarif k\u0131vr\u0131ml\u0131 g\u00f6vdesi ve ince boyun formu sayesinde hem \u00e7i\u00e7ek aranjmanlar\u0131 hem de &hellip; <a href=\"https:\/\/casetti.wpevi.com\/en\/bogumlu-porselen-kup\/\" class=\"more-link\">Continue reading <span class=\"screen-reader-text\">Bo\u011fumlu Porselen K\u00fcp<\/span><\/a><\/p>","protected":false},"featured_media":14408,"comment_status":"open","ping_status":"closed","template":"","meta":[],"product_brand":[217],"product_cat":[212],"product_tag":[],"class_list":{"0":"post-14321","1":"product","2":"type-product","3":"status-publish","4":"has-post-thumbnail","6":"product_brand-casetti","7":"product_cat-saksi-vazo-kup","10":"instock","11":"taxable","12":"shipping-taxable","13":"purchasable","14":"product-type-simple"},"_links":{"self":[{"href":"https:\/\/casetti.wpevi.com\/en\/wp-json\/wp\/v2\/product\/14321","targetHints":{"allow":["GET"]}}],"collection":[{"href":"https:\/\/casetti.wpevi.com\/en\/wp-json\/wp\/v2\/product"}],"about":[{"href":"https:\/\/casetti.wpevi.com\/en\/wp-json\/wp\/v2\/types\/product"}],"replies":[{"embeddable":true,"href":"https:\/\/casetti.wpevi.com\/en\/wp-json\/wp\/v2\/comments?post=14321"}],"version-history":[{"count":2,"href":"https:\/\/casetti.wpevi.com\/en\/wp-json\/wp\/v2\/product\/14321\/revisions"}],"predecessor-version":[{"id":14407,"href":"https:\/\/casetti.wpevi.com\/en\/wp-json\/wp\/v2\/product\/14321\/revisions\/14407"}],"wp:featuredmedia":[{"embeddable":true,"href":"https:\/\/casetti.wpevi.com\/en\/wp-json\/wp\/v2\/media\/14408"}],"wp:attachment":[{"href":"https:\/\/casetti.wpevi.com\/en\/wp-json\/wp\/v2\/media?parent=14321"}],"wp:term":[{"taxonomy":"product_brand","embeddable":true,"href":"https:\/\/casetti.wpevi.com\/en\/wp-json\/wp\/v2\/product_brand?post=14321"},{"taxonomy":"product_cat","embeddable":true,"href":"https:\/\/casetti.wpevi.com\/en\/wp-json\/wp\/v2\/product_cat?post=14321"},{"taxonomy":"product_tag","embeddable":true,"href":"https:\/\/casetti.wpevi.com\/en\/wp-json\/wp\/v2\/product_tag?post=14321"}],"curies":[{"name":"wp","href":"https:\/\/api.w.org\/{rel}","templated":true}]}}