{"id":14312,"date":"2026-03-07T11:16:08","date_gmt":"2026-03-07T08:16:08","guid":{"rendered":"https:\/\/casetti.wpevi.com\/dragon-porselen-vazo-orta-boy\/"},"modified":"2026-03-07T16:19:28","modified_gmt":"2026-03-07T13:19:28","slug":"dragon-porselen-kup-orta-boy","status":"publish","type":"product","link":"https:\/\/casetti.wpevi.com\/en\/dragon-porselen-kup-orta-boy\/","title":{"rendered":"Dragon Porselen  K\u00fcp Orta Boy"},"content":{"rendered":"<p>\u00dcr\u00fcn \u00d6l\u00e7\u00fcs\u00fc : 17 x 28 cm<\/p>\n<p>M<strong>avi beyaz ejderha desenli porselen ginger jar<\/strong>, geleneksel \u00c7in porselen sanat\u0131ndan ilham alan zarif bir dekoratif objedir. <strong>Kobalt mavi ejderha ve floral motiflerle s\u00fcslenmi\u015f beyaz porselen y\u00fczey<\/strong>, klasik Ming d\u00f6nemi porselen esteti\u011fini yans\u0131t\u0131r. Kapa\u011f\u0131ndaki <strong>bulut formunda metal tutamak<\/strong>, Asya sanat\u0131nda uyum ve bereketi simgeler ve \u00fcr\u00fcne sanatsal bir dokunu\u015f katar.&nbsp;<\/p>","protected":false},"excerpt":{"rendered":"<p>\u00dcr\u00fcn \u00d6l\u00e7\u00fcs\u00fc : 17 x 28 cm Mavi beyaz ejderha desenli porselen ginger jar, geleneksel \u00c7in porselen sanat\u0131ndan ilham alan zarif bir dekoratif objedir. Kobalt mavi ejderha ve floral motiflerle s\u00fcslenmi\u015f beyaz porselen y\u00fczey, klasik Ming d\u00f6nemi porselen esteti\u011fini yans\u0131t\u0131r. Kapa\u011f\u0131ndaki bulut formunda metal tutamak, Asya sanat\u0131nda uyum ve bereketi simgeler ve \u00fcr\u00fcne sanatsal bir &hellip; <a href=\"https:\/\/casetti.wpevi.com\/en\/dragon-porselen-kup-orta-boy\/\" class=\"more-link\">Continue reading <span class=\"screen-reader-text\">Dragon Porselen  K\u00fcp Orta Boy<\/span><\/a><\/p>","protected":false},"featured_media":14430,"comment_status":"open","ping_status":"closed","template":"","meta":[],"product_brand":[228],"product_cat":[212],"product_tag":[],"class_list":{"0":"post-14312","1":"product","2":"type-product","3":"status-publish","4":"has-post-thumbnail","6":"product_brand-lamedore","7":"product_cat-saksi-vazo-kup","10":"instock","11":"taxable","12":"shipping-taxable","13":"purchasable","14":"product-type-simple"},"_links":{"self":[{"href":"https:\/\/casetti.wpevi.com\/en\/wp-json\/wp\/v2\/product\/14312","targetHints":{"allow":["GET"]}}],"collection":[{"href":"https:\/\/casetti.wpevi.com\/en\/wp-json\/wp\/v2\/product"}],"about":[{"href":"https:\/\/casetti.wpevi.com\/en\/wp-json\/wp\/v2\/types\/product"}],"replies":[{"embeddable":true,"href":"https:\/\/casetti.wpevi.com\/en\/wp-json\/wp\/v2\/comments?post=14312"}],"version-history":[{"count":1,"href":"https:\/\/casetti.wpevi.com\/en\/wp-json\/wp\/v2\/product\/14312\/revisions"}],"predecessor-version":[{"id":14429,"href":"https:\/\/casetti.wpevi.com\/en\/wp-json\/wp\/v2\/product\/14312\/revisions\/14429"}],"wp:featuredmedia":[{"embeddable":true,"href":"https:\/\/casetti.wpevi.com\/en\/wp-json\/wp\/v2\/media\/14430"}],"wp:attachment":[{"href":"https:\/\/casetti.wpevi.com\/en\/wp-json\/wp\/v2\/media?parent=14312"}],"wp:term":[{"taxonomy":"product_brand","embeddable":true,"href":"https:\/\/casetti.wpevi.com\/en\/wp-json\/wp\/v2\/product_brand?post=14312"},{"taxonomy":"product_cat","embeddable":true,"href":"https:\/\/casetti.wpevi.com\/en\/wp-json\/wp\/v2\/product_cat?post=14312"},{"taxonomy":"product_tag","embeddable":true,"href":"https:\/\/casetti.wpevi.com\/en\/wp-json\/wp\/v2\/product_tag?post=14312"}],"curies":[{"name":"wp","href":"https:\/\/api.w.org\/{rel}","templated":true}]}}