{"id":14268,"date":"2026-03-07T10:49:02","date_gmt":"2026-03-07T07:49:02","guid":{"rendered":"https:\/\/casetti.wpevi.com\/pirinc-kuslu-porselen-vazo-kucuk-boy\/"},"modified":"2026-03-07T16:19:55","modified_gmt":"2026-03-07T13:19:55","slug":"pirinc-kuslu-porselen-kup-kucuk-boy","status":"publish","type":"product","link":"https:\/\/casetti.wpevi.com\/en\/pirinc-kuslu-porselen-kup-kucuk-boy\/","title":{"rendered":"Pirin\u00e7 Ku\u015flu Porselen K\u00fcp K\u00fc\u00e7\u00fck Boy"},"content":{"rendered":"<p>\u00dcr\u00fcn \u00d6l\u00e7\u00fcs\u00fc :17 x 28&nbsp; <\/p>\n<p>Pirin\u00e7 d\u00f6k\u00fcm<strong> ku\u015f fig\u00fcrl\u00fc kapakl\u0131 mavi beyaz porselen ginger jar<\/strong>, klasik \u00c7in porselen sanat\u0131ndan ilham alan zarif bir dekoratif objedir. <strong>Beyaz porselen \u00fczerinde kobalt mavi \u00e7i\u00e7ek desenleri<\/strong> ve kapa\u011f\u0131ndaki <strong>alt\u0131n ku\u015f fig\u00fcr\u00fc<\/strong>, \u00fcr\u00fcne hem sanatsal hem de l\u00fcks bir g\u00f6r\u00fcn\u00fcm kazand\u0131r\u0131r. Chinoiserie stilini yans\u0131tan bu dekoratif kavanoz, salon, konsol, vitrin veya raf dekorasyonu i\u00e7in m\u00fckemmel bir se\u00e7imdir.&nbsp;<\/p>","protected":false},"excerpt":{"rendered":"<p>\u00dcr\u00fcn \u00d6l\u00e7\u00fcs\u00fc :17 x 28&nbsp; Pirin\u00e7 d\u00f6k\u00fcm ku\u015f fig\u00fcrl\u00fc kapakl\u0131 mavi beyaz porselen ginger jar, klasik \u00c7in porselen sanat\u0131ndan ilham alan zarif bir dekoratif objedir. Beyaz porselen \u00fczerinde kobalt mavi \u00e7i\u00e7ek desenleri ve kapa\u011f\u0131ndaki alt\u0131n ku\u015f fig\u00fcr\u00fc, \u00fcr\u00fcne hem sanatsal hem de l\u00fcks bir g\u00f6r\u00fcn\u00fcm kazand\u0131r\u0131r. Chinoiserie stilini yans\u0131tan bu dekoratif kavanoz, salon, konsol, vitrin &hellip; <a href=\"https:\/\/casetti.wpevi.com\/en\/pirinc-kuslu-porselen-kup-kucuk-boy\/\" class=\"more-link\">Continue reading <span class=\"screen-reader-text\">Pirin\u00e7 Ku\u015flu Porselen K\u00fcp K\u00fc\u00e7\u00fck Boy<\/span><\/a><\/p>","protected":false},"featured_media":14443,"comment_status":"open","ping_status":"closed","template":"","meta":[],"product_brand":[217],"product_cat":[212],"product_tag":[],"class_list":{"0":"post-14268","1":"product","2":"type-product","3":"status-publish","4":"has-post-thumbnail","6":"product_brand-casetti","7":"product_cat-saksi-vazo-kup","10":"instock","11":"taxable","12":"shipping-taxable","13":"purchasable","14":"product-type-simple"},"_links":{"self":[{"href":"https:\/\/casetti.wpevi.com\/en\/wp-json\/wp\/v2\/product\/14268","targetHints":{"allow":["GET"]}}],"collection":[{"href":"https:\/\/casetti.wpevi.com\/en\/wp-json\/wp\/v2\/product"}],"about":[{"href":"https:\/\/casetti.wpevi.com\/en\/wp-json\/wp\/v2\/types\/product"}],"replies":[{"embeddable":true,"href":"https:\/\/casetti.wpevi.com\/en\/wp-json\/wp\/v2\/comments?post=14268"}],"version-history":[{"count":2,"href":"https:\/\/casetti.wpevi.com\/en\/wp-json\/wp\/v2\/product\/14268\/revisions"}],"predecessor-version":[{"id":14442,"href":"https:\/\/casetti.wpevi.com\/en\/wp-json\/wp\/v2\/product\/14268\/revisions\/14442"}],"wp:featuredmedia":[{"embeddable":true,"href":"https:\/\/casetti.wpevi.com\/en\/wp-json\/wp\/v2\/media\/14443"}],"wp:attachment":[{"href":"https:\/\/casetti.wpevi.com\/en\/wp-json\/wp\/v2\/media?parent=14268"}],"wp:term":[{"taxonomy":"product_brand","embeddable":true,"href":"https:\/\/casetti.wpevi.com\/en\/wp-json\/wp\/v2\/product_brand?post=14268"},{"taxonomy":"product_cat","embeddable":true,"href":"https:\/\/casetti.wpevi.com\/en\/wp-json\/wp\/v2\/product_cat?post=14268"},{"taxonomy":"product_tag","embeddable":true,"href":"https:\/\/casetti.wpevi.com\/en\/wp-json\/wp\/v2\/product_tag?post=14268"}],"curies":[{"name":"wp","href":"https:\/\/api.w.org\/{rel}","templated":true}]}}