{"id":14255,"date":"2026-03-07T10:32:04","date_gmt":"2026-03-07T07:32:04","guid":{"rendered":"https:\/\/casetti.wpevi.com\/silver-thunder-dekoratif\/"},"modified":"2026-03-07T20:01:15","modified_gmt":"2026-03-07T17:01:15","slug":"silver-thunder-dekoratif-araba","status":"publish","type":"product","link":"https:\/\/casetti.wpevi.com\/en\/silver-thunder-dekoratif-araba\/","title":{"rendered":"Silver Thunder Decorative Car"},"content":{"rendered":"<p>\u00dcr\u00fcn \u00d6l\u00e7\u00fcs\u00fc : 21 x 50 cm<\/p>\n<p>This <strong>vintage Grand Prix yar\u0131\u015f arabas\u0131 dekoratif model<\/strong>, klasik motorsporlar\u0131n\u0131n alt\u0131n \u00e7a\u011f\u0131ndan ilham alan \u015f\u0131k ve koleksiyonluk bir tasar\u0131md\u0131r. <strong>Parlak metal g\u00f6vde, pirin\u00e7 detayl\u0131 egzoz borular\u0131 ve ah\u015fap \u015fasi taban\u0131<\/strong>, erken d\u00f6nem Avrupa yar\u0131\u015f arabalar\u0131n\u0131n m\u00fchendislik esteti\u011fini yans\u0131t\u0131r. Bu dekoratif model, ofis masalar\u0131, kitapl\u0131klar, vitrinler veya otomobil temal\u0131 dekorasyonlar i\u00e7in <strong>dikkat \u00e7ekici bir koleksiyon par\u00e7as\u0131<\/strong>d\u0131r.&nbsp;<\/p>","protected":false},"excerpt":{"rendered":"<p>\u00dcr\u00fcn \u00d6l\u00e7\u00fcs\u00fc : 21 x 50 cm Bu vintage Grand Prix yar\u0131\u015f arabas\u0131 dekoratif model, klasik motorsporlar\u0131n\u0131n alt\u0131n \u00e7a\u011f\u0131ndan ilham alan \u015f\u0131k ve koleksiyonluk bir tasar\u0131md\u0131r. Parlak metal g\u00f6vde, pirin\u00e7 detayl\u0131 egzoz borular\u0131 ve ah\u015fap \u015fasi taban\u0131, erken d\u00f6nem Avrupa yar\u0131\u015f arabalar\u0131n\u0131n m\u00fchendislik esteti\u011fini yans\u0131t\u0131r. Bu dekoratif model, ofis masalar\u0131, kitapl\u0131klar, vitrinler veya otomobil temal\u0131 &hellip; <a href=\"https:\/\/casetti.wpevi.com\/en\/silver-thunder-dekoratif-araba\/\" class=\"more-link\">Continue reading <span class=\"screen-reader-text\">Silver Thunder Decorative Car<\/span><\/a><\/p>","protected":false},"featured_media":14579,"comment_status":"open","ping_status":"closed","template":"","meta":[],"product_brand":[217],"product_cat":[171],"product_tag":[],"class_list":{"0":"post-14255","1":"product","2":"type-product","3":"status-publish","4":"has-post-thumbnail","6":"product_brand-casetti","7":"product_cat-dekoratif-objeler","10":"instock","11":"taxable","12":"shipping-taxable","13":"purchasable","14":"product-type-simple"},"_links":{"self":[{"href":"https:\/\/casetti.wpevi.com\/en\/wp-json\/wp\/v2\/product\/14255","targetHints":{"allow":["GET"]}}],"collection":[{"href":"https:\/\/casetti.wpevi.com\/en\/wp-json\/wp\/v2\/product"}],"about":[{"href":"https:\/\/casetti.wpevi.com\/en\/wp-json\/wp\/v2\/types\/product"}],"replies":[{"embeddable":true,"href":"https:\/\/casetti.wpevi.com\/en\/wp-json\/wp\/v2\/comments?post=14255"}],"version-history":[{"count":1,"href":"https:\/\/casetti.wpevi.com\/en\/wp-json\/wp\/v2\/product\/14255\/revisions"}],"predecessor-version":[{"id":14290,"href":"https:\/\/casetti.wpevi.com\/en\/wp-json\/wp\/v2\/product\/14255\/revisions\/14290"}],"wp:featuredmedia":[{"embeddable":true,"href":"https:\/\/casetti.wpevi.com\/en\/wp-json\/wp\/v2\/media\/14579"}],"wp:attachment":[{"href":"https:\/\/casetti.wpevi.com\/en\/wp-json\/wp\/v2\/media?parent=14255"}],"wp:term":[{"taxonomy":"product_brand","embeddable":true,"href":"https:\/\/casetti.wpevi.com\/en\/wp-json\/wp\/v2\/product_brand?post=14255"},{"taxonomy":"product_cat","embeddable":true,"href":"https:\/\/casetti.wpevi.com\/en\/wp-json\/wp\/v2\/product_cat?post=14255"},{"taxonomy":"product_tag","embeddable":true,"href":"https:\/\/casetti.wpevi.com\/en\/wp-json\/wp\/v2\/product_tag?post=14255"}],"curies":[{"name":"wp","href":"https:\/\/api.w.org\/{rel}","templated":true}]}}