{"id":14246,"date":"2026-03-06T17:26:04","date_gmt":"2026-03-06T14:26:04","guid":{"rendered":"https:\/\/casetti.wpevi.com\/seashell-obje\/"},"modified":"2026-03-06T17:29:04","modified_gmt":"2026-03-06T14:29:04","slug":"seashell-obje","status":"publish","type":"product","link":"https:\/\/casetti.wpevi.com\/en\/seashell-obje\/","title":{"rendered":"Seashell Object"},"content":{"rendered":"<p>\u00dcr\u00fcn \u00d6l\u00e7\u00fcs\u00fc : 25 x 30 cm <\/p>\n<p>This <strong>alt\u0131n deniz kabu\u011fu tasar\u0131ml\u0131 kristal dekoratif obje<\/strong>, sanatsal ve l\u00fcks g\u00f6r\u00fcn\u00fcm\u00fcyle ya\u015fam alanlar\u0131n\u0131za dikkat \u00e7ekici bir \u015f\u0131kl\u0131k katar. <strong>Alt\u0131n metal deniz kabu\u011fu formu ve kristal g\u00f6r\u00fcn\u00fcml\u00fc ta\u015f detaylar\u0131<\/strong>, modern sanat esteti\u011fi ile deniz temal\u0131 dekorasyonu bir araya getirir. Siyah kaide \u00fczerinde y\u00fckselen bu heykelsi tasar\u0131m, sehpa, konsol veya raf \u00fczerinde <strong>dekoratif merkez obje<\/strong> olarak kullan\u0131labilir.<\/p>\n<p>Hem <strong>sanatsal bir dekoratif heykel<\/strong> hem de <strong>\u015f\u0131k bir dekoratif kase<\/strong> olarak kullan\u0131labilen bu par\u00e7a, modern ve l\u00fcks i\u00e7 mek\u00e2n tasar\u0131mlar\u0131na sofistike bir dokunu\u015f ekler.<\/p>","protected":false},"excerpt":{"rendered":"<p>\u00dcr\u00fcn \u00d6l\u00e7\u00fcs\u00fc : 25 x 30 cm Bu alt\u0131n deniz kabu\u011fu tasar\u0131ml\u0131 kristal dekoratif obje, sanatsal ve l\u00fcks g\u00f6r\u00fcn\u00fcm\u00fcyle ya\u015fam alanlar\u0131n\u0131za dikkat \u00e7ekici bir \u015f\u0131kl\u0131k katar. Alt\u0131n metal deniz kabu\u011fu formu ve kristal g\u00f6r\u00fcn\u00fcml\u00fc ta\u015f detaylar\u0131, modern sanat esteti\u011fi ile deniz temal\u0131 dekorasyonu bir araya getirir. Siyah kaide \u00fczerinde y\u00fckselen bu heykelsi tasar\u0131m, sehpa, konsol &hellip; <a href=\"https:\/\/casetti.wpevi.com\/en\/seashell-obje\/\" class=\"more-link\">Continue reading <span class=\"screen-reader-text\">Seashell Object<\/span><\/a><\/p>","protected":false},"featured_media":14249,"comment_status":"open","ping_status":"closed","template":"","meta":[],"product_brand":[217],"product_cat":[171],"product_tag":[],"class_list":{"0":"post-14246","1":"product","2":"type-product","3":"status-publish","4":"has-post-thumbnail","6":"product_brand-casetti","7":"product_cat-dekoratif-objeler","10":"instock","11":"taxable","12":"shipping-taxable","13":"purchasable","14":"product-type-simple"},"_links":{"self":[{"href":"https:\/\/casetti.wpevi.com\/en\/wp-json\/wp\/v2\/product\/14246","targetHints":{"allow":["GET"]}}],"collection":[{"href":"https:\/\/casetti.wpevi.com\/en\/wp-json\/wp\/v2\/product"}],"about":[{"href":"https:\/\/casetti.wpevi.com\/en\/wp-json\/wp\/v2\/types\/product"}],"replies":[{"embeddable":true,"href":"https:\/\/casetti.wpevi.com\/en\/wp-json\/wp\/v2\/comments?post=14246"}],"version-history":[{"count":0,"href":"https:\/\/casetti.wpevi.com\/en\/wp-json\/wp\/v2\/product\/14246\/revisions"}],"wp:featuredmedia":[{"embeddable":true,"href":"https:\/\/casetti.wpevi.com\/en\/wp-json\/wp\/v2\/media\/14249"}],"wp:attachment":[{"href":"https:\/\/casetti.wpevi.com\/en\/wp-json\/wp\/v2\/media?parent=14246"}],"wp:term":[{"taxonomy":"product_brand","embeddable":true,"href":"https:\/\/casetti.wpevi.com\/en\/wp-json\/wp\/v2\/product_brand?post=14246"},{"taxonomy":"product_cat","embeddable":true,"href":"https:\/\/casetti.wpevi.com\/en\/wp-json\/wp\/v2\/product_cat?post=14246"},{"taxonomy":"product_tag","embeddable":true,"href":"https:\/\/casetti.wpevi.com\/en\/wp-json\/wp\/v2\/product_tag?post=14246"}],"curies":[{"name":"wp","href":"https:\/\/api.w.org\/{rel}","templated":true}]}}