{"id":14240,"date":"2026-03-06T17:20:04","date_gmt":"2026-03-06T14:20:04","guid":{"rendered":"https:\/\/casetti.wpevi.com\/horse-woom-bust\/"},"modified":"2026-03-06T17:22:08","modified_gmt":"2026-03-06T14:22:08","slug":"horse-woom-bust","status":"publish","type":"product","link":"https:\/\/casetti.wpevi.com\/en\/horse-woom-bust\/","title":{"rendered":"Horse Woom Bust"},"content":{"rendered":"<p>\u00dcr\u00fcn \u00d6l\u00e7\u00fcs\u00fc : 27 x 30 cm <\/p>\n<p>&nbsp;This <strong>binici ve at fig\u00fcrl\u00fc dekoratif heykel<\/strong>, zarif tasar\u0131m\u0131 ve klasik binicilik esteti\u011fi ile ya\u015fam alanlar\u0131n\u0131za prestijli bir g\u00f6r\u00fcn\u00fcm kazand\u0131r\u0131r. <strong>Dressage pozisyonundaki siyah at ve binici fig\u00fcr\u00fc<\/strong>, alt\u0131n eyer ve ko\u015fum detaylar\u0131 ile birle\u015ferek Avrupa tarz\u0131 dekoratif sanat\u0131n \u015f\u0131k bir \u00f6rne\u011fini sunar. Salon, ofis, kitapl\u0131k veya konsol \u00fczerinde <strong>dikkat \u00e7ekici bir dekoratif obje<\/strong> olarak kullan\u0131labilir.&nbsp;<\/p>","protected":false},"excerpt":{"rendered":"<p>\u00dcr\u00fcn \u00d6l\u00e7\u00fcs\u00fc : 27 x 30 cm &nbsp;Bu binici ve at fig\u00fcrl\u00fc dekoratif heykel, zarif tasar\u0131m\u0131 ve klasik binicilik esteti\u011fi ile ya\u015fam alanlar\u0131n\u0131za prestijli bir g\u00f6r\u00fcn\u00fcm kazand\u0131r\u0131r. Dressage pozisyonundaki siyah at ve binici fig\u00fcr\u00fc, alt\u0131n eyer ve ko\u015fum detaylar\u0131 ile birle\u015ferek Avrupa tarz\u0131 dekoratif sanat\u0131n \u015f\u0131k bir \u00f6rne\u011fini sunar. Salon, ofis, kitapl\u0131k veya konsol \u00fczerinde &hellip; <a href=\"https:\/\/casetti.wpevi.com\/en\/horse-woom-bust\/\" class=\"more-link\">Continue reading <span class=\"screen-reader-text\">Horse Woom Bust<\/span><\/a><\/p>","protected":false},"featured_media":14244,"comment_status":"open","ping_status":"closed","template":"","meta":[],"product_brand":[217],"product_cat":[207],"product_tag":[],"class_list":{"0":"post-14240","1":"product","2":"type-product","3":"status-publish","4":"has-post-thumbnail","6":"product_brand-casetti","7":"product_cat-heykeller-ve-bustler","10":"instock","11":"taxable","12":"shipping-taxable","13":"purchasable","14":"product-type-simple"},"_links":{"self":[{"href":"https:\/\/casetti.wpevi.com\/en\/wp-json\/wp\/v2\/product\/14240","targetHints":{"allow":["GET"]}}],"collection":[{"href":"https:\/\/casetti.wpevi.com\/en\/wp-json\/wp\/v2\/product"}],"about":[{"href":"https:\/\/casetti.wpevi.com\/en\/wp-json\/wp\/v2\/types\/product"}],"replies":[{"embeddable":true,"href":"https:\/\/casetti.wpevi.com\/en\/wp-json\/wp\/v2\/comments?post=14240"}],"version-history":[{"count":1,"href":"https:\/\/casetti.wpevi.com\/en\/wp-json\/wp\/v2\/product\/14240\/revisions"}],"predecessor-version":[{"id":14241,"href":"https:\/\/casetti.wpevi.com\/en\/wp-json\/wp\/v2\/product\/14240\/revisions\/14241"}],"wp:featuredmedia":[{"embeddable":true,"href":"https:\/\/casetti.wpevi.com\/en\/wp-json\/wp\/v2\/media\/14244"}],"wp:attachment":[{"href":"https:\/\/casetti.wpevi.com\/en\/wp-json\/wp\/v2\/media?parent=14240"}],"wp:term":[{"taxonomy":"product_brand","embeddable":true,"href":"https:\/\/casetti.wpevi.com\/en\/wp-json\/wp\/v2\/product_brand?post=14240"},{"taxonomy":"product_cat","embeddable":true,"href":"https:\/\/casetti.wpevi.com\/en\/wp-json\/wp\/v2\/product_cat?post=14240"},{"taxonomy":"product_tag","embeddable":true,"href":"https:\/\/casetti.wpevi.com\/en\/wp-json\/wp\/v2\/product_tag?post=14240"}],"curies":[{"name":"wp","href":"https:\/\/api.w.org\/{rel}","templated":true}]}}