{"id":14235,"date":"2026-03-06T16:16:03","date_gmt":"2026-03-06T13:16:03","guid":{"rendered":"https:\/\/casetti.wpevi.com\/cleasr-glass-soyut-cam-obje-buyuk-boy\/"},"modified":"2026-03-06T17:14:15","modified_gmt":"2026-03-06T14:14:15","slug":"cleasr-glass-soyut-cam-obje-buyuk-boy","status":"publish","type":"product","link":"https:\/\/casetti.wpevi.com\/en\/cleasr-glass-soyut-cam-obje-buyuk-boy\/","title":{"rendered":"Cleasr Glass Soyut Cam Obje B\u00fcy\u00fck Boy"},"content":{"rendered":"<p>\u00dcr\u00fcn \u00d6l\u00e7\u00fcs\u00fc : 16 x 34 cm<\/p>\n<p><strong>Murano tarz\u0131 modern cam dekoratif obje<\/strong>, zarif ve sanatsal tasar\u0131m\u0131yla ya\u015fam alanlar\u0131n\u0131za dikkat \u00e7ekici bir \u015f\u0131kl\u0131k katar. <strong>\u015eeffaf cam i\u00e7inde yer alan alt\u0131n par\u00e7ac\u0131klar ve ak\u0131c\u0131 soyut form<\/strong>, \u0130talyan Murano cam sanat\u0131ndan ilham alan estetik bir g\u00f6r\u00fcn\u00fcm sunar. Heykelsi k\u0131vr\u0131ml\u0131 tasar\u0131m\u0131 sayesinde sehpa, konsol, raf veya vitrin \u00fczerinde <strong>dekoratif merkez obje<\/strong> olarak kullan\u0131labilir.&nbsp;<\/p>","protected":false},"excerpt":{"rendered":"<p>\u00dcr\u00fcn \u00d6l\u00e7\u00fcs\u00fc : 16 x 34 cm Murano tarz\u0131 modern cam dekoratif obje, zarif ve sanatsal tasar\u0131m\u0131yla ya\u015fam alanlar\u0131n\u0131za dikkat \u00e7ekici bir \u015f\u0131kl\u0131k katar. \u015eeffaf cam i\u00e7inde yer alan alt\u0131n par\u00e7ac\u0131klar ve ak\u0131c\u0131 soyut form, \u0130talyan Murano cam sanat\u0131ndan ilham alan estetik bir g\u00f6r\u00fcn\u00fcm sunar. Heykelsi k\u0131vr\u0131ml\u0131 tasar\u0131m\u0131 sayesinde sehpa, konsol, raf veya vitrin \u00fczerinde &hellip; <a href=\"https:\/\/casetti.wpevi.com\/en\/cleasr-glass-soyut-cam-obje-buyuk-boy\/\" class=\"more-link\">Continue reading <span class=\"screen-reader-text\">Cleasr Glass Soyut Cam Obje B\u00fcy\u00fck Boy<\/span><\/a><\/p>","protected":false},"featured_media":14238,"comment_status":"open","ping_status":"closed","template":"","meta":[],"product_brand":[217],"product_cat":[213],"product_tag":[],"class_list":{"0":"post-14235","1":"product","2":"type-product","3":"status-publish","4":"has-post-thumbnail","6":"product_brand-casetti","7":"product_cat-cam-ve-kristal-urunler","10":"instock","11":"taxable","12":"shipping-taxable","13":"purchasable","14":"product-type-simple"},"_links":{"self":[{"href":"https:\/\/casetti.wpevi.com\/en\/wp-json\/wp\/v2\/product\/14235","targetHints":{"allow":["GET"]}}],"collection":[{"href":"https:\/\/casetti.wpevi.com\/en\/wp-json\/wp\/v2\/product"}],"about":[{"href":"https:\/\/casetti.wpevi.com\/en\/wp-json\/wp\/v2\/types\/product"}],"replies":[{"embeddable":true,"href":"https:\/\/casetti.wpevi.com\/en\/wp-json\/wp\/v2\/comments?post=14235"}],"version-history":[{"count":0,"href":"https:\/\/casetti.wpevi.com\/en\/wp-json\/wp\/v2\/product\/14235\/revisions"}],"wp:featuredmedia":[{"embeddable":true,"href":"https:\/\/casetti.wpevi.com\/en\/wp-json\/wp\/v2\/media\/14238"}],"wp:attachment":[{"href":"https:\/\/casetti.wpevi.com\/en\/wp-json\/wp\/v2\/media?parent=14235"}],"wp:term":[{"taxonomy":"product_brand","embeddable":true,"href":"https:\/\/casetti.wpevi.com\/en\/wp-json\/wp\/v2\/product_brand?post=14235"},{"taxonomy":"product_cat","embeddable":true,"href":"https:\/\/casetti.wpevi.com\/en\/wp-json\/wp\/v2\/product_cat?post=14235"},{"taxonomy":"product_tag","embeddable":true,"href":"https:\/\/casetti.wpevi.com\/en\/wp-json\/wp\/v2\/product_tag?post=14235"}],"curies":[{"name":"wp","href":"https:\/\/api.w.org\/{rel}","templated":true}]}}