{"id":14199,"date":"2026-03-06T11:11:04","date_gmt":"2026-03-06T08:11:04","guid":{"rendered":"https:\/\/casetti.wpevi.com\/deer-cam-vazo-buyuk-boy\/"},"modified":"2026-03-06T11:18:33","modified_gmt":"2026-03-06T08:18:33","slug":"deer-cam-vazo-buyuk-boy","status":"publish","type":"product","link":"https:\/\/casetti.wpevi.com\/en\/deer-cam-vazo-buyuk-boy\/","title":{"rendered":"Deer Cam Vazo B\u00fcy\u00fck Boy"},"content":{"rendered":"<p>\u00dcr\u00fcn \u00d6l\u00e7\u00fcs\u00fc : 32 x 18 cm<\/p>\n<p>This <strong>modern geometrik dekoratif vazo<\/strong>, \u00e7arp\u0131c\u0131 tasar\u0131m\u0131yla ya\u015fam alanlar\u0131n\u0131za sanatsal ve \u00e7a\u011fda\u015f bir dokunu\u015f kazand\u0131r\u0131r. <strong>Fasetli siyah g\u00f6vde ve \u00e7eki\u00e7 dokulu alt\u0131n \u00fcst y\u00fczey<\/strong> kombinasyonu sayesinde minimalizm ve modern l\u00fcks esteti\u011fini bir araya getirir. Heykelsi formu sayesinde raf, konsol, sehpa veya giri\u015f alanlar\u0131nda <strong>dekoratif obje ya da vazo<\/strong> olarak kullan\u0131labilir.&nbsp;<\/p>","protected":false},"excerpt":{"rendered":"<p>\u00dcr\u00fcn \u00d6l\u00e7\u00fcs\u00fc : 32 x 18 cm Bu modern geometrik dekoratif vazo, \u00e7arp\u0131c\u0131 tasar\u0131m\u0131yla ya\u015fam alanlar\u0131n\u0131za sanatsal ve \u00e7a\u011fda\u015f bir dokunu\u015f kazand\u0131r\u0131r. Fasetli siyah g\u00f6vde ve \u00e7eki\u00e7 dokulu alt\u0131n \u00fcst y\u00fczey kombinasyonu sayesinde minimalizm ve modern l\u00fcks esteti\u011fini bir araya getirir. Heykelsi formu sayesinde raf, konsol, sehpa veya giri\u015f alanlar\u0131nda dekoratif obje ya da vazo &hellip; <a href=\"https:\/\/casetti.wpevi.com\/en\/deer-cam-vazo-buyuk-boy\/\" class=\"more-link\">Continue reading <span class=\"screen-reader-text\">Deer Cam Vazo B\u00fcy\u00fck Boy<\/span><\/a><\/p>","protected":false},"featured_media":14212,"comment_status":"open","ping_status":"closed","template":"","meta":[],"product_brand":[],"product_cat":[15],"product_tag":[],"class_list":{"0":"post-14199","1":"product","2":"type-product","3":"status-publish","4":"has-post-thumbnail","6":"product_cat-uncategorized","9":"instock","10":"taxable","11":"shipping-taxable","12":"purchasable","13":"product-type-simple"},"_links":{"self":[{"href":"https:\/\/casetti.wpevi.com\/en\/wp-json\/wp\/v2\/product\/14199","targetHints":{"allow":["GET"]}}],"collection":[{"href":"https:\/\/casetti.wpevi.com\/en\/wp-json\/wp\/v2\/product"}],"about":[{"href":"https:\/\/casetti.wpevi.com\/en\/wp-json\/wp\/v2\/types\/product"}],"replies":[{"embeddable":true,"href":"https:\/\/casetti.wpevi.com\/en\/wp-json\/wp\/v2\/comments?post=14199"}],"version-history":[{"count":0,"href":"https:\/\/casetti.wpevi.com\/en\/wp-json\/wp\/v2\/product\/14199\/revisions"}],"wp:featuredmedia":[{"embeddable":true,"href":"https:\/\/casetti.wpevi.com\/en\/wp-json\/wp\/v2\/media\/14212"}],"wp:attachment":[{"href":"https:\/\/casetti.wpevi.com\/en\/wp-json\/wp\/v2\/media?parent=14199"}],"wp:term":[{"taxonomy":"product_brand","embeddable":true,"href":"https:\/\/casetti.wpevi.com\/en\/wp-json\/wp\/v2\/product_brand?post=14199"},{"taxonomy":"product_cat","embeddable":true,"href":"https:\/\/casetti.wpevi.com\/en\/wp-json\/wp\/v2\/product_cat?post=14199"},{"taxonomy":"product_tag","embeddable":true,"href":"https:\/\/casetti.wpevi.com\/en\/wp-json\/wp\/v2\/product_tag?post=14199"}],"curies":[{"name":"wp","href":"https:\/\/api.w.org\/{rel}","templated":true}]}}