{"id":14172,"date":"2026-03-05T15:44:02","date_gmt":"2026-03-05T12:44:02","guid":{"rendered":"https:\/\/casetti.wpevi.com\/?post_type=product&#038;p=14172"},"modified":"2026-03-09T12:27:09","modified_gmt":"2026-03-09T09:27:09","slug":"elegante-pirinc-camli-mumluk-kucuk-boy","status":"publish","type":"product","link":"https:\/\/casetti.wpevi.com\/en\/elegante-pirinc-camli-mumluk-kucuk-boy\/","title":{"rendered":"Elegante Pirin\u00e7 Caml\u0131 Mumluk K\u00fc\u00e7\u00fck Boy"},"content":{"rendered":"","protected":false},"excerpt":{"rendered":"","protected":false},"featured_media":14649,"comment_status":"open","ping_status":"closed","template":"","meta":[],"product_brand":[228],"product_cat":[182],"product_tag":[],"class_list":{"0":"post-14172","1":"product","2":"type-product","3":"status-publish","4":"has-post-thumbnail","6":"product_brand-lamedore","7":"product_cat-pirinc-gumus-urunler","10":"instock","11":"taxable","12":"shipping-taxable","13":"purchasable","14":"product-type-simple"},"_links":{"self":[{"href":"https:\/\/casetti.wpevi.com\/en\/wp-json\/wp\/v2\/product\/14172","targetHints":{"allow":["GET"]}}],"collection":[{"href":"https:\/\/casetti.wpevi.com\/en\/wp-json\/wp\/v2\/product"}],"about":[{"href":"https:\/\/casetti.wpevi.com\/en\/wp-json\/wp\/v2\/types\/product"}],"replies":[{"embeddable":true,"href":"https:\/\/casetti.wpevi.com\/en\/wp-json\/wp\/v2\/comments?post=14172"}],"version-history":[{"count":1,"href":"https:\/\/casetti.wpevi.com\/en\/wp-json\/wp\/v2\/product\/14172\/revisions"}],"predecessor-version":[{"id":14174,"href":"https:\/\/casetti.wpevi.com\/en\/wp-json\/wp\/v2\/product\/14172\/revisions\/14174"}],"wp:featuredmedia":[{"embeddable":true,"href":"https:\/\/casetti.wpevi.com\/en\/wp-json\/wp\/v2\/media\/14649"}],"wp:attachment":[{"href":"https:\/\/casetti.wpevi.com\/en\/wp-json\/wp\/v2\/media?parent=14172"}],"wp:term":[{"taxonomy":"product_brand","embeddable":true,"href":"https:\/\/casetti.wpevi.com\/en\/wp-json\/wp\/v2\/product_brand?post=14172"},{"taxonomy":"product_cat","embeddable":true,"href":"https:\/\/casetti.wpevi.com\/en\/wp-json\/wp\/v2\/product_cat?post=14172"},{"taxonomy":"product_tag","embeddable":true,"href":"https:\/\/casetti.wpevi.com\/en\/wp-json\/wp\/v2\/product_tag?post=14172"}],"curies":[{"name":"wp","href":"https:\/\/api.w.org\/{rel}","templated":true}]}}