{"id":14167,"date":"2026-03-05T15:41:03","date_gmt":"2026-03-05T12:41:03","guid":{"rendered":"https:\/\/casetti.wpevi.com\/elegante-pirinc-camli-mumluk-buyuk-boy\/"},"modified":"2026-03-09T12:11:18","modified_gmt":"2026-03-09T09:11:18","slug":"elegante-pirinc-camli-mumluk-buyuk-boy","status":"publish","type":"product","link":"https:\/\/casetti.wpevi.com\/en\/elegante-pirinc-camli-mumluk-buyuk-boy\/","title":{"rendered":"Elegante Pirin\u00e7 Caml\u0131 Mumluk B\u00fcy\u00fck Boy"},"content":{"rendered":"<p>\u00dcr\u00fcn \u00d6l\u00e7\u00fcs\u00fc :&nbsp; 19 x 67 cm<\/p>\n<p>This <strong>alt\u0131n detayl\u0131 hurricane cam mumluk ve dekoratif vazo<\/strong>, zarif tasar\u0131m\u0131yla ya\u015fam alanlar\u0131n\u0131za l\u00fcks ve sofistike bir atmosfer kazand\u0131r\u0131r. <strong>Desenli cam hurricane vazo, alt\u0131n metal detaylar ve siyah pedestal taban<\/strong> ile tasarlanan bu dekoratif obje, klasik Avrupa dekorasyonundan ilham alan \u015f\u0131k bir tasar\u0131ma sahiptir. Salon, yemek masas\u0131, konsol veya giri\u015f alan\u0131 i\u00e7in <strong>hem mumluk hem dekoratif vazo<\/strong> olarak kullan\u0131labilir.&nbsp;<\/p>","protected":false},"excerpt":{"rendered":"<p>\u00dcr\u00fcn \u00d6l\u00e7\u00fcs\u00fc :&nbsp; 19 x 67 cm Bu alt\u0131n detayl\u0131 hurricane cam mumluk ve dekoratif vazo, zarif tasar\u0131m\u0131yla ya\u015fam alanlar\u0131n\u0131za l\u00fcks ve sofistike bir atmosfer kazand\u0131r\u0131r. Desenli cam hurricane vazo, alt\u0131n metal detaylar ve siyah pedestal taban ile tasarlanan bu dekoratif obje, klasik Avrupa dekorasyonundan ilham alan \u015f\u0131k bir tasar\u0131ma sahiptir. Salon, yemek masas\u0131, konsol &hellip; <a href=\"https:\/\/casetti.wpevi.com\/en\/elegante-pirinc-camli-mumluk-buyuk-boy\/\" class=\"more-link\">Continue reading <span class=\"screen-reader-text\">Elegante Pirin\u00e7 Caml\u0131 Mumluk B\u00fcy\u00fck Boy<\/span><\/a><\/p>","protected":false},"featured_media":14643,"comment_status":"open","ping_status":"closed","template":"","meta":[],"product_brand":[228],"product_cat":[182],"product_tag":[],"class_list":{"0":"post-14167","1":"product","2":"type-product","3":"status-publish","4":"has-post-thumbnail","6":"product_brand-lamedore","7":"product_cat-pirinc-gumus-urunler","10":"instock","11":"taxable","12":"shipping-taxable","13":"purchasable","14":"product-type-simple"},"_links":{"self":[{"href":"https:\/\/casetti.wpevi.com\/en\/wp-json\/wp\/v2\/product\/14167","targetHints":{"allow":["GET"]}}],"collection":[{"href":"https:\/\/casetti.wpevi.com\/en\/wp-json\/wp\/v2\/product"}],"about":[{"href":"https:\/\/casetti.wpevi.com\/en\/wp-json\/wp\/v2\/types\/product"}],"replies":[{"embeddable":true,"href":"https:\/\/casetti.wpevi.com\/en\/wp-json\/wp\/v2\/comments?post=14167"}],"version-history":[{"count":0,"href":"https:\/\/casetti.wpevi.com\/en\/wp-json\/wp\/v2\/product\/14167\/revisions"}],"wp:featuredmedia":[{"embeddable":true,"href":"https:\/\/casetti.wpevi.com\/en\/wp-json\/wp\/v2\/media\/14643"}],"wp:attachment":[{"href":"https:\/\/casetti.wpevi.com\/en\/wp-json\/wp\/v2\/media?parent=14167"}],"wp:term":[{"taxonomy":"product_brand","embeddable":true,"href":"https:\/\/casetti.wpevi.com\/en\/wp-json\/wp\/v2\/product_brand?post=14167"},{"taxonomy":"product_cat","embeddable":true,"href":"https:\/\/casetti.wpevi.com\/en\/wp-json\/wp\/v2\/product_cat?post=14167"},{"taxonomy":"product_tag","embeddable":true,"href":"https:\/\/casetti.wpevi.com\/en\/wp-json\/wp\/v2\/product_tag?post=14167"}],"curies":[{"name":"wp","href":"https:\/\/api.w.org\/{rel}","templated":true}]}}