{"id":14161,"date":"2026-03-05T15:19:02","date_gmt":"2026-03-05T12:19:02","guid":{"rendered":"https:\/\/casetti.wpevi.com\/5-kollu-pirinc-dokum-samdan\/"},"modified":"2026-03-09T10:23:13","modified_gmt":"2026-03-09T07:23:13","slug":"5-kollu-pirinc-dokum-samdan","status":"publish","type":"product","link":"https:\/\/casetti.wpevi.com\/en\/5-kollu-pirinc-dokum-samdan\/","title":{"rendered":"5-Branch Brass Cast Candlestick"},"content":{"rendered":"<p>\u00dcr\u00fcn \u00d6l\u00e7\u00fcs\u00fc : 29 x 36 cm<\/p>\n<p>This <strong>alt\u0131n renkli vintage \u015famdan (candelabra)<\/strong>, zarif tasar\u0131m\u0131 ve detayl\u0131 i\u015f\u00e7ili\u011fiyle ya\u015fam alanlar\u0131n\u0131za klasik bir l\u00fcks kazand\u0131r\u0131r. <strong>Be\u015f kollu k\u0131vr\u0131ml\u0131 tasar\u0131m, \u00e7i\u00e7ek motifli s\u00fcslemeler ve klasik pedestal taban<\/strong> ile \u00fcretilen bu dekoratif par\u00e7a, <strong>Barok ve Avrupa antika dekorasyon stilinden ilham al\u0131r<\/strong>. Yemek masas\u0131, \u015f\u00f6mine \u00fcst\u00fc, konsol veya etkinlik dekorasyonlar\u0131 i\u00e7in <strong>g\u00f6z al\u0131c\u0131 bir merkez dekoru<\/strong> olu\u015fturur.&nbsp;<\/p>","protected":false},"excerpt":{"rendered":"<p>\u00dcr\u00fcn \u00d6l\u00e7\u00fcs\u00fc : 29 x 36 cm Bu alt\u0131n renkli vintage \u015famdan (candelabra), zarif tasar\u0131m\u0131 ve detayl\u0131 i\u015f\u00e7ili\u011fiyle ya\u015fam alanlar\u0131n\u0131za klasik bir l\u00fcks kazand\u0131r\u0131r. Be\u015f kollu k\u0131vr\u0131ml\u0131 tasar\u0131m, \u00e7i\u00e7ek motifli s\u00fcslemeler ve klasik pedestal taban ile \u00fcretilen bu dekoratif par\u00e7a, Barok ve Avrupa antika dekorasyon stilinden ilham al\u0131r. Yemek masas\u0131, \u015f\u00f6mine \u00fcst\u00fc, konsol veya etkinlik &hellip; <a href=\"https:\/\/casetti.wpevi.com\/en\/5-kollu-pirinc-dokum-samdan\/\" class=\"more-link\">Continue reading <span class=\"screen-reader-text\">5-Branch Brass Cast Candlestick<\/span><\/a><\/p>","protected":false},"featured_media":14606,"comment_status":"open","ping_status":"closed","template":"","meta":[],"product_brand":[228],"product_cat":[182],"product_tag":[],"class_list":{"0":"post-14161","1":"product","2":"type-product","3":"status-publish","4":"has-post-thumbnail","6":"product_brand-lamedore","7":"product_cat-pirinc-gumus-urunler","10":"instock","11":"taxable","12":"shipping-taxable","13":"purchasable","14":"product-type-simple"},"_links":{"self":[{"href":"https:\/\/casetti.wpevi.com\/en\/wp-json\/wp\/v2\/product\/14161","targetHints":{"allow":["GET"]}}],"collection":[{"href":"https:\/\/casetti.wpevi.com\/en\/wp-json\/wp\/v2\/product"}],"about":[{"href":"https:\/\/casetti.wpevi.com\/en\/wp-json\/wp\/v2\/types\/product"}],"replies":[{"embeddable":true,"href":"https:\/\/casetti.wpevi.com\/en\/wp-json\/wp\/v2\/comments?post=14161"}],"version-history":[{"count":2,"href":"https:\/\/casetti.wpevi.com\/en\/wp-json\/wp\/v2\/product\/14161\/revisions"}],"predecessor-version":[{"id":14604,"href":"https:\/\/casetti.wpevi.com\/en\/wp-json\/wp\/v2\/product\/14161\/revisions\/14604"}],"wp:featuredmedia":[{"embeddable":true,"href":"https:\/\/casetti.wpevi.com\/en\/wp-json\/wp\/v2\/media\/14606"}],"wp:attachment":[{"href":"https:\/\/casetti.wpevi.com\/en\/wp-json\/wp\/v2\/media?parent=14161"}],"wp:term":[{"taxonomy":"product_brand","embeddable":true,"href":"https:\/\/casetti.wpevi.com\/en\/wp-json\/wp\/v2\/product_brand?post=14161"},{"taxonomy":"product_cat","embeddable":true,"href":"https:\/\/casetti.wpevi.com\/en\/wp-json\/wp\/v2\/product_cat?post=14161"},{"taxonomy":"product_tag","embeddable":true,"href":"https:\/\/casetti.wpevi.com\/en\/wp-json\/wp\/v2\/product_tag?post=14161"}],"curies":[{"name":"wp","href":"https:\/\/api.w.org\/{rel}","templated":true}]}}