{"id":14100,"date":"2026-03-05T14:35:03","date_gmt":"2026-03-05T11:35:03","guid":{"rendered":"https:\/\/casetti.wpevi.com\/halatli-dikdortgen-tepsi\/"},"modified":"2026-03-05T14:50:07","modified_gmt":"2026-03-05T11:50:07","slug":"halatli-dikdortgen-tepsi","status":"publish","type":"product","link":"https:\/\/casetti.wpevi.com\/en\/halatli-dikdortgen-tepsi\/","title":{"rendered":"Halatl\u0131 Dikd\u00f6rtgen Tepsi"},"content":{"rendered":"<p>\u00dcr\u00fcn \u00f6l\u00e7\u00fcleri : 35 x 47 cm<\/p>\n<p>This <strong>l\u00fcks dikd\u00f6rtgen aynal\u0131 servis tepsisi<\/strong>, zarif g\u00fcm\u00fc\u015f halat detayl\u0131 \u00e7er\u00e7evesi ve \u015f\u0131k tasar\u0131m\u0131yla ya\u015fam alanlar\u0131n\u0131za sofistike bir dokunu\u015f katar. Aynal\u0131 taban\u0131, dekoratif metal \u00e7er\u00e7evesi ve yan kulplar\u0131 sayesinde hem fonksiyonel hem de estetik bir kullan\u0131m sunar. Kahve servisi, i\u00e7ecek sunumu, mum ve dekoratif objelerin sergilenmesi i\u00e7in <strong>sehpa, puf, yemek masas\u0131 veya makyaj masas\u0131nda \u015f\u0131k bir dekoratif aksesuar<\/strong> olarak kullan\u0131labilir.&nbsp;<\/p>","protected":false},"excerpt":{"rendered":"<p>\u00dcr\u00fcn \u00f6l\u00e7\u00fcleri : 35 x 47 cm Bu l\u00fcks dikd\u00f6rtgen aynal\u0131 servis tepsisi, zarif g\u00fcm\u00fc\u015f halat detayl\u0131 \u00e7er\u00e7evesi ve \u015f\u0131k tasar\u0131m\u0131yla ya\u015fam alanlar\u0131n\u0131za sofistike bir dokunu\u015f katar. Aynal\u0131 taban\u0131, dekoratif metal \u00e7er\u00e7evesi ve yan kulplar\u0131 sayesinde hem fonksiyonel hem de estetik bir kullan\u0131m sunar. Kahve servisi, i\u00e7ecek sunumu, mum ve dekoratif objelerin sergilenmesi i\u00e7in sehpa, &hellip; <a href=\"https:\/\/casetti.wpevi.com\/en\/halatli-dikdortgen-tepsi\/\" class=\"more-link\">Continue reading <span class=\"screen-reader-text\">Halatl\u0131 Dikd\u00f6rtgen Tepsi<\/span><\/a><\/p>","protected":false},"featured_media":14148,"comment_status":"open","ping_status":"closed","template":"","meta":[],"product_brand":[228],"product_cat":[182],"product_tag":[],"class_list":{"0":"post-14100","1":"product","2":"type-product","3":"status-publish","4":"has-post-thumbnail","6":"product_brand-lamedore","7":"product_cat-pirinc-gumus-urunler","10":"instock","11":"taxable","12":"shipping-taxable","13":"purchasable","14":"product-type-simple"},"_links":{"self":[{"href":"https:\/\/casetti.wpevi.com\/en\/wp-json\/wp\/v2\/product\/14100","targetHints":{"allow":["GET"]}}],"collection":[{"href":"https:\/\/casetti.wpevi.com\/en\/wp-json\/wp\/v2\/product"}],"about":[{"href":"https:\/\/casetti.wpevi.com\/en\/wp-json\/wp\/v2\/types\/product"}],"replies":[{"embeddable":true,"href":"https:\/\/casetti.wpevi.com\/en\/wp-json\/wp\/v2\/comments?post=14100"}],"version-history":[{"count":0,"href":"https:\/\/casetti.wpevi.com\/en\/wp-json\/wp\/v2\/product\/14100\/revisions"}],"wp:featuredmedia":[{"embeddable":true,"href":"https:\/\/casetti.wpevi.com\/en\/wp-json\/wp\/v2\/media\/14148"}],"wp:attachment":[{"href":"https:\/\/casetti.wpevi.com\/en\/wp-json\/wp\/v2\/media?parent=14100"}],"wp:term":[{"taxonomy":"product_brand","embeddable":true,"href":"https:\/\/casetti.wpevi.com\/en\/wp-json\/wp\/v2\/product_brand?post=14100"},{"taxonomy":"product_cat","embeddable":true,"href":"https:\/\/casetti.wpevi.com\/en\/wp-json\/wp\/v2\/product_cat?post=14100"},{"taxonomy":"product_tag","embeddable":true,"href":"https:\/\/casetti.wpevi.com\/en\/wp-json\/wp\/v2\/product_tag?post=14100"}],"curies":[{"name":"wp","href":"https:\/\/api.w.org\/{rel}","templated":true}]}}