{"id":14091,"date":"2026-03-05T13:21:03","date_gmt":"2026-03-05T10:21:03","guid":{"rendered":"https:\/\/casetti.wpevi.com\/?post_type=product&#038;p=14091"},"modified":"2026-03-05T14:43:06","modified_gmt":"2026-03-05T11:43:06","slug":"dear-head-decor-set","status":"publish","type":"product","link":"https:\/\/casetti.wpevi.com\/en\/dear-head-decor-set\/","title":{"rendered":"Dear Head Decor Set"},"content":{"rendered":"<p>\u00dcr\u00fcn \u00d6l\u00e7\u00fcleri : 19 x 25 x 52 cm<\/p>\n<p>This <strong>ko\u00e7 ba\u015f\u0131 tasar\u0131ml\u0131 dekoratif kitap tutucu seti<\/strong>, g\u00fc\u00e7l\u00fc ve dikkat \u00e7ekici tasar\u0131m\u0131yla ya\u015fam alanlar\u0131n\u0131za modern bir \u015f\u0131kl\u0131k katar. <strong>K\u0131vr\u0131ml\u0131 boynuzlara sahip g\u00fcm\u00fc\u015f ko\u00e7 ba\u015f\u0131 heykelleri ve siyah pedestal taban<\/strong> ile tasarlanan bu \u00fcr\u00fcn, hem fonksiyonel hem de sanatsal bir dekor objesidir. Kitaplar\u0131n\u0131z\u0131 d\u00fczenlerken ayn\u0131 zamanda kitapl\u0131k, ofis masas\u0131 veya raf dekorasyonu i\u00e7in <strong>g\u00f6z al\u0131c\u0131 bir aksesuar<\/strong> sunar.&nbsp;<\/p>","protected":false},"excerpt":{"rendered":"<p>\u00dcr\u00fcn \u00d6l\u00e7\u00fcleri : 19 x 25 x 52 cm Bu ko\u00e7 ba\u015f\u0131 tasar\u0131ml\u0131 dekoratif kitap tutucu seti, g\u00fc\u00e7l\u00fc ve dikkat \u00e7ekici tasar\u0131m\u0131yla ya\u015fam alanlar\u0131n\u0131za modern bir \u015f\u0131kl\u0131k katar. K\u0131vr\u0131ml\u0131 boynuzlara sahip g\u00fcm\u00fc\u015f ko\u00e7 ba\u015f\u0131 heykelleri ve siyah pedestal taban ile tasarlanan bu \u00fcr\u00fcn, hem fonksiyonel hem de sanatsal bir dekor objesidir. Kitaplar\u0131n\u0131z\u0131 d\u00fczenlerken ayn\u0131 zamanda &hellip; <a href=\"https:\/\/casetti.wpevi.com\/en\/dear-head-decor-set\/\" class=\"more-link\">Continue reading <span class=\"screen-reader-text\">Dear Head Decor Set<\/span><\/a><\/p>","protected":false},"featured_media":14117,"comment_status":"open","ping_status":"closed","template":"","meta":[],"product_brand":[228],"product_cat":[182],"product_tag":[],"class_list":{"0":"post-14091","1":"product","2":"type-product","3":"status-publish","4":"has-post-thumbnail","6":"product_brand-lamedore","7":"product_cat-pirinc-gumus-urunler","10":"instock","11":"taxable","12":"shipping-taxable","13":"purchasable","14":"product-type-simple"},"_links":{"self":[{"href":"https:\/\/casetti.wpevi.com\/en\/wp-json\/wp\/v2\/product\/14091","targetHints":{"allow":["GET"]}}],"collection":[{"href":"https:\/\/casetti.wpevi.com\/en\/wp-json\/wp\/v2\/product"}],"about":[{"href":"https:\/\/casetti.wpevi.com\/en\/wp-json\/wp\/v2\/types\/product"}],"replies":[{"embeddable":true,"href":"https:\/\/casetti.wpevi.com\/en\/wp-json\/wp\/v2\/comments?post=14091"}],"version-history":[{"count":1,"href":"https:\/\/casetti.wpevi.com\/en\/wp-json\/wp\/v2\/product\/14091\/revisions"}],"predecessor-version":[{"id":14096,"href":"https:\/\/casetti.wpevi.com\/en\/wp-json\/wp\/v2\/product\/14091\/revisions\/14096"}],"wp:featuredmedia":[{"embeddable":true,"href":"https:\/\/casetti.wpevi.com\/en\/wp-json\/wp\/v2\/media\/14117"}],"wp:attachment":[{"href":"https:\/\/casetti.wpevi.com\/en\/wp-json\/wp\/v2\/media?parent=14091"}],"wp:term":[{"taxonomy":"product_brand","embeddable":true,"href":"https:\/\/casetti.wpevi.com\/en\/wp-json\/wp\/v2\/product_brand?post=14091"},{"taxonomy":"product_cat","embeddable":true,"href":"https:\/\/casetti.wpevi.com\/en\/wp-json\/wp\/v2\/product_cat?post=14091"},{"taxonomy":"product_tag","embeddable":true,"href":"https:\/\/casetti.wpevi.com\/en\/wp-json\/wp\/v2\/product_tag?post=14091"}],"curies":[{"name":"wp","href":"https:\/\/api.w.org\/{rel}","templated":true}]}}