{"id":14073,"date":"2026-03-05T12:21:48","date_gmt":"2026-03-05T09:21:48","guid":{"rendered":"https:\/\/casetti.wpevi.com\/valent-serisi-gumus-renk-mumluk-buyuk-boy\/"},"modified":"2026-03-05T14:44:09","modified_gmt":"2026-03-05T11:44:09","slug":"valent-serisi-gumus-renk-mumluk-buyuk-boy","status":"publish","type":"product","link":"https:\/\/casetti.wpevi.com\/en\/valent-serisi-gumus-renk-mumluk-buyuk-boy\/","title":{"rendered":"Valent Serisi G\u00fcm\u00fc\u015f Renk Mumluk B\u00fcy\u00fck Boy"},"content":{"rendered":"<p>\u00dcr\u00fcn \u00d6l\u00e7\u00fcleri : 15 x 42 cm<\/p>\n<p>This <strong>siyah ve g\u00fcm\u00fc\u015f detayl\u0131 uzun \u015famdan<\/strong>, zarif tasar\u0131m\u0131yla ya\u015fam alanlar\u0131n\u0131za sofistike bir atmosfer kazand\u0131r\u0131r. <strong>Konik siyah g\u00f6vde, parlak g\u00fcm\u00fc\u015f detaylar ve klasik pedestal taban<\/strong> ile tasarlanan bu dekoratif \u015famdan, Avrupa klasik dekorasyonundan ilham alan \u015f\u0131k bir tasar\u0131ma sahiptir. Yemek masas\u0131, konsol, sehpa veya \u015f\u00f6mine \u00fczerinde <strong>zarif bir merkez dekoru<\/strong> olarak kullan\u0131labilir.&nbsp;<\/p>","protected":false},"excerpt":{"rendered":"<p>\u00dcr\u00fcn \u00d6l\u00e7\u00fcleri : 15 x 42 cm Bu siyah ve g\u00fcm\u00fc\u015f detayl\u0131 uzun \u015famdan, zarif tasar\u0131m\u0131yla ya\u015fam alanlar\u0131n\u0131za sofistike bir atmosfer kazand\u0131r\u0131r. Konik siyah g\u00f6vde, parlak g\u00fcm\u00fc\u015f detaylar ve klasik pedestal taban ile tasarlanan bu dekoratif \u015famdan, Avrupa klasik dekorasyonundan ilham alan \u015f\u0131k bir tasar\u0131ma sahiptir. Yemek masas\u0131, konsol, sehpa veya \u015f\u00f6mine \u00fczerinde zarif bir &hellip; <a href=\"https:\/\/casetti.wpevi.com\/en\/valent-serisi-gumus-renk-mumluk-buyuk-boy\/\" class=\"more-link\">Continue reading <span class=\"screen-reader-text\">Valent Serisi G\u00fcm\u00fc\u015f Renk Mumluk B\u00fcy\u00fck Boy<\/span><\/a><\/p>","protected":false},"featured_media":14126,"comment_status":"open","ping_status":"closed","template":"","meta":[],"product_brand":[228],"product_cat":[182],"product_tag":[],"class_list":{"0":"post-14073","1":"product","2":"type-product","3":"status-publish","4":"has-post-thumbnail","6":"product_brand-lamedore","7":"product_cat-pirinc-gumus-urunler","10":"instock","11":"taxable","12":"shipping-taxable","13":"purchasable","14":"product-type-simple"},"_links":{"self":[{"href":"https:\/\/casetti.wpevi.com\/en\/wp-json\/wp\/v2\/product\/14073","targetHints":{"allow":["GET"]}}],"collection":[{"href":"https:\/\/casetti.wpevi.com\/en\/wp-json\/wp\/v2\/product"}],"about":[{"href":"https:\/\/casetti.wpevi.com\/en\/wp-json\/wp\/v2\/types\/product"}],"replies":[{"embeddable":true,"href":"https:\/\/casetti.wpevi.com\/en\/wp-json\/wp\/v2\/comments?post=14073"}],"version-history":[{"count":0,"href":"https:\/\/casetti.wpevi.com\/en\/wp-json\/wp\/v2\/product\/14073\/revisions"}],"wp:featuredmedia":[{"embeddable":true,"href":"https:\/\/casetti.wpevi.com\/en\/wp-json\/wp\/v2\/media\/14126"}],"wp:attachment":[{"href":"https:\/\/casetti.wpevi.com\/en\/wp-json\/wp\/v2\/media?parent=14073"}],"wp:term":[{"taxonomy":"product_brand","embeddable":true,"href":"https:\/\/casetti.wpevi.com\/en\/wp-json\/wp\/v2\/product_brand?post=14073"},{"taxonomy":"product_cat","embeddable":true,"href":"https:\/\/casetti.wpevi.com\/en\/wp-json\/wp\/v2\/product_cat?post=14073"},{"taxonomy":"product_tag","embeddable":true,"href":"https:\/\/casetti.wpevi.com\/en\/wp-json\/wp\/v2\/product_tag?post=14073"}],"curies":[{"name":"wp","href":"https:\/\/api.w.org\/{rel}","templated":true}]}}