{"id":14038,"date":"2026-03-05T12:14:02","date_gmt":"2026-03-05T09:14:02","guid":{"rendered":"https:\/\/casetti.wpevi.com\/paradiso-gumus-samdan-buyuk-boy\/"},"modified":"2026-03-05T14:45:15","modified_gmt":"2026-03-05T11:45:15","slug":"paradiso-gumus-samdan-buyuk-boy","status":"publish","type":"product","link":"https:\/\/casetti.wpevi.com\/en\/paradiso-gumus-samdan-buyuk-boy\/","title":{"rendered":"Paradiso G\u00fcm\u00fc\u015f \u015eamdan B\u00fcy\u00fck Boy"},"content":{"rendered":"<p>\u00dcr\u00fcn \u00d6l\u00e7\u00fcleri : 11.5 x 35 cm<\/p>\n<p>This <strong>l\u00fcks g\u00fcm\u00fc\u015f \u015famdan<\/strong>, zarif tasar\u0131m\u0131 ve detayl\u0131 i\u015f\u00e7ili\u011fiyle ya\u015fam alanlar\u0131n\u0131za sofistike bir atmosfer kazand\u0131r\u0131r. <strong>\u0130nce uzun g\u00fcm\u00fc\u015f g\u00f6vde, p\u00fcsk\u00fcl formunda heykelsi taban ve mermer platform<\/strong> ile tasarlanan bu dekoratif \u015famdan, klasik Avrupa stilini modern l\u00fcks dekorasyonla birle\u015ftirir. Yemek masas\u0131, konsol, sehpa veya \u015f\u00f6mine \u00fczerinde <strong>\u015f\u0131k bir merkez dekoru<\/strong> olarak kullan\u0131labilir.&nbsp;<\/p>","protected":false},"excerpt":{"rendered":"<p>\u00dcr\u00fcn \u00d6l\u00e7\u00fcleri : 11.5 x 35 cm Bu l\u00fcks g\u00fcm\u00fc\u015f \u015famdan, zarif tasar\u0131m\u0131 ve detayl\u0131 i\u015f\u00e7ili\u011fiyle ya\u015fam alanlar\u0131n\u0131za sofistike bir atmosfer kazand\u0131r\u0131r. \u0130nce uzun g\u00fcm\u00fc\u015f g\u00f6vde, p\u00fcsk\u00fcl formunda heykelsi taban ve mermer platform ile tasarlanan bu dekoratif \u015famdan, klasik Avrupa stilini modern l\u00fcks dekorasyonla birle\u015ftirir. Yemek masas\u0131, konsol, sehpa veya \u015f\u00f6mine \u00fczerinde \u015f\u0131k bir merkez &hellip; <a href=\"https:\/\/casetti.wpevi.com\/en\/paradiso-gumus-samdan-buyuk-boy\/\" class=\"more-link\">Continue reading <span class=\"screen-reader-text\">Paradiso G\u00fcm\u00fc\u015f \u015eamdan B\u00fcy\u00fck Boy<\/span><\/a><\/p>","protected":false},"featured_media":14136,"comment_status":"open","ping_status":"closed","template":"","meta":[],"product_brand":[228],"product_cat":[182],"product_tag":[],"class_list":{"0":"post-14038","1":"product","2":"type-product","3":"status-publish","4":"has-post-thumbnail","6":"product_brand-lamedore","7":"product_cat-pirinc-gumus-urunler","10":"instock","11":"taxable","12":"shipping-taxable","13":"purchasable","14":"product-type-simple"},"_links":{"self":[{"href":"https:\/\/casetti.wpevi.com\/en\/wp-json\/wp\/v2\/product\/14038","targetHints":{"allow":["GET"]}}],"collection":[{"href":"https:\/\/casetti.wpevi.com\/en\/wp-json\/wp\/v2\/product"}],"about":[{"href":"https:\/\/casetti.wpevi.com\/en\/wp-json\/wp\/v2\/types\/product"}],"replies":[{"embeddable":true,"href":"https:\/\/casetti.wpevi.com\/en\/wp-json\/wp\/v2\/comments?post=14038"}],"version-history":[{"count":0,"href":"https:\/\/casetti.wpevi.com\/en\/wp-json\/wp\/v2\/product\/14038\/revisions"}],"wp:featuredmedia":[{"embeddable":true,"href":"https:\/\/casetti.wpevi.com\/en\/wp-json\/wp\/v2\/media\/14136"}],"wp:attachment":[{"href":"https:\/\/casetti.wpevi.com\/en\/wp-json\/wp\/v2\/media?parent=14038"}],"wp:term":[{"taxonomy":"product_brand","embeddable":true,"href":"https:\/\/casetti.wpevi.com\/en\/wp-json\/wp\/v2\/product_brand?post=14038"},{"taxonomy":"product_cat","embeddable":true,"href":"https:\/\/casetti.wpevi.com\/en\/wp-json\/wp\/v2\/product_cat?post=14038"},{"taxonomy":"product_tag","embeddable":true,"href":"https:\/\/casetti.wpevi.com\/en\/wp-json\/wp\/v2\/product_tag?post=14038"}],"curies":[{"name":"wp","href":"https:\/\/api.w.org\/{rel}","templated":true}]}}