{"id":14032,"date":"2026-03-05T12:12:03","date_gmt":"2026-03-05T09:12:03","guid":{"rendered":"https:\/\/casetti.wpevi.com\/paradiso-gumus-canak\/"},"modified":"2026-03-05T14:46:07","modified_gmt":"2026-03-05T11:46:07","slug":"paradiso-gumus-canak","status":"publish","type":"product","link":"https:\/\/casetti.wpevi.com\/en\/paradiso-gumus-canak\/","title":{"rendered":"Paradiso G\u00fcm\u00fc\u015f \u00c7anak"},"content":{"rendered":"<p>\u00dcr\u00fcn \u00d6l\u00e7\u00fcleri : 35.5 x 21.5 cm<\/p>\n<p>This <strong>l\u00fcks pirin\u00e7 ayakl\u0131 dekoratif kase<\/strong>, zarif tasar\u0131m\u0131 ve detayl\u0131 i\u015f\u00e7ili\u011fi ile ya\u015fam alanlar\u0131n\u0131za sofistike bir dokunu\u015f katar. <strong>Desenli kristal cam kase, p\u00fcsk\u00fcl formunda g\u00fcm\u00fc\u015f ayaklar ve halat detayl\u0131 kenar tasar\u0131m\u0131<\/strong> sayesinde klasik Avrupa dekorasyonundan ilham alan \u015f\u0131k bir merkez dekoru olu\u015fturur. Yemek masas\u0131, sehpa veya konsol \u00fczerinde <strong>meyve kasesi, dekoratif obje veya sunum kasesi<\/strong> olarak kullan\u0131labilir.&nbsp;<\/p>","protected":false},"excerpt":{"rendered":"<p>\u00dcr\u00fcn \u00d6l\u00e7\u00fcleri : 35.5 x 21.5 cm Bu l\u00fcks pirin\u00e7 ayakl\u0131 dekoratif kase, zarif tasar\u0131m\u0131 ve detayl\u0131 i\u015f\u00e7ili\u011fi ile ya\u015fam alanlar\u0131n\u0131za sofistike bir dokunu\u015f katar. Desenli kristal cam kase, p\u00fcsk\u00fcl formunda g\u00fcm\u00fc\u015f ayaklar ve halat detayl\u0131 kenar tasar\u0131m\u0131 sayesinde klasik Avrupa dekorasyonundan ilham alan \u015f\u0131k bir merkez dekoru olu\u015fturur. Yemek masas\u0131, sehpa veya konsol \u00fczerinde &hellip; <a href=\"https:\/\/casetti.wpevi.com\/en\/paradiso-gumus-canak\/\" class=\"more-link\">Continue reading <span class=\"screen-reader-text\">Paradiso G\u00fcm\u00fc\u015f \u00c7anak<\/span><\/a><\/p>","protected":false},"featured_media":14139,"comment_status":"open","ping_status":"closed","template":"","meta":[],"product_brand":[228],"product_cat":[182],"product_tag":[],"class_list":{"0":"post-14032","1":"product","2":"type-product","3":"status-publish","4":"has-post-thumbnail","6":"product_brand-lamedore","7":"product_cat-pirinc-gumus-urunler","10":"instock","11":"taxable","12":"shipping-taxable","13":"purchasable","14":"product-type-simple"},"_links":{"self":[{"href":"https:\/\/casetti.wpevi.com\/en\/wp-json\/wp\/v2\/product\/14032","targetHints":{"allow":["GET"]}}],"collection":[{"href":"https:\/\/casetti.wpevi.com\/en\/wp-json\/wp\/v2\/product"}],"about":[{"href":"https:\/\/casetti.wpevi.com\/en\/wp-json\/wp\/v2\/types\/product"}],"replies":[{"embeddable":true,"href":"https:\/\/casetti.wpevi.com\/en\/wp-json\/wp\/v2\/comments?post=14032"}],"version-history":[{"count":0,"href":"https:\/\/casetti.wpevi.com\/en\/wp-json\/wp\/v2\/product\/14032\/revisions"}],"wp:featuredmedia":[{"embeddable":true,"href":"https:\/\/casetti.wpevi.com\/en\/wp-json\/wp\/v2\/media\/14139"}],"wp:attachment":[{"href":"https:\/\/casetti.wpevi.com\/en\/wp-json\/wp\/v2\/media?parent=14032"}],"wp:term":[{"taxonomy":"product_brand","embeddable":true,"href":"https:\/\/casetti.wpevi.com\/en\/wp-json\/wp\/v2\/product_brand?post=14032"},{"taxonomy":"product_cat","embeddable":true,"href":"https:\/\/casetti.wpevi.com\/en\/wp-json\/wp\/v2\/product_cat?post=14032"},{"taxonomy":"product_tag","embeddable":true,"href":"https:\/\/casetti.wpevi.com\/en\/wp-json\/wp\/v2\/product_tag?post=14032"}],"curies":[{"name":"wp","href":"https:\/\/api.w.org\/{rel}","templated":true}]}}