{"id":14024,"date":"2026-03-05T12:09:11","date_gmt":"2026-03-05T09:09:11","guid":{"rendered":"https:\/\/casetti.wpevi.com\/paradiso-gumus-huricane-mumluk\/"},"modified":"2026-03-05T14:48:07","modified_gmt":"2026-03-05T11:48:07","slug":"paradiso-gumus-huricane-mumluk","status":"publish","type":"product","link":"https:\/\/casetti.wpevi.com\/en\/paradiso-gumus-huricane-mumluk\/","title":{"rendered":"Paradiso G\u00fcm\u00fc\u015f Huricane Mumluk"},"content":{"rendered":"<p>\u00dcr\u00fcn \u00d6l\u00e7\u00fcleri : 119 x 19 x 53 cm<\/p>\n<p>This <strong>l\u00fcks hurricane cam mumluk ve dekoratif vazo<\/strong>, zarif tasar\u0131m\u0131yla ya\u015fam alanlar\u0131n\u0131za \u015f\u0131kl\u0131k ve sofistike bir atmosfer kazand\u0131r\u0131r. <strong>Desenli cam hurricane vazo, heykelsi g\u00fcm\u00fc\u015f metal g\u00f6vde ve mermer taban<\/strong> ile tasarlanan bu \u00fcr\u00fcn; klasik i\u015f\u00e7ili\u011fi modern l\u00fcks dekorasyonla birle\u015ftirir. Salon, yemek masas\u0131, konsol veya giri\u015f alan\u0131 i\u00e7in <strong>hem mumluk hem dekoratif vazo<\/strong> olarak kullan\u0131labilecek \u015f\u0131k bir merkez dekorudur.&nbsp;<\/p>","protected":false},"excerpt":{"rendered":"<p>\u00dcr\u00fcn \u00d6l\u00e7\u00fcleri : 119 x 19 x 53 cm Bu l\u00fcks hurricane cam mumluk ve dekoratif vazo, zarif tasar\u0131m\u0131yla ya\u015fam alanlar\u0131n\u0131za \u015f\u0131kl\u0131k ve sofistike bir atmosfer kazand\u0131r\u0131r. Desenli cam hurricane vazo, heykelsi g\u00fcm\u00fc\u015f metal g\u00f6vde ve mermer taban ile tasarlanan bu \u00fcr\u00fcn; klasik i\u015f\u00e7ili\u011fi modern l\u00fcks dekorasyonla birle\u015ftirir. Salon, yemek masas\u0131, konsol veya giri\u015f alan\u0131 &hellip; <a href=\"https:\/\/casetti.wpevi.com\/en\/paradiso-gumus-huricane-mumluk\/\" class=\"more-link\">Continue reading <span class=\"screen-reader-text\">Paradiso G\u00fcm\u00fc\u015f Huricane Mumluk<\/span><\/a><\/p>","protected":false},"featured_media":14141,"comment_status":"open","ping_status":"closed","template":"","meta":[],"product_brand":[228],"product_cat":[182],"product_tag":[],"class_list":{"0":"post-14024","1":"product","2":"type-product","3":"status-publish","4":"has-post-thumbnail","6":"product_brand-lamedore","7":"product_cat-pirinc-gumus-urunler","10":"instock","11":"taxable","12":"shipping-taxable","13":"purchasable","14":"product-type-simple"},"_links":{"self":[{"href":"https:\/\/casetti.wpevi.com\/en\/wp-json\/wp\/v2\/product\/14024","targetHints":{"allow":["GET"]}}],"collection":[{"href":"https:\/\/casetti.wpevi.com\/en\/wp-json\/wp\/v2\/product"}],"about":[{"href":"https:\/\/casetti.wpevi.com\/en\/wp-json\/wp\/v2\/types\/product"}],"replies":[{"embeddable":true,"href":"https:\/\/casetti.wpevi.com\/en\/wp-json\/wp\/v2\/comments?post=14024"}],"version-history":[{"count":1,"href":"https:\/\/casetti.wpevi.com\/en\/wp-json\/wp\/v2\/product\/14024\/revisions"}],"predecessor-version":[{"id":14029,"href":"https:\/\/casetti.wpevi.com\/en\/wp-json\/wp\/v2\/product\/14024\/revisions\/14029"}],"wp:featuredmedia":[{"embeddable":true,"href":"https:\/\/casetti.wpevi.com\/en\/wp-json\/wp\/v2\/media\/14141"}],"wp:attachment":[{"href":"https:\/\/casetti.wpevi.com\/en\/wp-json\/wp\/v2\/media?parent=14024"}],"wp:term":[{"taxonomy":"product_brand","embeddable":true,"href":"https:\/\/casetti.wpevi.com\/en\/wp-json\/wp\/v2\/product_brand?post=14024"},{"taxonomy":"product_cat","embeddable":true,"href":"https:\/\/casetti.wpevi.com\/en\/wp-json\/wp\/v2\/product_cat?post=14024"},{"taxonomy":"product_tag","embeddable":true,"href":"https:\/\/casetti.wpevi.com\/en\/wp-json\/wp\/v2\/product_tag?post=14024"}],"curies":[{"name":"wp","href":"https:\/\/api.w.org\/{rel}","templated":true}]}}