{"id":13968,"date":"2026-03-05T12:05:03","date_gmt":"2026-03-05T09:05:03","guid":{"rendered":"https:\/\/casetti.wpevi.com\/?post_type=product&#038;p=13968"},"modified":"2026-03-13T03:07:21","modified_gmt":"2026-03-13T00:07:21","slug":"louvre-yan-sehpa","status":"publish","type":"product","link":"https:\/\/casetti.wpevi.com\/en\/louvre-yan-sehpa\/","title":{"rendered":"Louvre Yan Sehpa"},"content":{"rendered":"<p>\u00dcr\u00fcn \u00d6l\u00e7\u00fcleri : 30 x 70 cm <\/p>\n<p>This <strong>l\u00fcks aynal\u0131 \u00fcst y\u00fczeye sahip dekoratif pedestal yan sehpa<\/strong>, klasik s\u00fctun tasar\u0131m\u0131 ve zarif detaylar\u0131yla ya\u015fam alanlar\u0131n\u0131za \u015f\u0131kl\u0131k katar. <strong>G\u00fcm\u00fc\u015f metal \u00e7er\u00e7eve, siyah s\u00fctun formunda g\u00f6vde ve detayl\u0131 taban<\/strong> tasar\u0131m\u0131 sayesinde klasik Avrupa stilini modern l\u00fcks dekorasyonla birle\u015ftirir. Mum, \u00e7i\u00e7ek, heykel, vazo veya dekoratif objeleri sergilemek i\u00e7in ideal olan bu sehpa; salon, giri\u015f alan\u0131, yatak odas\u0131 veya etkinlik dekorasyonu i\u00e7in m\u00fckemmel bir tamamlay\u0131c\u0131d\u0131r.&nbsp;<\/p>","protected":false},"excerpt":{"rendered":"<p>\u00dcr\u00fcn \u00d6l\u00e7\u00fcleri : 30 x 70 cm Bu l\u00fcks aynal\u0131 \u00fcst y\u00fczeye sahip dekoratif pedestal yan sehpa, klasik s\u00fctun tasar\u0131m\u0131 ve zarif detaylar\u0131yla ya\u015fam alanlar\u0131n\u0131za \u015f\u0131kl\u0131k katar. G\u00fcm\u00fc\u015f metal \u00e7er\u00e7eve, siyah s\u00fctun formunda g\u00f6vde ve detayl\u0131 taban tasar\u0131m\u0131 sayesinde klasik Avrupa stilini modern l\u00fcks dekorasyonla birle\u015ftirir. Mum, \u00e7i\u00e7ek, heykel, vazo veya dekoratif objeleri sergilemek i\u00e7in &hellip; <a href=\"https:\/\/casetti.wpevi.com\/en\/louvre-yan-sehpa\/\" class=\"more-link\">Continue reading <span class=\"screen-reader-text\">Louvre Yan Sehpa<\/span><\/a><\/p>","protected":false},"featured_media":15954,"comment_status":"open","ping_status":"closed","template":"","meta":[],"product_brand":[228],"product_cat":[182],"product_tag":[],"class_list":{"0":"post-13968","1":"product","2":"type-product","3":"status-publish","4":"has-post-thumbnail","6":"product_brand-lamedore","7":"product_cat-pirinc-gumus-urunler","10":"instock","11":"taxable","12":"shipping-taxable","13":"purchasable","14":"product-type-simple"},"_links":{"self":[{"href":"https:\/\/casetti.wpevi.com\/en\/wp-json\/wp\/v2\/product\/13968","targetHints":{"allow":["GET"]}}],"collection":[{"href":"https:\/\/casetti.wpevi.com\/en\/wp-json\/wp\/v2\/product"}],"about":[{"href":"https:\/\/casetti.wpevi.com\/en\/wp-json\/wp\/v2\/types\/product"}],"replies":[{"embeddable":true,"href":"https:\/\/casetti.wpevi.com\/en\/wp-json\/wp\/v2\/comments?post=13968"}],"version-history":[{"count":1,"href":"https:\/\/casetti.wpevi.com\/en\/wp-json\/wp\/v2\/product\/13968\/revisions"}],"predecessor-version":[{"id":13970,"href":"https:\/\/casetti.wpevi.com\/en\/wp-json\/wp\/v2\/product\/13968\/revisions\/13970"}],"wp:featuredmedia":[{"embeddable":true,"href":"https:\/\/casetti.wpevi.com\/en\/wp-json\/wp\/v2\/media\/15954"}],"wp:attachment":[{"href":"https:\/\/casetti.wpevi.com\/en\/wp-json\/wp\/v2\/media?parent=13968"}],"wp:term":[{"taxonomy":"product_brand","embeddable":true,"href":"https:\/\/casetti.wpevi.com\/en\/wp-json\/wp\/v2\/product_brand?post=13968"},{"taxonomy":"product_cat","embeddable":true,"href":"https:\/\/casetti.wpevi.com\/en\/wp-json\/wp\/v2\/product_cat?post=13968"},{"taxonomy":"product_tag","embeddable":true,"href":"https:\/\/casetti.wpevi.com\/en\/wp-json\/wp\/v2\/product_tag?post=13968"}],"curies":[{"name":"wp","href":"https:\/\/api.w.org\/{rel}","templated":true}]}}