{"id":13961,"date":"2026-03-05T11:58:02","date_gmt":"2026-03-05T08:58:02","guid":{"rendered":"https:\/\/casetti.wpevi.com\/?post_type=product&#038;p=13961"},"modified":"2026-03-05T14:51:09","modified_gmt":"2026-03-05T11:51:09","slug":"fil-desenli-gumus-renk-dekoratif","status":"publish","type":"product","link":"https:\/\/casetti.wpevi.com\/en\/fil-desenli-gumus-renk-dekoratif\/","title":{"rendered":"Fil Desenli G\u00fcm\u00fc\u015f Renk Dekoratif"},"content":{"rendered":"<p>\u00dcr\u00fcn \u00d6l\u00e7\u00fcleri : 24 x 30 x 61 cm<\/p>\n<p>This <strong>fil fig\u00fcrl\u00fc dekoratif cam vazo ve mumluk<\/strong>, egzotik tasar\u0131m\u0131 ve l\u00fcks detaylar\u0131yla ya\u015fam alanlar\u0131n\u0131za dikkat \u00e7ekici bir \u015f\u0131kl\u0131k kazand\u0131r\u0131r. <strong>G\u00fcm\u00fc\u015f fil heykelli taban, kristal kesim cam vazo ve mermer platform<\/strong> birle\u015fimiyle tasarlanan bu dekoratif obje, klasik i\u015f\u00e7ilik ile d\u00fcnya k\u00fclt\u00fcrlerinden ilham alan dekorasyonu bir araya getirir. Salon, yemek masas\u0131, konsol veya giri\u015f alan\u0131 i\u00e7in <strong>hem mumluk hem dekoratif vazo<\/strong> olarak kullan\u0131labilir.&nbsp;<\/p>","protected":false},"excerpt":{"rendered":"<p>\u00dcr\u00fcn \u00d6l\u00e7\u00fcleri : 24 x 30 x 61 cm Bu fil fig\u00fcrl\u00fc dekoratif cam vazo ve mumluk, egzotik tasar\u0131m\u0131 ve l\u00fcks detaylar\u0131yla ya\u015fam alanlar\u0131n\u0131za dikkat \u00e7ekici bir \u015f\u0131kl\u0131k kazand\u0131r\u0131r. G\u00fcm\u00fc\u015f fil heykelli taban, kristal kesim cam vazo ve mermer platform birle\u015fimiyle tasarlanan bu dekoratif obje, klasik i\u015f\u00e7ilik ile d\u00fcnya k\u00fclt\u00fcrlerinden ilham alan dekorasyonu bir araya &hellip; <a href=\"https:\/\/casetti.wpevi.com\/en\/fil-desenli-gumus-renk-dekoratif\/\" class=\"more-link\">Continue reading <span class=\"screen-reader-text\">Fil Desenli G\u00fcm\u00fc\u015f Renk Dekoratif<\/span><\/a><\/p>","protected":false},"featured_media":14151,"comment_status":"open","ping_status":"closed","template":"","meta":[],"product_brand":[],"product_cat":[15],"product_tag":[],"class_list":{"0":"post-13961","1":"product","2":"type-product","3":"status-publish","4":"has-post-thumbnail","6":"product_cat-uncategorized","9":"instock","10":"taxable","11":"shipping-taxable","12":"purchasable","13":"product-type-simple"},"_links":{"self":[{"href":"https:\/\/casetti.wpevi.com\/en\/wp-json\/wp\/v2\/product\/13961","targetHints":{"allow":["GET"]}}],"collection":[{"href":"https:\/\/casetti.wpevi.com\/en\/wp-json\/wp\/v2\/product"}],"about":[{"href":"https:\/\/casetti.wpevi.com\/en\/wp-json\/wp\/v2\/types\/product"}],"replies":[{"embeddable":true,"href":"https:\/\/casetti.wpevi.com\/en\/wp-json\/wp\/v2\/comments?post=13961"}],"version-history":[{"count":1,"href":"https:\/\/casetti.wpevi.com\/en\/wp-json\/wp\/v2\/product\/13961\/revisions"}],"predecessor-version":[{"id":13963,"href":"https:\/\/casetti.wpevi.com\/en\/wp-json\/wp\/v2\/product\/13961\/revisions\/13963"}],"wp:featuredmedia":[{"embeddable":true,"href":"https:\/\/casetti.wpevi.com\/en\/wp-json\/wp\/v2\/media\/14151"}],"wp:attachment":[{"href":"https:\/\/casetti.wpevi.com\/en\/wp-json\/wp\/v2\/media?parent=13961"}],"wp:term":[{"taxonomy":"product_brand","embeddable":true,"href":"https:\/\/casetti.wpevi.com\/en\/wp-json\/wp\/v2\/product_brand?post=13961"},{"taxonomy":"product_cat","embeddable":true,"href":"https:\/\/casetti.wpevi.com\/en\/wp-json\/wp\/v2\/product_cat?post=13961"},{"taxonomy":"product_tag","embeddable":true,"href":"https:\/\/casetti.wpevi.com\/en\/wp-json\/wp\/v2\/product_tag?post=13961"}],"curies":[{"name":"wp","href":"https:\/\/api.w.org\/{rel}","templated":true}]}}