{"id":13949,"date":"2026-03-05T11:46:05","date_gmt":"2026-03-05T08:46:05","guid":{"rendered":"https:\/\/casetti.wpevi.com\/halatli-yuvarlak-jardinyer\/"},"modified":"2026-03-05T14:52:07","modified_gmt":"2026-03-05T11:52:07","slug":"halatli-yuvarlak-jardinyer","status":"publish","type":"product","link":"https:\/\/casetti.wpevi.com\/en\/halatli-yuvarlak-jardinyer\/","title":{"rendered":"Halatl\u0131 Yuvarlak Jardinyer"},"content":{"rendered":"<p>\u00dcr\u00fcn \u00d6l\u00e7\u00fcleri : 56 x 10 x 38 cm<\/p>\n<p>This <strong>l\u00fcks g\u00fcm\u00fc\u015f yuvarlak servis tepsisi<\/strong>, zarif tasar\u0131m\u0131 ve dekoratif detaylar\u0131yla ya\u015fam alanlar\u0131n\u0131za \u015f\u0131kl\u0131k katar. <strong>Klasik Avrupa ve Osmanl\u0131 stilinden ilham alan<\/strong> bu tepsi, parlak g\u00fcm\u00fc\u015f \u00e7er\u00e7evesi ve halka formundaki dekoratif kenar tasar\u0131m\u0131yla hem fonksiyonel hem de estetik bir kullan\u0131m sunar. Kahve servisi, i\u00e7ecek sunumu, mum veya dekoratif objeler i\u00e7in <strong>sehpa, yemek masas\u0131 veya konsol \u00fczerinde \u015f\u0131k bir dekoratif aksesuar<\/strong> olarak kullan\u0131labilir.&nbsp;<\/p>","protected":false},"excerpt":{"rendered":"<p>\u00dcr\u00fcn \u00d6l\u00e7\u00fcleri : 56 x 10 x 38 cm Bu l\u00fcks g\u00fcm\u00fc\u015f yuvarlak servis tepsisi, zarif tasar\u0131m\u0131 ve dekoratif detaylar\u0131yla ya\u015fam alanlar\u0131n\u0131za \u015f\u0131kl\u0131k katar. Klasik Avrupa ve Osmanl\u0131 stilinden ilham alan bu tepsi, parlak g\u00fcm\u00fc\u015f \u00e7er\u00e7evesi ve halka formundaki dekoratif kenar tasar\u0131m\u0131yla hem fonksiyonel hem de estetik bir kullan\u0131m sunar. Kahve servisi, i\u00e7ecek sunumu, mum &hellip; <a href=\"https:\/\/casetti.wpevi.com\/en\/halatli-yuvarlak-jardinyer\/\" class=\"more-link\">Continue reading <span class=\"screen-reader-text\">Halatl\u0131 Yuvarlak Jardinyer<\/span><\/a><\/p>","protected":false},"featured_media":14153,"comment_status":"open","ping_status":"closed","template":"","meta":[],"product_brand":[],"product_cat":[182],"product_tag":[],"class_list":{"0":"post-13949","1":"product","2":"type-product","3":"status-publish","4":"has-post-thumbnail","6":"product_cat-pirinc-gumus-urunler","9":"instock","10":"taxable","11":"shipping-taxable","12":"purchasable","13":"product-type-simple"},"_links":{"self":[{"href":"https:\/\/casetti.wpevi.com\/en\/wp-json\/wp\/v2\/product\/13949","targetHints":{"allow":["GET"]}}],"collection":[{"href":"https:\/\/casetti.wpevi.com\/en\/wp-json\/wp\/v2\/product"}],"about":[{"href":"https:\/\/casetti.wpevi.com\/en\/wp-json\/wp\/v2\/types\/product"}],"replies":[{"embeddable":true,"href":"https:\/\/casetti.wpevi.com\/en\/wp-json\/wp\/v2\/comments?post=13949"}],"version-history":[{"count":0,"href":"https:\/\/casetti.wpevi.com\/en\/wp-json\/wp\/v2\/product\/13949\/revisions"}],"wp:featuredmedia":[{"embeddable":true,"href":"https:\/\/casetti.wpevi.com\/en\/wp-json\/wp\/v2\/media\/14153"}],"wp:attachment":[{"href":"https:\/\/casetti.wpevi.com\/en\/wp-json\/wp\/v2\/media?parent=13949"}],"wp:term":[{"taxonomy":"product_brand","embeddable":true,"href":"https:\/\/casetti.wpevi.com\/en\/wp-json\/wp\/v2\/product_brand?post=13949"},{"taxonomy":"product_cat","embeddable":true,"href":"https:\/\/casetti.wpevi.com\/en\/wp-json\/wp\/v2\/product_cat?post=13949"},{"taxonomy":"product_tag","embeddable":true,"href":"https:\/\/casetti.wpevi.com\/en\/wp-json\/wp\/v2\/product_tag?post=13949"}],"curies":[{"name":"wp","href":"https:\/\/api.w.org\/{rel}","templated":true}]}}