{"id":13938,"date":"2026-03-05T10:56:05","date_gmt":"2026-03-05T07:56:05","guid":{"rendered":"https:\/\/casetti.wpevi.com\/mermer-tabanli-gumus-renk-dekoratif-3lu\/"},"modified":"2026-03-05T14:53:07","modified_gmt":"2026-03-05T11:53:07","slug":"mermer-tabanli-gumus-renk-dekoratif-3lu","status":"publish","type":"product","link":"https:\/\/casetti.wpevi.com\/en\/mermer-tabanli-gumus-renk-dekoratif-3lu\/","title":{"rendered":"Mermer Tabanl\u0131 G\u00fcm\u00fc\u015f Renk Dekoratif 3L\u00fc"},"content":{"rendered":"<p>Product Dimensions <br \/>B\u00fcy\u00fck Boy : 11.5 x 19 cm<br \/>Orta Boy : 9 x 18 cm<br \/>K\u00fc\u00e7\u00fck Boy : 5 x 15 cm<\/p>\n<p>&nbsp;This <strong>l\u00fcks kristal k\u00fcre dekoratif obje seti<\/strong>, dokulu cam k\u00fcreleri, zarif g\u00fcm\u00fc\u015f ayaklar\u0131 ve siyah mermer taban\u0131 ile ya\u015fam alanlar\u0131n\u0131za sofistike bir dokunu\u015f katar. <strong>Modern glam ve Avrupa klasik dekorasyonundan ilham alan<\/strong> bu \u00fc\u00e7l\u00fc set, \u0131\u015f\u0131\u011f\u0131 zarif \u015fekilde yans\u0131tarak bulundu\u011fu ortama \u015f\u0131kl\u0131k ve prestij kazand\u0131r\u0131r. Sehpa, konsol, yemek masas\u0131 veya giri\u015f alan\u0131 i\u00e7in ideal bir <strong>dekoratif merkez par\u00e7as\u0131d\u0131r<\/strong>.&nbsp;<\/p>","protected":false},"excerpt":{"rendered":"<p>\u00dcr\u00fcn \u00d6l\u00e7\u00fcleri B\u00fcy\u00fck Boy : 11.5 x 19 cmOrta Boy : 9 x 18 cmK\u00fc\u00e7\u00fck Boy : 5 x 15 cm &nbsp;Bu l\u00fcks kristal k\u00fcre dekoratif obje seti, dokulu cam k\u00fcreleri, zarif g\u00fcm\u00fc\u015f ayaklar\u0131 ve siyah mermer taban\u0131 ile ya\u015fam alanlar\u0131n\u0131za sofistike bir dokunu\u015f katar. Modern glam ve Avrupa klasik dekorasyonundan ilham alan bu \u00fc\u00e7l\u00fc &hellip; <a href=\"https:\/\/casetti.wpevi.com\/en\/mermer-tabanli-gumus-renk-dekoratif-3lu\/\" class=\"more-link\">Continue reading <span class=\"screen-reader-text\">Mermer Tabanl\u0131 G\u00fcm\u00fc\u015f Renk Dekoratif 3L\u00fc<\/span><\/a><\/p>","protected":false},"featured_media":14156,"comment_status":"open","ping_status":"closed","template":"","meta":[],"product_brand":[228],"product_cat":[182],"product_tag":[],"class_list":{"0":"post-13938","1":"product","2":"type-product","3":"status-publish","4":"has-post-thumbnail","6":"product_brand-lamedore","7":"product_cat-pirinc-gumus-urunler","10":"instock","11":"taxable","12":"shipping-taxable","13":"purchasable","14":"product-type-simple"},"_links":{"self":[{"href":"https:\/\/casetti.wpevi.com\/en\/wp-json\/wp\/v2\/product\/13938","targetHints":{"allow":["GET"]}}],"collection":[{"href":"https:\/\/casetti.wpevi.com\/en\/wp-json\/wp\/v2\/product"}],"about":[{"href":"https:\/\/casetti.wpevi.com\/en\/wp-json\/wp\/v2\/types\/product"}],"replies":[{"embeddable":true,"href":"https:\/\/casetti.wpevi.com\/en\/wp-json\/wp\/v2\/comments?post=13938"}],"version-history":[{"count":0,"href":"https:\/\/casetti.wpevi.com\/en\/wp-json\/wp\/v2\/product\/13938\/revisions"}],"wp:featuredmedia":[{"embeddable":true,"href":"https:\/\/casetti.wpevi.com\/en\/wp-json\/wp\/v2\/media\/14156"}],"wp:attachment":[{"href":"https:\/\/casetti.wpevi.com\/en\/wp-json\/wp\/v2\/media?parent=13938"}],"wp:term":[{"taxonomy":"product_brand","embeddable":true,"href":"https:\/\/casetti.wpevi.com\/en\/wp-json\/wp\/v2\/product_brand?post=13938"},{"taxonomy":"product_cat","embeddable":true,"href":"https:\/\/casetti.wpevi.com\/en\/wp-json\/wp\/v2\/product_cat?post=13938"},{"taxonomy":"product_tag","embeddable":true,"href":"https:\/\/casetti.wpevi.com\/en\/wp-json\/wp\/v2\/product_tag?post=13938"}],"curies":[{"name":"wp","href":"https:\/\/api.w.org\/{rel}","templated":true}]}}