{"id":13933,"date":"2026-03-05T10:52:02","date_gmt":"2026-03-05T07:52:02","guid":{"rendered":"https:\/\/casetti.wpevi.com\/palmiye-gumus-renk-3lu-samdan\/"},"modified":"2026-03-05T10:53:08","modified_gmt":"2026-03-05T07:53:08","slug":"palmiye-gumus-renk-3lu-samdan","status":"publish","type":"product","link":"https:\/\/casetti.wpevi.com\/en\/palmiye-gumus-renk-3lu-samdan\/","title":{"rendered":"Palmiye G\u00fcm\u00fc\u015f Renk 3L\u00fc \u015eamdan"},"content":{"rendered":"<p>\u00dcr\u00fcn \u00d6l\u00e7\u00fcleri : 19 cm x 25 cm x 34 cm<\/p>\n<p>&nbsp;This <strong>g\u00fcm\u00fc\u015f palm a\u011fac\u0131 tasar\u0131ml\u0131 \u015famdan<\/strong>, tropikal esintileri l\u00fcks dekorasyonla birle\u015ftirerek ya\u015fam alanlar\u0131n\u0131za zarif bir dokunu\u015f kazand\u0131r\u0131r. \u00dc\u00e7 kollu palm a\u011fac\u0131 formundaki tasar\u0131m\u0131, parlak g\u00fcm\u00fc\u015f kaplamas\u0131 ve sa\u011flam mermer taban\u0131 ile hem dekoratif hem de fonksiyonel bir masa aksesuar\u0131d\u0131r. Yemek masas\u0131, konsol, \u015f\u00f6mine \u00fcst\u00fc veya sehpa \u00fczerinde \u015f\u0131k bir <strong>dekoratif merkez par\u00e7as\u0131<\/strong> olarak kullan\u0131labilir.&nbsp;<\/p>","protected":false},"excerpt":{"rendered":"<p>\u00dcr\u00fcn \u00d6l\u00e7\u00fcleri : 19 cm x 25 cm x 34 cm &nbsp;Bu g\u00fcm\u00fc\u015f palm a\u011fac\u0131 tasar\u0131ml\u0131 \u015famdan, tropikal esintileri l\u00fcks dekorasyonla birle\u015ftirerek ya\u015fam alanlar\u0131n\u0131za zarif bir dokunu\u015f kazand\u0131r\u0131r. \u00dc\u00e7 kollu palm a\u011fac\u0131 formundaki tasar\u0131m\u0131, parlak g\u00fcm\u00fc\u015f kaplamas\u0131 ve sa\u011flam mermer taban\u0131 ile hem dekoratif hem de fonksiyonel bir masa aksesuar\u0131d\u0131r. Yemek masas\u0131, konsol, \u015f\u00f6mine \u00fcst\u00fc &hellip; <a href=\"https:\/\/casetti.wpevi.com\/en\/palmiye-gumus-renk-3lu-samdan\/\" class=\"more-link\">Continue reading <span class=\"screen-reader-text\">Palmiye G\u00fcm\u00fc\u015f Renk 3L\u00fc \u015eamdan<\/span><\/a><\/p>","protected":false},"featured_media":13936,"comment_status":"open","ping_status":"closed","template":"","meta":[],"product_brand":[228],"product_cat":[182],"product_tag":[],"class_list":{"0":"post-13933","1":"product","2":"type-product","3":"status-publish","4":"has-post-thumbnail","6":"product_brand-lamedore","7":"product_cat-pirinc-gumus-urunler","10":"instock","11":"taxable","12":"shipping-taxable","13":"purchasable","14":"product-type-simple"},"_links":{"self":[{"href":"https:\/\/casetti.wpevi.com\/en\/wp-json\/wp\/v2\/product\/13933","targetHints":{"allow":["GET"]}}],"collection":[{"href":"https:\/\/casetti.wpevi.com\/en\/wp-json\/wp\/v2\/product"}],"about":[{"href":"https:\/\/casetti.wpevi.com\/en\/wp-json\/wp\/v2\/types\/product"}],"replies":[{"embeddable":true,"href":"https:\/\/casetti.wpevi.com\/en\/wp-json\/wp\/v2\/comments?post=13933"}],"version-history":[{"count":0,"href":"https:\/\/casetti.wpevi.com\/en\/wp-json\/wp\/v2\/product\/13933\/revisions"}],"wp:featuredmedia":[{"embeddable":true,"href":"https:\/\/casetti.wpevi.com\/en\/wp-json\/wp\/v2\/media\/13936"}],"wp:attachment":[{"href":"https:\/\/casetti.wpevi.com\/en\/wp-json\/wp\/v2\/media?parent=13933"}],"wp:term":[{"taxonomy":"product_brand","embeddable":true,"href":"https:\/\/casetti.wpevi.com\/en\/wp-json\/wp\/v2\/product_brand?post=13933"},{"taxonomy":"product_cat","embeddable":true,"href":"https:\/\/casetti.wpevi.com\/en\/wp-json\/wp\/v2\/product_cat?post=13933"},{"taxonomy":"product_tag","embeddable":true,"href":"https:\/\/casetti.wpevi.com\/en\/wp-json\/wp\/v2\/product_tag?post=13933"}],"curies":[{"name":"wp","href":"https:\/\/api.w.org\/{rel}","templated":true}]}}