{"id":13929,"date":"2026-03-05T10:49:02","date_gmt":"2026-03-05T07:49:02","guid":{"rendered":"https:\/\/casetti.wpevi.com\/milan-bej-gecisli-3lu-dekoratif-kemik-top\/"},"modified":"2026-03-05T14:54:05","modified_gmt":"2026-03-05T11:54:05","slug":"milan-bej-gecisli-3lu-dekoratif-kemik-top","status":"publish","type":"product","link":"https:\/\/casetti.wpevi.com\/en\/milan-bej-gecisli-3lu-dekoratif-kemik-top\/","title":{"rendered":"Milan Beige Gradient 3-Piece Decorative Bone Ball"},"content":{"rendered":"<p>Product Dimensions<br \/>Y\u00fckseklik :&nbsp; 35.5 cm &#8211; 42.5 cm &#8211; 51 cm<\/p>\n<p>&nbsp;This <strong>sedef kaplama k\u00fcre dekoratif obje seti<\/strong>, parlak g\u00fcm\u00fc\u015f ayaklar\u0131 ve do\u011fal sedef mozaik k\u00fcreleri ile ya\u015fam alanlar\u0131n\u0131za l\u00fcks ve zarif bir dokunu\u015f kazand\u0131r\u0131r. <strong>Sedef kaplama par\u00e7alar\u0131n olu\u015fturdu\u011fu mozaik y\u00fczey<\/strong>, \u0131\u015f\u0131\u011f\u0131 yumu\u015fak bir \u015fekilde yans\u0131tarak mek\u00e2na s\u0131cak ve sofistike bir atmosfer katar. Salon, yemek masas\u0131, konsol, giri\u015f alan\u0131 veya sehpa \u00fczerinde dikkat \u00e7ekici bir dekoratif odak noktas\u0131 olu\u015fturur.&nbsp;<\/p>","protected":false},"excerpt":{"rendered":"<p>\u00dcr\u00fcn \u00d6l\u00e7\u00fcleriY\u00fckseklik :&nbsp; 35.5 cm &#8211; 42.5 cm &#8211; 51 cm &nbsp;Bu sedef kaplama k\u00fcre dekoratif obje seti, parlak g\u00fcm\u00fc\u015f ayaklar\u0131 ve do\u011fal sedef mozaik k\u00fcreleri ile ya\u015fam alanlar\u0131n\u0131za l\u00fcks ve zarif bir dokunu\u015f kazand\u0131r\u0131r. Sedef kaplama par\u00e7alar\u0131n olu\u015fturdu\u011fu mozaik y\u00fczey, \u0131\u015f\u0131\u011f\u0131 yumu\u015fak bir \u015fekilde yans\u0131tarak mek\u00e2na s\u0131cak ve sofistike bir atmosfer katar. Salon, yemek &hellip; <a href=\"https:\/\/casetti.wpevi.com\/en\/milan-bej-gecisli-3lu-dekoratif-kemik-top\/\" class=\"more-link\">Continue reading <span class=\"screen-reader-text\">Milan Beige Gradient 3-Piece Decorative Bone Ball<\/span><\/a><\/p>","protected":false},"featured_media":14158,"comment_status":"open","ping_status":"closed","template":"","meta":[],"product_brand":[228],"product_cat":[171],"product_tag":[],"class_list":{"0":"post-13929","1":"product","2":"type-product","3":"status-publish","4":"has-post-thumbnail","6":"product_brand-lamedore","7":"product_cat-dekoratif-objeler","10":"instock","11":"taxable","12":"shipping-taxable","13":"purchasable","14":"product-type-simple"},"_links":{"self":[{"href":"https:\/\/casetti.wpevi.com\/en\/wp-json\/wp\/v2\/product\/13929","targetHints":{"allow":["GET"]}}],"collection":[{"href":"https:\/\/casetti.wpevi.com\/en\/wp-json\/wp\/v2\/product"}],"about":[{"href":"https:\/\/casetti.wpevi.com\/en\/wp-json\/wp\/v2\/types\/product"}],"replies":[{"embeddable":true,"href":"https:\/\/casetti.wpevi.com\/en\/wp-json\/wp\/v2\/comments?post=13929"}],"version-history":[{"count":0,"href":"https:\/\/casetti.wpevi.com\/en\/wp-json\/wp\/v2\/product\/13929\/revisions"}],"wp:featuredmedia":[{"embeddable":true,"href":"https:\/\/casetti.wpevi.com\/en\/wp-json\/wp\/v2\/media\/14158"}],"wp:attachment":[{"href":"https:\/\/casetti.wpevi.com\/en\/wp-json\/wp\/v2\/media?parent=13929"}],"wp:term":[{"taxonomy":"product_brand","embeddable":true,"href":"https:\/\/casetti.wpevi.com\/en\/wp-json\/wp\/v2\/product_brand?post=13929"},{"taxonomy":"product_cat","embeddable":true,"href":"https:\/\/casetti.wpevi.com\/en\/wp-json\/wp\/v2\/product_cat?post=13929"},{"taxonomy":"product_tag","embeddable":true,"href":"https:\/\/casetti.wpevi.com\/en\/wp-json\/wp\/v2\/product_tag?post=13929"}],"curies":[{"name":"wp","href":"https:\/\/api.w.org\/{rel}","templated":true}]}}