{"id":13918,"date":"2026-03-05T10:35:03","date_gmt":"2026-03-05T07:35:03","guid":{"rendered":"https:\/\/casetti.wpevi.com\/uzun-govdeli-gumus-renk-dekoratif-3lu\/"},"modified":"2026-03-05T14:56:06","modified_gmt":"2026-03-05T11:56:06","slug":"uzun-govdeli-gumus-renk-dekoratif-3lu","status":"publish","type":"product","link":"https:\/\/casetti.wpevi.com\/en\/uzun-govdeli-gumus-renk-dekoratif-3lu\/","title":{"rendered":"Uzun G\u00f6vdeli G\u00fcm\u00fc\u015f Renk Dekoratif 3L\u00fc"},"content":{"rendered":"<p>\u00dcr\u00fcn \u00f6l\u00e7\u00fcleri <br \/>B\u00fcy\u00fck Boy : 14 x 14 x 32 cm<br \/>Orta Boy : 14 x 14 x 25.5 cm<br \/>K\u00fc\u00e7\u00fck Boy : 8.5 x 8.5 x 20 cm<\/p>\n<p>&nbsp;This <strong>kristal k\u00fcre dekoratif 3l\u00fc aksesuar<\/strong>, heykelsi g\u00fcm\u00fc\u015f taban\u0131 ve zarif tasar\u0131m\u0131yla ya\u015fam alanlar\u0131n\u0131za zamans\u0131z bir \u015f\u0131kl\u0131k kazand\u0131r\u0131r. <strong>Art Deco ve vintage l\u00fcks ayd\u0131nlatmadan ilham alan<\/strong> bu dekoratif \u00fcr\u00fcn, dokulu kristal k\u00fcre ve sanatsal metal g\u00f6vdesi sayesinde ortama s\u0131cak ve sofistike bir \u0131\u015f\u0131k yayar. Modern ya da klasik i\u00e7 mek\u00e2nlar\u0131 m\u00fckemmel \u015fekilde tamamlar.&nbsp;<\/p>","protected":false},"excerpt":{"rendered":"<p>\u00dcr\u00fcn \u00f6l\u00e7\u00fcleri B\u00fcy\u00fck Boy : 14 x 14 x 32 cmOrta Boy : 14 x 14 x 25.5 cmK\u00fc\u00e7\u00fck Boy : 8.5 x 8.5 x 20 cm &nbsp;Bu kristal k\u00fcre dekoratif 3l\u00fc aksesuar, heykelsi g\u00fcm\u00fc\u015f taban\u0131 ve zarif tasar\u0131m\u0131yla ya\u015fam alanlar\u0131n\u0131za zamans\u0131z bir \u015f\u0131kl\u0131k kazand\u0131r\u0131r. Art Deco ve vintage l\u00fcks ayd\u0131nlatmadan ilham alan bu dekoratif &hellip; <a href=\"https:\/\/casetti.wpevi.com\/en\/uzun-govdeli-gumus-renk-dekoratif-3lu\/\" class=\"more-link\">Continue reading <span class=\"screen-reader-text\">Uzun G\u00f6vdeli G\u00fcm\u00fc\u015f Renk Dekoratif 3L\u00fc<\/span><\/a><\/p>","protected":false},"featured_media":14160,"comment_status":"open","ping_status":"closed","template":"","meta":[],"product_brand":[228],"product_cat":[182],"product_tag":[],"class_list":{"0":"post-13918","1":"product","2":"type-product","3":"status-publish","4":"has-post-thumbnail","6":"product_brand-lamedore","7":"product_cat-pirinc-gumus-urunler","10":"instock","11":"taxable","12":"shipping-taxable","13":"purchasable","14":"product-type-simple"},"_links":{"self":[{"href":"https:\/\/casetti.wpevi.com\/en\/wp-json\/wp\/v2\/product\/13918","targetHints":{"allow":["GET"]}}],"collection":[{"href":"https:\/\/casetti.wpevi.com\/en\/wp-json\/wp\/v2\/product"}],"about":[{"href":"https:\/\/casetti.wpevi.com\/en\/wp-json\/wp\/v2\/types\/product"}],"replies":[{"embeddable":true,"href":"https:\/\/casetti.wpevi.com\/en\/wp-json\/wp\/v2\/comments?post=13918"}],"version-history":[{"count":0,"href":"https:\/\/casetti.wpevi.com\/en\/wp-json\/wp\/v2\/product\/13918\/revisions"}],"wp:featuredmedia":[{"embeddable":true,"href":"https:\/\/casetti.wpevi.com\/en\/wp-json\/wp\/v2\/media\/14160"}],"wp:attachment":[{"href":"https:\/\/casetti.wpevi.com\/en\/wp-json\/wp\/v2\/media?parent=13918"}],"wp:term":[{"taxonomy":"product_brand","embeddable":true,"href":"https:\/\/casetti.wpevi.com\/en\/wp-json\/wp\/v2\/product_brand?post=13918"},{"taxonomy":"product_cat","embeddable":true,"href":"https:\/\/casetti.wpevi.com\/en\/wp-json\/wp\/v2\/product_cat?post=13918"},{"taxonomy":"product_tag","embeddable":true,"href":"https:\/\/casetti.wpevi.com\/en\/wp-json\/wp\/v2\/product_tag?post=13918"}],"curies":[{"name":"wp","href":"https:\/\/api.w.org\/{rel}","templated":true}]}}