{"id":13853,"date":"2026-03-04T17:46:05","date_gmt":"2026-03-04T14:46:05","guid":{"rendered":"https:\/\/casetti.wpevi.com\/oris-pirinc-tepsi\/"},"modified":"2026-03-04T17:47:06","modified_gmt":"2026-03-04T14:47:06","slug":"oris-pirinc-tepsi","status":"publish","type":"product","link":"https:\/\/casetti.wpevi.com\/en\/oris-pirinc-tepsi\/","title":{"rendered":"Oris Pirin\u00e7 Tepsi"},"content":{"rendered":"<p>\u00dcr\u00fcn \u00d6l\u00e7\u00fcleri : 62 x 38 x 11 cm<\/p>\n<p>&nbsp;This <strong>pirin\u00e7 detayl\u0131 aynal\u0131 jardinyer \/ servis tepsisi<\/strong>, klasik <strong>Avrupa Viktorya ve Frans\u0131z dekorasyon tarz\u0131ndan<\/strong> ilham alan zarif bir dekoratif \u00fcr\u00fcnd\u00fcr. Delikli filigran pirin\u00e7 \u00e7er\u00e7evesi, dekoratif kulplar\u0131 ve aynal\u0131 taban\u0131 sayesinde hem servis hem de dekoratif kullan\u0131m i\u00e7in idealdir. Mumlar, parf\u00fcmler, \u00e7i\u00e7ekler veya dekoratif objeleri sergilemek i\u00e7in \u015f\u0131k bir y\u00fczey olu\u015fturur.&nbsp;<\/p>","protected":false},"excerpt":{"rendered":"<p>\u00dcr\u00fcn \u00d6l\u00e7\u00fcleri : 62 x 38 x 11 cm &nbsp;Bu pirin\u00e7 detayl\u0131 aynal\u0131 jardinyer \/ servis tepsisi, klasik Avrupa Viktorya ve Frans\u0131z dekorasyon tarz\u0131ndan ilham alan zarif bir dekoratif \u00fcr\u00fcnd\u00fcr. Delikli filigran pirin\u00e7 \u00e7er\u00e7evesi, dekoratif kulplar\u0131 ve aynal\u0131 taban\u0131 sayesinde hem servis hem de dekoratif kullan\u0131m i\u00e7in idealdir. Mumlar, parf\u00fcmler, \u00e7i\u00e7ekler veya dekoratif objeleri sergilemek &hellip; <a href=\"https:\/\/casetti.wpevi.com\/en\/oris-pirinc-tepsi\/\" class=\"more-link\">Continue reading <span class=\"screen-reader-text\">Oris Pirin\u00e7 Tepsi<\/span><\/a><\/p>","protected":false},"featured_media":13855,"comment_status":"open","ping_status":"closed","template":"","meta":[],"product_brand":[228],"product_cat":[182],"product_tag":[],"class_list":{"0":"post-13853","1":"product","2":"type-product","3":"status-publish","4":"has-post-thumbnail","6":"product_brand-lamedore","7":"product_cat-pirinc-gumus-urunler","10":"instock","11":"taxable","12":"shipping-taxable","13":"purchasable","14":"product-type-simple"},"_links":{"self":[{"href":"https:\/\/casetti.wpevi.com\/en\/wp-json\/wp\/v2\/product\/13853","targetHints":{"allow":["GET"]}}],"collection":[{"href":"https:\/\/casetti.wpevi.com\/en\/wp-json\/wp\/v2\/product"}],"about":[{"href":"https:\/\/casetti.wpevi.com\/en\/wp-json\/wp\/v2\/types\/product"}],"replies":[{"embeddable":true,"href":"https:\/\/casetti.wpevi.com\/en\/wp-json\/wp\/v2\/comments?post=13853"}],"version-history":[{"count":0,"href":"https:\/\/casetti.wpevi.com\/en\/wp-json\/wp\/v2\/product\/13853\/revisions"}],"wp:featuredmedia":[{"embeddable":true,"href":"https:\/\/casetti.wpevi.com\/en\/wp-json\/wp\/v2\/media\/13855"}],"wp:attachment":[{"href":"https:\/\/casetti.wpevi.com\/en\/wp-json\/wp\/v2\/media?parent=13853"}],"wp:term":[{"taxonomy":"product_brand","embeddable":true,"href":"https:\/\/casetti.wpevi.com\/en\/wp-json\/wp\/v2\/product_brand?post=13853"},{"taxonomy":"product_cat","embeddable":true,"href":"https:\/\/casetti.wpevi.com\/en\/wp-json\/wp\/v2\/product_cat?post=13853"},{"taxonomy":"product_tag","embeddable":true,"href":"https:\/\/casetti.wpevi.com\/en\/wp-json\/wp\/v2\/product_tag?post=13853"}],"curies":[{"name":"wp","href":"https:\/\/api.w.org\/{rel}","templated":true}]}}