{"id":13849,"date":"2026-03-04T17:41:02","date_gmt":"2026-03-04T14:41:02","guid":{"rendered":"https:\/\/casetti.wpevi.com\/pirinc-jardinyer-buyuk-boy\/"},"modified":"2026-03-04T17:44:03","modified_gmt":"2026-03-04T14:44:03","slug":"pirinc-jardinyer-buyuk-boy","status":"publish","type":"product","link":"https:\/\/casetti.wpevi.com\/en\/pirinc-jardinyer-buyuk-boy\/","title":{"rendered":"Pirin\u00e7 Jardinyer B\u00fcy\u00fck Boy"},"content":{"rendered":"<p>\u00dcr\u00fcn \u00d6l\u00e7\u00fcleri : 80 x 43 x 7.5<\/p>\n<p>This <strong>pirin\u00e7 detayl\u0131 aynal\u0131 jardinyer tepsi<\/strong>, klasik <strong>Avrupa Viktorya ve neoklasik dekorasyon tarzlar\u0131ndan<\/strong> ilham alan zarif bir dekoratif \u00fcr\u00fcnd\u00fcr. Etraf\u0131n\u0131 saran <strong>detayl\u0131 pirin\u00e7 korkuluk tasar\u0131m\u0131<\/strong> ve <strong>aynali taban\u0131<\/strong> sayesinde \u00e7i\u00e7ek aranjmanlar\u0131, mumlar, parf\u00fcmler veya dekoratif objeler i\u00e7in \u015f\u0131k bir sergileme alan\u0131 olu\u015fturur. Aynal\u0131 y\u00fczeyi \u0131\u015f\u0131\u011f\u0131 yans\u0131tarak dekorasyona derinlik ve l\u00fcks bir g\u00f6r\u00fcn\u00fcm kazand\u0131r\u0131r.&nbsp;<\/p>","protected":false},"excerpt":{"rendered":"<p>\u00dcr\u00fcn \u00d6l\u00e7\u00fcleri : 80 x 43 x 7.5 Bu pirin\u00e7 detayl\u0131 aynal\u0131 jardinyer tepsi, klasik Avrupa Viktorya ve neoklasik dekorasyon tarzlar\u0131ndan ilham alan zarif bir dekoratif \u00fcr\u00fcnd\u00fcr. Etraf\u0131n\u0131 saran detayl\u0131 pirin\u00e7 korkuluk tasar\u0131m\u0131 ve aynali taban\u0131 sayesinde \u00e7i\u00e7ek aranjmanlar\u0131, mumlar, parf\u00fcmler veya dekoratif objeler i\u00e7in \u015f\u0131k bir sergileme alan\u0131 olu\u015fturur. Aynal\u0131 y\u00fczeyi \u0131\u015f\u0131\u011f\u0131 yans\u0131tarak dekorasyona &hellip; <a href=\"https:\/\/casetti.wpevi.com\/en\/pirinc-jardinyer-buyuk-boy\/\" class=\"more-link\">Continue reading <span class=\"screen-reader-text\">Pirin\u00e7 Jardinyer B\u00fcy\u00fck Boy<\/span><\/a><\/p>","protected":false},"featured_media":13852,"comment_status":"open","ping_status":"closed","template":"","meta":[],"product_brand":[228],"product_cat":[182],"product_tag":[],"class_list":{"0":"post-13849","1":"product","2":"type-product","3":"status-publish","4":"has-post-thumbnail","6":"product_brand-lamedore","7":"product_cat-pirinc-gumus-urunler","10":"instock","11":"taxable","12":"shipping-taxable","13":"purchasable","14":"product-type-simple"},"_links":{"self":[{"href":"https:\/\/casetti.wpevi.com\/en\/wp-json\/wp\/v2\/product\/13849","targetHints":{"allow":["GET"]}}],"collection":[{"href":"https:\/\/casetti.wpevi.com\/en\/wp-json\/wp\/v2\/product"}],"about":[{"href":"https:\/\/casetti.wpevi.com\/en\/wp-json\/wp\/v2\/types\/product"}],"replies":[{"embeddable":true,"href":"https:\/\/casetti.wpevi.com\/en\/wp-json\/wp\/v2\/comments?post=13849"}],"version-history":[{"count":0,"href":"https:\/\/casetti.wpevi.com\/en\/wp-json\/wp\/v2\/product\/13849\/revisions"}],"wp:featuredmedia":[{"embeddable":true,"href":"https:\/\/casetti.wpevi.com\/en\/wp-json\/wp\/v2\/media\/13852"}],"wp:attachment":[{"href":"https:\/\/casetti.wpevi.com\/en\/wp-json\/wp\/v2\/media?parent=13849"}],"wp:term":[{"taxonomy":"product_brand","embeddable":true,"href":"https:\/\/casetti.wpevi.com\/en\/wp-json\/wp\/v2\/product_brand?post=13849"},{"taxonomy":"product_cat","embeddable":true,"href":"https:\/\/casetti.wpevi.com\/en\/wp-json\/wp\/v2\/product_cat?post=13849"},{"taxonomy":"product_tag","embeddable":true,"href":"https:\/\/casetti.wpevi.com\/en\/wp-json\/wp\/v2\/product_tag?post=13849"}],"curies":[{"name":"wp","href":"https:\/\/api.w.org\/{rel}","templated":true}]}}