{"id":13839,"date":"2026-03-04T17:29:04","date_gmt":"2026-03-04T14:29:04","guid":{"rendered":"https:\/\/casetti.wpevi.com\/loura-pirinc-dokum-yan-sehpa\/"},"modified":"2026-03-04T17:33:07","modified_gmt":"2026-03-04T14:33:07","slug":"loura-pirinc-dokum-yan-sehpa","status":"publish","type":"product","link":"https:\/\/casetti.wpevi.com\/en\/loura-pirinc-dokum-yan-sehpa\/","title":{"rendered":"Loura Pirin\u00e7 D\u00f6k\u00fcm Yan Sehpa"},"content":{"rendered":"<p>\u00dcr\u00fcn \u00d6l\u00e7\u00fcleri :50 x 73 cm<br \/>&nbsp;This <strong>aslan ayakl\u0131 pirin\u00e7 detayl\u0131 dekoratif sehpa<\/strong>, klasik <strong>Avrupa neoklasik ve Viktorya d\u00f6nemi mobilya tasar\u0131mlar\u0131ndan<\/strong> ilham alan \u015f\u0131k bir dekoratif \u00fcr\u00fcnd\u00fcr. <strong>Yuvarlak aynal\u0131 \u00fcst tabla, oluklu s\u00fctun g\u00f6vde ve aslan pen\u00e7esi ayak detaylar\u0131<\/strong> ile bulundu\u011fu mek\u00e2na zarif ve prestijli bir g\u00f6r\u00fcn\u00fcm kazand\u0131r\u0131r. <strong>Siyah ve alt\u0131n renk kombinasyonu<\/strong>, \u00fcr\u00fcn\u00fc hem klasik hem de modern dekorasyonlarla uyumlu hale getirir.&nbsp;<\/p>","protected":false},"excerpt":{"rendered":"<p>\u00dcr\u00fcn \u00d6l\u00e7\u00fcleri :50 x 73 cm&nbsp;Bu aslan ayakl\u0131 pirin\u00e7 detayl\u0131 dekoratif sehpa, klasik Avrupa neoklasik ve Viktorya d\u00f6nemi mobilya tasar\u0131mlar\u0131ndan ilham alan \u015f\u0131k bir dekoratif \u00fcr\u00fcnd\u00fcr. Yuvarlak aynal\u0131 \u00fcst tabla, oluklu s\u00fctun g\u00f6vde ve aslan pen\u00e7esi ayak detaylar\u0131 ile bulundu\u011fu mek\u00e2na zarif ve prestijli bir g\u00f6r\u00fcn\u00fcm kazand\u0131r\u0131r. Siyah ve alt\u0131n renk kombinasyonu, \u00fcr\u00fcn\u00fc hem klasik &hellip; <a href=\"https:\/\/casetti.wpevi.com\/en\/loura-pirinc-dokum-yan-sehpa\/\" class=\"more-link\">Continue reading <span class=\"screen-reader-text\">Loura Pirin\u00e7 D\u00f6k\u00fcm Yan Sehpa<\/span><\/a><\/p>","protected":false},"featured_media":13842,"comment_status":"open","ping_status":"closed","template":"","meta":[],"product_brand":[228],"product_cat":[182],"product_tag":[],"class_list":{"0":"post-13839","1":"product","2":"type-product","3":"status-publish","4":"has-post-thumbnail","6":"product_brand-lamedore","7":"product_cat-pirinc-gumus-urunler","10":"instock","11":"taxable","12":"shipping-taxable","13":"purchasable","14":"product-type-simple"},"_links":{"self":[{"href":"https:\/\/casetti.wpevi.com\/en\/wp-json\/wp\/v2\/product\/13839","targetHints":{"allow":["GET"]}}],"collection":[{"href":"https:\/\/casetti.wpevi.com\/en\/wp-json\/wp\/v2\/product"}],"about":[{"href":"https:\/\/casetti.wpevi.com\/en\/wp-json\/wp\/v2\/types\/product"}],"replies":[{"embeddable":true,"href":"https:\/\/casetti.wpevi.com\/en\/wp-json\/wp\/v2\/comments?post=13839"}],"version-history":[{"count":1,"href":"https:\/\/casetti.wpevi.com\/en\/wp-json\/wp\/v2\/product\/13839\/revisions"}],"predecessor-version":[{"id":13841,"href":"https:\/\/casetti.wpevi.com\/en\/wp-json\/wp\/v2\/product\/13839\/revisions\/13841"}],"wp:featuredmedia":[{"embeddable":true,"href":"https:\/\/casetti.wpevi.com\/en\/wp-json\/wp\/v2\/media\/13842"}],"wp:attachment":[{"href":"https:\/\/casetti.wpevi.com\/en\/wp-json\/wp\/v2\/media?parent=13839"}],"wp:term":[{"taxonomy":"product_brand","embeddable":true,"href":"https:\/\/casetti.wpevi.com\/en\/wp-json\/wp\/v2\/product_brand?post=13839"},{"taxonomy":"product_cat","embeddable":true,"href":"https:\/\/casetti.wpevi.com\/en\/wp-json\/wp\/v2\/product_cat?post=13839"},{"taxonomy":"product_tag","embeddable":true,"href":"https:\/\/casetti.wpevi.com\/en\/wp-json\/wp\/v2\/product_tag?post=13839"}],"curies":[{"name":"wp","href":"https:\/\/api.w.org\/{rel}","templated":true}]}}