{"id":13829,"date":"2026-03-04T16:32:05","date_gmt":"2026-03-04T13:32:05","guid":{"rendered":"https:\/\/casetti.wpevi.com\/?post_type=product&#038;p=13829"},"modified":"2026-03-09T11:48:05","modified_gmt":"2026-03-09T08:48:05","slug":"palme-pirinc-dokum-canak","status":"publish","type":"product","link":"https:\/\/casetti.wpevi.com\/en\/palme-pirinc-dokum-canak\/","title":{"rendered":"Palme Pirin\u00e7 D\u00f6k\u00fcm \u00c7anak"},"content":{"rendered":"<p>\u00dcr\u00fcn \u00d6l\u00e7\u00fcleri : 33 x 51.5 cm<\/p>\n<p>This <strong>saf pirin\u00e7 palmiye a\u011fac\u0131 ve fil fig\u00fcrl\u00fc dekoratif kase<\/strong>, egzotik ve klasik dekorasyon stilinden ilham alan dikkat \u00e7ekici bir dekoratif objedir. Alt k\u0131sm\u0131nda yer alan <strong>fil heykeli<\/strong>, palmiye a\u011fac\u0131 formundaki pirin\u00e7 g\u00f6vdeyi ta\u015f\u0131r ve \u00fcst k\u0131sm\u0131nda bulunan <strong>kesme kristal cam kase<\/strong> ile birlikte estetik bir merkez par\u00e7a olu\u015fturur. Konsol, sehpa, yemek masas\u0131 veya vitrin dekorasyonunda \u015f\u0131k bir vurgu olu\u015fturur.&nbsp;<\/p>","protected":false},"excerpt":{"rendered":"<p>\u00dcr\u00fcn \u00d6l\u00e7\u00fcleri : 33 x 51.5 cm Bu saf pirin\u00e7 palmiye a\u011fac\u0131 ve fil fig\u00fcrl\u00fc dekoratif kase, egzotik ve klasik dekorasyon stilinden ilham alan dikkat \u00e7ekici bir dekoratif objedir. Alt k\u0131sm\u0131nda yer alan fil heykeli, palmiye a\u011fac\u0131 formundaki pirin\u00e7 g\u00f6vdeyi ta\u015f\u0131r ve \u00fcst k\u0131sm\u0131nda bulunan kesme kristal cam kase ile birlikte estetik bir merkez par\u00e7a &hellip; <a href=\"https:\/\/casetti.wpevi.com\/en\/palme-pirinc-dokum-canak\/\" class=\"more-link\">Continue reading <span class=\"screen-reader-text\">Palme Pirin\u00e7 D\u00f6k\u00fcm \u00c7anak<\/span><\/a><\/p>","protected":false},"featured_media":14614,"comment_status":"open","ping_status":"closed","template":"","meta":[],"product_brand":[228],"product_cat":[182],"product_tag":[],"class_list":{"0":"post-13829","1":"product","2":"type-product","3":"status-publish","4":"has-post-thumbnail","6":"product_brand-lamedore","7":"product_cat-pirinc-gumus-urunler","10":"instock","11":"taxable","12":"shipping-taxable","13":"purchasable","14":"product-type-simple"},"_links":{"self":[{"href":"https:\/\/casetti.wpevi.com\/en\/wp-json\/wp\/v2\/product\/13829","targetHints":{"allow":["GET"]}}],"collection":[{"href":"https:\/\/casetti.wpevi.com\/en\/wp-json\/wp\/v2\/product"}],"about":[{"href":"https:\/\/casetti.wpevi.com\/en\/wp-json\/wp\/v2\/types\/product"}],"replies":[{"embeddable":true,"href":"https:\/\/casetti.wpevi.com\/en\/wp-json\/wp\/v2\/comments?post=13829"}],"version-history":[{"count":2,"href":"https:\/\/casetti.wpevi.com\/en\/wp-json\/wp\/v2\/product\/13829\/revisions"}],"predecessor-version":[{"id":13832,"href":"https:\/\/casetti.wpevi.com\/en\/wp-json\/wp\/v2\/product\/13829\/revisions\/13832"}],"wp:featuredmedia":[{"embeddable":true,"href":"https:\/\/casetti.wpevi.com\/en\/wp-json\/wp\/v2\/media\/14614"}],"wp:attachment":[{"href":"https:\/\/casetti.wpevi.com\/en\/wp-json\/wp\/v2\/media?parent=13829"}],"wp:term":[{"taxonomy":"product_brand","embeddable":true,"href":"https:\/\/casetti.wpevi.com\/en\/wp-json\/wp\/v2\/product_brand?post=13829"},{"taxonomy":"product_cat","embeddable":true,"href":"https:\/\/casetti.wpevi.com\/en\/wp-json\/wp\/v2\/product_cat?post=13829"},{"taxonomy":"product_tag","embeddable":true,"href":"https:\/\/casetti.wpevi.com\/en\/wp-json\/wp\/v2\/product_tag?post=13829"}],"curies":[{"name":"wp","href":"https:\/\/api.w.org\/{rel}","templated":true}]}}