{"id":13825,"date":"2026-03-04T15:47:03","date_gmt":"2026-03-04T12:47:03","guid":{"rendered":"https:\/\/casetti.wpevi.com\/trophey-decorative-antik-pirinc-vazo\/"},"modified":"2026-03-07T16:19:43","modified_gmt":"2026-03-07T13:19:43","slug":"trophey-decorative-antik-pirinc-kupa","status":"publish","type":"product","link":"https:\/\/casetti.wpevi.com\/en\/trophey-decorative-antik-pirinc-kupa\/","title":{"rendered":"Trophey Decorative  Antik Pirin\u00e7 kupa"},"content":{"rendered":"<p>\u00dcr\u00fcn \u00d6l\u00e7\u00fcleri : 30.5x18x52 cm <\/p>\n<p>This <strong>saf pirin\u00e7 dekoratif kapakl\u0131 urna vazo<\/strong>, klasik <strong>Avrupa neoklasik ve kupa formundaki dekoratif objelerden<\/strong> ilham alan zarif bir tasar\u0131ma sahiptir. Yan kulplar\u0131, siyah oluklu g\u00f6vdesi ve detayl\u0131 pirin\u00e7 kapa\u011f\u0131 ile mek\u00e2nda dikkat \u00e7ekici bir dekoratif vurgu olu\u015fturur. <strong>Siyah ve alt\u0131n renk kombinasyonu<\/strong>, \u00fcr\u00fcne l\u00fcks ve zamans\u0131z bir g\u00f6r\u00fcn\u00fcm kazand\u0131rarak klasik ve modern dekorasyonlarla uyum sa\u011flar.&nbsp;<\/p>","protected":false},"excerpt":{"rendered":"<p>\u00dcr\u00fcn \u00d6l\u00e7\u00fcleri : 30.5x18x52 cm Bu saf pirin\u00e7 dekoratif kapakl\u0131 urna vazo, klasik Avrupa neoklasik ve kupa formundaki dekoratif objelerden ilham alan zarif bir tasar\u0131ma sahiptir. Yan kulplar\u0131, siyah oluklu g\u00f6vdesi ve detayl\u0131 pirin\u00e7 kapa\u011f\u0131 ile mek\u00e2nda dikkat \u00e7ekici bir dekoratif vurgu olu\u015fturur. Siyah ve alt\u0131n renk kombinasyonu, \u00fcr\u00fcne l\u00fcks ve zamans\u0131z bir g\u00f6r\u00fcn\u00fcm kazand\u0131rarak &hellip; <a href=\"https:\/\/casetti.wpevi.com\/en\/trophey-decorative-antik-pirinc-kupa\/\" class=\"more-link\">Continue reading <span class=\"screen-reader-text\">Trophey Decorative  Antik Pirin\u00e7 kupa<\/span><\/a><\/p>","protected":false},"featured_media":14439,"comment_status":"open","ping_status":"closed","template":"","meta":[],"product_brand":[228],"product_cat":[182],"product_tag":[],"class_list":{"0":"post-13825","1":"product","2":"type-product","3":"status-publish","4":"has-post-thumbnail","6":"product_brand-lamedore","7":"product_cat-pirinc-gumus-urunler","10":"instock","11":"taxable","12":"shipping-taxable","13":"purchasable","14":"product-type-simple"},"_links":{"self":[{"href":"https:\/\/casetti.wpevi.com\/en\/wp-json\/wp\/v2\/product\/13825","targetHints":{"allow":["GET"]}}],"collection":[{"href":"https:\/\/casetti.wpevi.com\/en\/wp-json\/wp\/v2\/product"}],"about":[{"href":"https:\/\/casetti.wpevi.com\/en\/wp-json\/wp\/v2\/types\/product"}],"replies":[{"embeddable":true,"href":"https:\/\/casetti.wpevi.com\/en\/wp-json\/wp\/v2\/comments?post=13825"}],"version-history":[{"count":2,"href":"https:\/\/casetti.wpevi.com\/en\/wp-json\/wp\/v2\/product\/13825\/revisions"}],"predecessor-version":[{"id":14438,"href":"https:\/\/casetti.wpevi.com\/en\/wp-json\/wp\/v2\/product\/13825\/revisions\/14438"}],"wp:featuredmedia":[{"embeddable":true,"href":"https:\/\/casetti.wpevi.com\/en\/wp-json\/wp\/v2\/media\/14439"}],"wp:attachment":[{"href":"https:\/\/casetti.wpevi.com\/en\/wp-json\/wp\/v2\/media?parent=13825"}],"wp:term":[{"taxonomy":"product_brand","embeddable":true,"href":"https:\/\/casetti.wpevi.com\/en\/wp-json\/wp\/v2\/product_brand?post=13825"},{"taxonomy":"product_cat","embeddable":true,"href":"https:\/\/casetti.wpevi.com\/en\/wp-json\/wp\/v2\/product_cat?post=13825"},{"taxonomy":"product_tag","embeddable":true,"href":"https:\/\/casetti.wpevi.com\/en\/wp-json\/wp\/v2\/product_tag?post=13825"}],"curies":[{"name":"wp","href":"https:\/\/api.w.org\/{rel}","templated":true}]}}