{"id":13798,"date":"2026-03-04T15:39:06","date_gmt":"2026-03-04T12:39:06","guid":{"rendered":"https:\/\/casetti.wpevi.com\/?post_type=product&#038;p=13798"},"modified":"2026-03-04T15:40:12","modified_gmt":"2026-03-04T12:40:12","slug":"paradiso-pirin-konik-cam-vazo","status":"publish","type":"product","link":"https:\/\/casetti.wpevi.com\/en\/paradiso-pirin-konik-cam-vazo\/","title":{"rendered":"Paradiso Pirin. Konik Cam Vazo"},"content":{"rendered":"<p>\u00dcr\u00fcn \u00f6l\u00e7\u00fcleri : 18 X 53 cm<\/p>","protected":false},"excerpt":{"rendered":"<p>\u00dcr\u00fcn \u00f6l\u00e7\u00fcleri : 18 X 53 cm<\/p>","protected":false},"featured_media":13807,"comment_status":"open","ping_status":"closed","template":"","meta":[],"product_brand":[228],"product_cat":[182],"product_tag":[],"class_list":{"0":"post-13798","1":"product","2":"type-product","3":"status-publish","4":"has-post-thumbnail","6":"product_brand-lamedore","7":"product_cat-pirinc-gumus-urunler","10":"instock","11":"taxable","12":"shipping-taxable","13":"purchasable","14":"product-type-simple"},"_links":{"self":[{"href":"https:\/\/casetti.wpevi.com\/en\/wp-json\/wp\/v2\/product\/13798","targetHints":{"allow":["GET"]}}],"collection":[{"href":"https:\/\/casetti.wpevi.com\/en\/wp-json\/wp\/v2\/product"}],"about":[{"href":"https:\/\/casetti.wpevi.com\/en\/wp-json\/wp\/v2\/types\/product"}],"replies":[{"embeddable":true,"href":"https:\/\/casetti.wpevi.com\/en\/wp-json\/wp\/v2\/comments?post=13798"}],"version-history":[{"count":1,"href":"https:\/\/casetti.wpevi.com\/en\/wp-json\/wp\/v2\/product\/13798\/revisions"}],"predecessor-version":[{"id":13806,"href":"https:\/\/casetti.wpevi.com\/en\/wp-json\/wp\/v2\/product\/13798\/revisions\/13806"}],"wp:featuredmedia":[{"embeddable":true,"href":"https:\/\/casetti.wpevi.com\/en\/wp-json\/wp\/v2\/media\/13807"}],"wp:attachment":[{"href":"https:\/\/casetti.wpevi.com\/en\/wp-json\/wp\/v2\/media?parent=13798"}],"wp:term":[{"taxonomy":"product_brand","embeddable":true,"href":"https:\/\/casetti.wpevi.com\/en\/wp-json\/wp\/v2\/product_brand?post=13798"},{"taxonomy":"product_cat","embeddable":true,"href":"https:\/\/casetti.wpevi.com\/en\/wp-json\/wp\/v2\/product_cat?post=13798"},{"taxonomy":"product_tag","embeddable":true,"href":"https:\/\/casetti.wpevi.com\/en\/wp-json\/wp\/v2\/product_tag?post=13798"}],"curies":[{"name":"wp","href":"https:\/\/api.w.org\/{rel}","templated":true}]}}