{"id":13773,"date":"2026-03-04T13:55:04","date_gmt":"2026-03-04T10:55:04","guid":{"rendered":"https:\/\/casetti.wpevi.com\/?post_type=product&#038;p=13773"},"modified":"2026-03-04T15:40:08","modified_gmt":"2026-03-04T12:40:08","slug":"elegante-7-kollu-pirinc-dokum-samdan","status":"publish","type":"product","link":"https:\/\/casetti.wpevi.com\/en\/elegante-7-kollu-pirinc-dokum-samdan\/","title":{"rendered":"Elegante 7 Kollu Pirin\u00e7 D\u00f6k\u00fcm \u015eamdan"},"content":{"rendered":"<p>\u00dcr\u00fcn \u00d6l\u00e7\u00fcleri : 49,5 x 84 cm<\/p>\n<p>This <strong>saf pirin\u00e7 d\u00f6k\u00fcm 7 kollu b\u00fcy\u00fck \u015famdan<\/strong>, klasik <strong>Avrupa saray ve Viktorya d\u00f6nemi dekorasyonlar\u0131ndan<\/strong> ilham alan g\u00f6steri\u015fli bir tasar\u0131ma sahiptir. Zarif k\u0131vr\u0131ml\u0131 kollar\u0131, uzun s\u00fctun g\u00f6vdesi ve detayl\u0131 pirin\u00e7 d\u00f6k\u00fcm i\u015f\u00e7ili\u011fi sayesinde mek\u00e2nda g\u00fc\u00e7l\u00fc bir dekoratif etki yarat\u0131r. B\u00fcy\u00fck ve etkileyici yap\u0131s\u0131yla <strong>yemek masalar\u0131, salon dekorasyonu, d\u00fc\u011f\u00fcn organizasyonlar\u0131 ve l\u00fcks davetler<\/strong> i\u00e7in ideal bir dekoratif \u00fcr\u00fcnd\u00fcr.&nbsp;<\/p>","protected":false},"excerpt":{"rendered":"<p>\u00dcr\u00fcn \u00d6l\u00e7\u00fcleri : 49,5 x 84 cm Bu saf pirin\u00e7 d\u00f6k\u00fcm 7 kollu b\u00fcy\u00fck \u015famdan, klasik Avrupa saray ve Viktorya d\u00f6nemi dekorasyonlar\u0131ndan ilham alan g\u00f6steri\u015fli bir tasar\u0131ma sahiptir. Zarif k\u0131vr\u0131ml\u0131 kollar\u0131, uzun s\u00fctun g\u00f6vdesi ve detayl\u0131 pirin\u00e7 d\u00f6k\u00fcm i\u015f\u00e7ili\u011fi sayesinde mek\u00e2nda g\u00fc\u00e7l\u00fc bir dekoratif etki yarat\u0131r. B\u00fcy\u00fck ve etkileyici yap\u0131s\u0131yla yemek masalar\u0131, salon dekorasyonu, d\u00fc\u011f\u00fcn &hellip; <a href=\"https:\/\/casetti.wpevi.com\/en\/elegante-7-kollu-pirinc-dokum-samdan\/\" class=\"more-link\">Continue reading <span class=\"screen-reader-text\">Elegante 7 Kollu Pirin\u00e7 D\u00f6k\u00fcm \u015eamdan<\/span><\/a><\/p>","protected":false},"featured_media":13804,"comment_status":"open","ping_status":"closed","template":"","meta":[],"product_brand":[228],"product_cat":[182],"product_tag":[],"class_list":{"0":"post-13773","1":"product","2":"type-product","3":"status-publish","4":"has-post-thumbnail","6":"product_brand-lamedore","7":"product_cat-pirinc-gumus-urunler","10":"instock","11":"taxable","12":"shipping-taxable","13":"purchasable","14":"product-type-simple"},"_links":{"self":[{"href":"https:\/\/casetti.wpevi.com\/en\/wp-json\/wp\/v2\/product\/13773","targetHints":{"allow":["GET"]}}],"collection":[{"href":"https:\/\/casetti.wpevi.com\/en\/wp-json\/wp\/v2\/product"}],"about":[{"href":"https:\/\/casetti.wpevi.com\/en\/wp-json\/wp\/v2\/types\/product"}],"replies":[{"embeddable":true,"href":"https:\/\/casetti.wpevi.com\/en\/wp-json\/wp\/v2\/comments?post=13773"}],"version-history":[{"count":1,"href":"https:\/\/casetti.wpevi.com\/en\/wp-json\/wp\/v2\/product\/13773\/revisions"}],"predecessor-version":[{"id":13775,"href":"https:\/\/casetti.wpevi.com\/en\/wp-json\/wp\/v2\/product\/13773\/revisions\/13775"}],"wp:featuredmedia":[{"embeddable":true,"href":"https:\/\/casetti.wpevi.com\/en\/wp-json\/wp\/v2\/media\/13804"}],"wp:attachment":[{"href":"https:\/\/casetti.wpevi.com\/en\/wp-json\/wp\/v2\/media?parent=13773"}],"wp:term":[{"taxonomy":"product_brand","embeddable":true,"href":"https:\/\/casetti.wpevi.com\/en\/wp-json\/wp\/v2\/product_brand?post=13773"},{"taxonomy":"product_cat","embeddable":true,"href":"https:\/\/casetti.wpevi.com\/en\/wp-json\/wp\/v2\/product_cat?post=13773"},{"taxonomy":"product_tag","embeddable":true,"href":"https:\/\/casetti.wpevi.com\/en\/wp-json\/wp\/v2\/product_tag?post=13773"}],"curies":[{"name":"wp","href":"https:\/\/api.w.org\/{rel}","templated":true}]}}