{"id":13770,"date":"2026-03-04T13:50:05","date_gmt":"2026-03-04T10:50:05","guid":{"rendered":"https:\/\/casetti.wpevi.com\/lady-candelabra-pirinc-dokum-5li-samdan\/"},"modified":"2026-03-04T13:50:11","modified_gmt":"2026-03-04T10:50:11","slug":"lady-candelabra-pirinc-dokum-5li-samdan","status":"publish","type":"product","link":"https:\/\/casetti.wpevi.com\/en\/lady-candelabra-pirinc-dokum-5li-samdan\/","title":{"rendered":"Lady Candelabra Pirin\u00e7 D\u00f6k\u00fcm 5li \u015eamdan"},"content":{"rendered":"<p>\u00dcr\u00fcn \u00d6l\u00e7\u00fcleri : 25,5 x 53,5 cm<\/p>\n<p>This <strong>saf pirin\u00e7 d\u00f6k\u00fcm kad\u0131n fig\u00fcrl\u00fc 5 kollu \u015famdan<\/strong>, klasik Avrupa dekoratif sanatlar\u0131ndan ilham alan g\u00f6steri\u015fli bir tasar\u0131ma sahiptir. Zarif <strong>kad\u0131n heykeli formundaki g\u00f6vde<\/strong>, \u00fcst k\u0131sm\u0131nda yer alan be\u015f kollu \u015famdan yap\u0131s\u0131n\u0131 ta\u015f\u0131r ve mek\u00e2nda dikkat \u00e7ekici bir dekoratif merkez olu\u015fturur. Detayl\u0131 pirin\u00e7 d\u00f6k\u00fcm i\u015f\u00e7ili\u011fi ve sa\u011flam taban\u0131 sayesinde hem estetik hem de dayan\u0131kl\u0131 bir dekoratif \u00fcr\u00fcnd\u00fcr.&nbsp;<\/p>","protected":false},"excerpt":{"rendered":"<p>\u00dcr\u00fcn \u00d6l\u00e7\u00fcleri : 25,5 x 53,5 cm Bu saf pirin\u00e7 d\u00f6k\u00fcm kad\u0131n fig\u00fcrl\u00fc 5 kollu \u015famdan, klasik Avrupa dekoratif sanatlar\u0131ndan ilham alan g\u00f6steri\u015fli bir tasar\u0131ma sahiptir. Zarif kad\u0131n heykeli formundaki g\u00f6vde, \u00fcst k\u0131sm\u0131nda yer alan be\u015f kollu \u015famdan yap\u0131s\u0131n\u0131 ta\u015f\u0131r ve mek\u00e2nda dikkat \u00e7ekici bir dekoratif merkez olu\u015fturur. Detayl\u0131 pirin\u00e7 d\u00f6k\u00fcm i\u015f\u00e7ili\u011fi ve sa\u011flam taban\u0131 &hellip; <a href=\"https:\/\/casetti.wpevi.com\/en\/lady-candelabra-pirinc-dokum-5li-samdan\/\" class=\"more-link\">Continue reading <span class=\"screen-reader-text\">Lady Candelabra Pirin\u00e7 D\u00f6k\u00fcm 5li \u015eamdan<\/span><\/a><\/p>","protected":false},"featured_media":13772,"comment_status":"open","ping_status":"closed","template":"","meta":[],"product_brand":[228],"product_cat":[182],"product_tag":[],"class_list":{"0":"post-13770","1":"product","2":"type-product","3":"status-publish","4":"has-post-thumbnail","6":"product_brand-lamedore","7":"product_cat-pirinc-gumus-urunler","10":"instock","11":"taxable","12":"shipping-taxable","13":"purchasable","14":"product-type-simple"},"_links":{"self":[{"href":"https:\/\/casetti.wpevi.com\/en\/wp-json\/wp\/v2\/product\/13770","targetHints":{"allow":["GET"]}}],"collection":[{"href":"https:\/\/casetti.wpevi.com\/en\/wp-json\/wp\/v2\/product"}],"about":[{"href":"https:\/\/casetti.wpevi.com\/en\/wp-json\/wp\/v2\/types\/product"}],"replies":[{"embeddable":true,"href":"https:\/\/casetti.wpevi.com\/en\/wp-json\/wp\/v2\/comments?post=13770"}],"version-history":[{"count":0,"href":"https:\/\/casetti.wpevi.com\/en\/wp-json\/wp\/v2\/product\/13770\/revisions"}],"wp:featuredmedia":[{"embeddable":true,"href":"https:\/\/casetti.wpevi.com\/en\/wp-json\/wp\/v2\/media\/13772"}],"wp:attachment":[{"href":"https:\/\/casetti.wpevi.com\/en\/wp-json\/wp\/v2\/media?parent=13770"}],"wp:term":[{"taxonomy":"product_brand","embeddable":true,"href":"https:\/\/casetti.wpevi.com\/en\/wp-json\/wp\/v2\/product_brand?post=13770"},{"taxonomy":"product_cat","embeddable":true,"href":"https:\/\/casetti.wpevi.com\/en\/wp-json\/wp\/v2\/product_cat?post=13770"},{"taxonomy":"product_tag","embeddable":true,"href":"https:\/\/casetti.wpevi.com\/en\/wp-json\/wp\/v2\/product_tag?post=13770"}],"curies":[{"name":"wp","href":"https:\/\/api.w.org\/{rel}","templated":true}]}}