{"id":13764,"date":"2026-03-04T13:42:02","date_gmt":"2026-03-04T10:42:02","guid":{"rendered":"https:\/\/casetti.wpevi.com\/mermer-tabanli-pirinc-dokum-dekoratif-set\/"},"modified":"2026-03-04T13:43:10","modified_gmt":"2026-03-04T10:43:10","slug":"mermer-tabanli-pirinc-dokum-dekoratif-set","status":"publish","type":"product","link":"https:\/\/casetti.wpevi.com\/en\/mermer-tabanli-pirinc-dokum-dekoratif-set\/","title":{"rendered":"Mermer Tabanl\u0131 Pirin\u00e7 D\u00f6k\u00fcm Dekoratif Set"},"content":{"rendered":"<p>\u00dcr\u00fcn \u00d6l\u00e7\u00fcleri : 11,5&#215;19 cm&nbsp; &#8211; 9 x 18 cm &#8211; 7,5 x 15 cm <\/p>\n<p>&nbsp;This <strong>3\u2019l\u00fc pirin\u00e7 kaideli kristal k\u00fcre dekoratif obje seti<\/strong>, klasik Avrupa dekorasyon stilinden ilham alan zarif bir ev aksesuar\u0131d\u0131r. <strong>Fasetli kristal cam k\u00fcreler<\/strong>, \u015f\u0131k pirin\u00e7 ayaklar ve ta\u015f g\u00f6r\u00fcn\u00fcml\u00fc tabanlarla birle\u015ferek konsol, sehpa, kitapl\u0131k veya ofis dekorasyonunda dikkat \u00e7ekici bir dekoratif vurgu olu\u015fturur. Kristal y\u00fczey \u0131\u015f\u0131\u011f\u0131 estetik bir \u015fekilde yans\u0131t\u0131rken pirin\u00e7 detaylar \u00fcr\u00fcne zamans\u0131z ve l\u00fcks bir g\u00f6r\u00fcn\u00fcm kazand\u0131r\u0131r.&nbsp;<\/p>\n<p><\/p>","protected":false},"excerpt":{"rendered":"<p>\u00dcr\u00fcn \u00d6l\u00e7\u00fcleri : 11,5&#215;19 cm&nbsp; &#8211; 9 x 18 cm &#8211; 7,5 x 15 cm &nbsp;Bu 3\u2019l\u00fc pirin\u00e7 kaideli kristal k\u00fcre dekoratif obje seti, klasik Avrupa dekorasyon stilinden ilham alan zarif bir ev aksesuar\u0131d\u0131r. Fasetli kristal cam k\u00fcreler, \u015f\u0131k pirin\u00e7 ayaklar ve ta\u015f g\u00f6r\u00fcn\u00fcml\u00fc tabanlarla birle\u015ferek konsol, sehpa, kitapl\u0131k veya ofis dekorasyonunda dikkat \u00e7ekici bir &hellip; <a href=\"https:\/\/casetti.wpevi.com\/en\/mermer-tabanli-pirinc-dokum-dekoratif-set\/\" class=\"more-link\">Continue reading <span class=\"screen-reader-text\">Mermer Tabanl\u0131 Pirin\u00e7 D\u00f6k\u00fcm Dekoratif Set<\/span><\/a><\/p>","protected":false},"featured_media":13769,"comment_status":"open","ping_status":"closed","template":"","meta":[],"product_brand":[228],"product_cat":[182],"product_tag":[],"class_list":{"0":"post-13764","1":"product","2":"type-product","3":"status-publish","4":"has-post-thumbnail","6":"product_brand-lamedore","7":"product_cat-pirinc-gumus-urunler","10":"instock","11":"taxable","12":"shipping-taxable","13":"purchasable","14":"product-type-simple"},"_links":{"self":[{"href":"https:\/\/casetti.wpevi.com\/en\/wp-json\/wp\/v2\/product\/13764","targetHints":{"allow":["GET"]}}],"collection":[{"href":"https:\/\/casetti.wpevi.com\/en\/wp-json\/wp\/v2\/product"}],"about":[{"href":"https:\/\/casetti.wpevi.com\/en\/wp-json\/wp\/v2\/types\/product"}],"replies":[{"embeddable":true,"href":"https:\/\/casetti.wpevi.com\/en\/wp-json\/wp\/v2\/comments?post=13764"}],"version-history":[{"count":1,"href":"https:\/\/casetti.wpevi.com\/en\/wp-json\/wp\/v2\/product\/13764\/revisions"}],"predecessor-version":[{"id":13766,"href":"https:\/\/casetti.wpevi.com\/en\/wp-json\/wp\/v2\/product\/13764\/revisions\/13766"}],"wp:featuredmedia":[{"embeddable":true,"href":"https:\/\/casetti.wpevi.com\/en\/wp-json\/wp\/v2\/media\/13769"}],"wp:attachment":[{"href":"https:\/\/casetti.wpevi.com\/en\/wp-json\/wp\/v2\/media?parent=13764"}],"wp:term":[{"taxonomy":"product_brand","embeddable":true,"href":"https:\/\/casetti.wpevi.com\/en\/wp-json\/wp\/v2\/product_brand?post=13764"},{"taxonomy":"product_cat","embeddable":true,"href":"https:\/\/casetti.wpevi.com\/en\/wp-json\/wp\/v2\/product_cat?post=13764"},{"taxonomy":"product_tag","embeddable":true,"href":"https:\/\/casetti.wpevi.com\/en\/wp-json\/wp\/v2\/product_tag?post=13764"}],"curies":[{"name":"wp","href":"https:\/\/api.w.org\/{rel}","templated":true}]}}