{"id":13755,"date":"2026-03-04T13:11:04","date_gmt":"2026-03-04T10:11:04","guid":{"rendered":"https:\/\/casetti.wpevi.com\/glint-serisi-pirinc-dokum-samdan-kucuk-boy\/"},"modified":"2026-03-04T15:10:06","modified_gmt":"2026-03-04T12:10:06","slug":"glint-serisi-pirinc-dokum-samdan-kucuk-boy","status":"publish","type":"product","link":"https:\/\/casetti.wpevi.com\/en\/glint-serisi-pirinc-dokum-samdan-kucuk-boy\/","title":{"rendered":"Glint Serisi Pirin\u00e7 D\u00f6k\u00fcm \u015eamdan K\u00fc\u00e7\u00fck Boy"},"content":{"rendered":"<p>\u00dcr\u00fcn \u00d6l\u00e7\u00fcleri : 13.5 x 35.5 cm&nbsp;<\/p>\n<p><strong>35.5 cm y\u00fcksekli\u011finde pirin\u00e7 d\u00f6k\u00fcm aslan ayakl\u0131 \u015famdan<\/strong>, klasik Avrupa tasar\u0131m\u0131ndan ilham alan g\u00f6steri\u015fli bir dekoratif aksesuard\u0131r. <strong>Y\u00fcksek kaliteli pirin\u00e7 d\u00f6k\u00fcm g\u00f6vdesi<\/strong>, siyah s\u00fctun detay\u0131 ve dekoratif i\u015flemeleri ile dikkat \u00e7eker. Alt k\u0131sm\u0131ndaki <strong>aslan pen\u00e7esi ayaklar<\/strong>, \u00fcr\u00fcne g\u00fc\u00e7l\u00fc ve klasik bir g\u00f6r\u00fcn\u00fcm kazand\u0131r\u0131r. Yemek masas\u0131, konsol, \u015f\u00f6mine \u00fcst\u00fc veya klasik dekorasyonlarda \u015f\u0131k bir tamamlay\u0131c\u0131d\u0131r.&nbsp;<\/p>","protected":false},"excerpt":{"rendered":"<p>\u00dcr\u00fcn \u00d6l\u00e7\u00fcleri : 13.5 x 35.5 cm&nbsp; 35.5 cm y\u00fcksekli\u011finde pirin\u00e7 d\u00f6k\u00fcm aslan ayakl\u0131 \u015famdan, klasik Avrupa tasar\u0131m\u0131ndan ilham alan g\u00f6steri\u015fli bir dekoratif aksesuard\u0131r. Y\u00fcksek kaliteli pirin\u00e7 d\u00f6k\u00fcm g\u00f6vdesi, siyah s\u00fctun detay\u0131 ve dekoratif i\u015flemeleri ile dikkat \u00e7eker. Alt k\u0131sm\u0131ndaki aslan pen\u00e7esi ayaklar, \u00fcr\u00fcne g\u00fc\u00e7l\u00fc ve klasik bir g\u00f6r\u00fcn\u00fcm kazand\u0131r\u0131r. Yemek masas\u0131, konsol, \u015f\u00f6mine \u00fcst\u00fc &hellip; <a href=\"https:\/\/casetti.wpevi.com\/en\/glint-serisi-pirinc-dokum-samdan-kucuk-boy\/\" class=\"more-link\">Continue reading <span class=\"screen-reader-text\">Glint Serisi Pirin\u00e7 D\u00f6k\u00fcm \u015eamdan K\u00fc\u00e7\u00fck Boy<\/span><\/a><\/p>","protected":false},"featured_media":13795,"comment_status":"open","ping_status":"closed","template":"","meta":[],"product_brand":[228],"product_cat":[182],"product_tag":[],"class_list":{"0":"post-13755","1":"product","2":"type-product","3":"status-publish","4":"has-post-thumbnail","6":"product_brand-lamedore","7":"product_cat-pirinc-gumus-urunler","10":"instock","11":"taxable","12":"shipping-taxable","13":"purchasable","14":"product-type-simple"},"_links":{"self":[{"href":"https:\/\/casetti.wpevi.com\/en\/wp-json\/wp\/v2\/product\/13755","targetHints":{"allow":["GET"]}}],"collection":[{"href":"https:\/\/casetti.wpevi.com\/en\/wp-json\/wp\/v2\/product"}],"about":[{"href":"https:\/\/casetti.wpevi.com\/en\/wp-json\/wp\/v2\/types\/product"}],"replies":[{"embeddable":true,"href":"https:\/\/casetti.wpevi.com\/en\/wp-json\/wp\/v2\/comments?post=13755"}],"version-history":[{"count":1,"href":"https:\/\/casetti.wpevi.com\/en\/wp-json\/wp\/v2\/product\/13755\/revisions"}],"predecessor-version":[{"id":13757,"href":"https:\/\/casetti.wpevi.com\/en\/wp-json\/wp\/v2\/product\/13755\/revisions\/13757"}],"wp:featuredmedia":[{"embeddable":true,"href":"https:\/\/casetti.wpevi.com\/en\/wp-json\/wp\/v2\/media\/13795"}],"wp:attachment":[{"href":"https:\/\/casetti.wpevi.com\/en\/wp-json\/wp\/v2\/media?parent=13755"}],"wp:term":[{"taxonomy":"product_brand","embeddable":true,"href":"https:\/\/casetti.wpevi.com\/en\/wp-json\/wp\/v2\/product_brand?post=13755"},{"taxonomy":"product_cat","embeddable":true,"href":"https:\/\/casetti.wpevi.com\/en\/wp-json\/wp\/v2\/product_cat?post=13755"},{"taxonomy":"product_tag","embeddable":true,"href":"https:\/\/casetti.wpevi.com\/en\/wp-json\/wp\/v2\/product_tag?post=13755"}],"curies":[{"name":"wp","href":"https:\/\/api.w.org\/{rel}","templated":true}]}}