{"id":13751,"date":"2026-03-04T13:06:05","date_gmt":"2026-03-04T10:06:05","guid":{"rendered":"https:\/\/casetti.wpevi.com\/lydia-pirinc-dokum-samdan-kucuk-boy\/"},"modified":"2026-03-09T12:03:16","modified_gmt":"2026-03-09T09:03:16","slug":"lydia-pirinc-dokum-samdan-kucuk-boy","status":"publish","type":"product","link":"https:\/\/casetti.wpevi.com\/en\/lydia-pirinc-dokum-samdan-kucuk-boy\/","title":{"rendered":"Lydia Pirin\u00e7 D\u00f6k\u00fcm \u015eamdan K\u00fc\u00e7\u00fck Boy"},"content":{"rendered":"<p>\u00dcr\u00fcn \u00d6l\u00e7\u00fcleri : 16 x 25 cm<\/p>\n<p>Bu 25<strong>&nbsp;cm y\u00fcksekli\u011finde pirin\u00e7 \u015famdan<\/strong>, siyah ve alt\u0131n renk kombinasyonu ile dekorasyona zarif ve klsik bir dokunu\u015f katar. Y\u00fcksek kaliteli pirin\u00e7ten \u00fcretilmi\u015f olup dekoratif detaylar\u0131 ve sa\u011flam taban\u0131 sayesinde hem estetik hem de dayan\u0131kl\u0131 bir tasar\u0131ma sahiptir. Yemek masas\u0131, konsol, \u015f\u00f6mine \u00fcst\u00fc veya \u00f6zel davet dekorasyonlar\u0131nda dikkat \u00e7ekici bir aksesuar olarak kullan\u0131labilir.&nbsp;<\/p>","protected":false},"excerpt":{"rendered":"<p>\u00dcr\u00fcn \u00d6l\u00e7\u00fcleri : 16 x 25 cm Bu 25&nbsp;cm y\u00fcksekli\u011finde pirin\u00e7 \u015famdan, siyah ve alt\u0131n renk kombinasyonu ile dekorasyona zarif ve klsik bir dokunu\u015f katar. Y\u00fcksek kaliteli pirin\u00e7ten \u00fcretilmi\u015f olup dekoratif detaylar\u0131 ve sa\u011flam taban\u0131 sayesinde hem estetik hem de dayan\u0131kl\u0131 bir tasar\u0131ma sahiptir. Yemek masas\u0131, konsol, \u015f\u00f6mine \u00fcst\u00fc veya \u00f6zel davet dekorasyonlar\u0131nda dikkat \u00e7ekici &hellip; <a href=\"https:\/\/casetti.wpevi.com\/en\/lydia-pirinc-dokum-samdan-kucuk-boy\/\" class=\"more-link\">Continue reading <span class=\"screen-reader-text\">Lydia Pirin\u00e7 D\u00f6k\u00fcm \u015eamdan K\u00fc\u00e7\u00fck Boy<\/span><\/a><\/p>","protected":false},"featured_media":14633,"comment_status":"open","ping_status":"closed","template":"","meta":[],"product_brand":[228],"product_cat":[182],"product_tag":[],"class_list":{"0":"post-13751","1":"product","2":"type-product","3":"status-publish","4":"has-post-thumbnail","6":"product_brand-lamedore","7":"product_cat-pirinc-gumus-urunler","10":"instock","11":"taxable","12":"shipping-taxable","13":"purchasable","14":"product-type-simple"},"_links":{"self":[{"href":"https:\/\/casetti.wpevi.com\/en\/wp-json\/wp\/v2\/product\/13751","targetHints":{"allow":["GET"]}}],"collection":[{"href":"https:\/\/casetti.wpevi.com\/en\/wp-json\/wp\/v2\/product"}],"about":[{"href":"https:\/\/casetti.wpevi.com\/en\/wp-json\/wp\/v2\/types\/product"}],"replies":[{"embeddable":true,"href":"https:\/\/casetti.wpevi.com\/en\/wp-json\/wp\/v2\/comments?post=13751"}],"version-history":[{"count":0,"href":"https:\/\/casetti.wpevi.com\/en\/wp-json\/wp\/v2\/product\/13751\/revisions"}],"wp:featuredmedia":[{"embeddable":true,"href":"https:\/\/casetti.wpevi.com\/en\/wp-json\/wp\/v2\/media\/14633"}],"wp:attachment":[{"href":"https:\/\/casetti.wpevi.com\/en\/wp-json\/wp\/v2\/media?parent=13751"}],"wp:term":[{"taxonomy":"product_brand","embeddable":true,"href":"https:\/\/casetti.wpevi.com\/en\/wp-json\/wp\/v2\/product_brand?post=13751"},{"taxonomy":"product_cat","embeddable":true,"href":"https:\/\/casetti.wpevi.com\/en\/wp-json\/wp\/v2\/product_cat?post=13751"},{"taxonomy":"product_tag","embeddable":true,"href":"https:\/\/casetti.wpevi.com\/en\/wp-json\/wp\/v2\/product_tag?post=13751"}],"curies":[{"name":"wp","href":"https:\/\/api.w.org\/{rel}","templated":true}]}}