{"id":13729,"date":"2026-03-04T12:46:08","date_gmt":"2026-03-04T09:46:08","guid":{"rendered":"https:\/\/casetti.wpevi.com\/trophey-antik-pirin-vazo\/"},"modified":"2026-03-07T16:20:18","modified_gmt":"2026-03-07T13:20:18","slug":"trophey-antik-pirinc-kupa","status":"publish","type":"product","link":"https:\/\/casetti.wpevi.com\/en\/trophey-antik-pirinc-kupa\/","title":{"rendered":"Trophey Antik Pirin\u00e7 kupa"},"content":{"rendered":"<p>\u00dcr\u00fcn \u00d6l\u00e7\u00fcleri&nbsp; : 18 x 18 x 47 cm<\/p>\n<p>&nbsp;This <strong>47 cm y\u00fcksekli\u011finde pirin\u00e7 dekoratif vazo<\/strong>, klasik antik urna formundan ilham alan zarif tasar\u0131m\u0131yla dekorasyona \u015f\u0131kl\u0131k katar. <strong>Siyah ve alt\u0131n renk kombinasyonu, kulplu ve detayl\u0131 pirin\u00e7 i\u015flemeleri<\/strong> ile dikkat \u00e7eken bu vazo; konsol, yemek masas\u0131, giri\u015f alan\u0131 veya salon dekorasyonunda g\u00fc\u00e7l\u00fc bir dekoratif vurgu olu\u015fturur. Sa\u011flam pirin\u00e7 yap\u0131s\u0131 ve estetik formu sayesinde zamans\u0131z bir dekoratif aksesuard\u0131r.&nbsp;<br \/>&nbsp;<\/p>","protected":false},"excerpt":{"rendered":"<p>\u00dcr\u00fcn \u00d6l\u00e7\u00fcleri&nbsp; : 18 x 18 x 47 cm &nbsp;Bu 47 cm y\u00fcksekli\u011finde pirin\u00e7 dekoratif vazo, klasik antik urna formundan ilham alan zarif tasar\u0131m\u0131yla dekorasyona \u015f\u0131kl\u0131k katar. Siyah ve alt\u0131n renk kombinasyonu, kulplu ve detayl\u0131 pirin\u00e7 i\u015flemeleri ile dikkat \u00e7eken bu vazo; konsol, yemek masas\u0131, giri\u015f alan\u0131 veya salon dekorasyonunda g\u00fc\u00e7l\u00fc bir dekoratif vurgu olu\u015fturur. &hellip; <a href=\"https:\/\/casetti.wpevi.com\/en\/trophey-antik-pirinc-kupa\/\" class=\"more-link\">Continue reading <span class=\"screen-reader-text\">Trophey Antik Pirin\u00e7 kupa<\/span><\/a><\/p>","protected":false},"featured_media":14452,"comment_status":"open","ping_status":"closed","template":"","meta":[],"product_brand":[228],"product_cat":[182],"product_tag":[],"class_list":{"0":"post-13729","1":"product","2":"type-product","3":"status-publish","4":"has-post-thumbnail","6":"product_brand-lamedore","7":"product_cat-pirinc-gumus-urunler","10":"instock","11":"taxable","12":"shipping-taxable","13":"purchasable","14":"product-type-simple"},"_links":{"self":[{"href":"https:\/\/casetti.wpevi.com\/en\/wp-json\/wp\/v2\/product\/13729","targetHints":{"allow":["GET"]}}],"collection":[{"href":"https:\/\/casetti.wpevi.com\/en\/wp-json\/wp\/v2\/product"}],"about":[{"href":"https:\/\/casetti.wpevi.com\/en\/wp-json\/wp\/v2\/types\/product"}],"replies":[{"embeddable":true,"href":"https:\/\/casetti.wpevi.com\/en\/wp-json\/wp\/v2\/comments?post=13729"}],"version-history":[{"count":3,"href":"https:\/\/casetti.wpevi.com\/en\/wp-json\/wp\/v2\/product\/13729\/revisions"}],"predecessor-version":[{"id":14451,"href":"https:\/\/casetti.wpevi.com\/en\/wp-json\/wp\/v2\/product\/13729\/revisions\/14451"}],"wp:featuredmedia":[{"embeddable":true,"href":"https:\/\/casetti.wpevi.com\/en\/wp-json\/wp\/v2\/media\/14452"}],"wp:attachment":[{"href":"https:\/\/casetti.wpevi.com\/en\/wp-json\/wp\/v2\/media?parent=13729"}],"wp:term":[{"taxonomy":"product_brand","embeddable":true,"href":"https:\/\/casetti.wpevi.com\/en\/wp-json\/wp\/v2\/product_brand?post=13729"},{"taxonomy":"product_cat","embeddable":true,"href":"https:\/\/casetti.wpevi.com\/en\/wp-json\/wp\/v2\/product_cat?post=13729"},{"taxonomy":"product_tag","embeddable":true,"href":"https:\/\/casetti.wpevi.com\/en\/wp-json\/wp\/v2\/product_tag?post=13729"}],"curies":[{"name":"wp","href":"https:\/\/api.w.org\/{rel}","templated":true}]}}