{"id":13712,"date":"2026-03-04T12:21:06","date_gmt":"2026-03-04T09:21:06","guid":{"rendered":"https:\/\/casetti.wpevi.com\/valent-serisi-pirinc-samdan-kucuk-boy\/"},"modified":"2026-03-04T12:21:15","modified_gmt":"2026-03-04T09:21:15","slug":"valent-serisi-pirinc-samdan-kucuk-boy","status":"publish","type":"product","link":"https:\/\/casetti.wpevi.com\/en\/valent-serisi-pirinc-samdan-kucuk-boy\/","title":{"rendered":"Valent Serisi Pirin\u00e7 \u015eamdan K\u00fc\u00e7\u00fck Boy"},"content":{"rendered":"<p>\u00dcr\u00fcn \u00d6l\u00e7\u00fcleri : 11.5 x 35 cm<\/p>\n<p>&nbsp;This <strong>35 cm y\u00fcksekli\u011finde, tamamen pirin\u00e7 d\u00f6k\u00fcm g\u00f6vdeye ve mermer tabana sahip \u015famdan<\/strong>, zamans\u0131z tasar\u0131m\u0131 ve kaliteli malzemeleriyle dekorasyona zarif bir dokunu\u015f katar. <strong>Siyah ve alt\u0131n renk kombinasyonu<\/strong>, yemek masalar\u0131nda, \u015f\u00f6mine \u00fczerinde veya klasik i\u00e7 mekanlarda \u015f\u0131k bir atmosfer olu\u015fturur. Sa\u011flam pirin\u00e7 yap\u0131s\u0131 ve a\u011f\u0131r mermer taban\u0131 sayesinde hem dayan\u0131kl\u0131 hem de dengeli bir dekoratif \u00fcr\u00fcnd\u00fcr.&nbsp;<\/p>","protected":false},"excerpt":{"rendered":"<p>\u00dcr\u00fcn \u00d6l\u00e7\u00fcleri : 11.5 x 35 cm &nbsp;Bu 35 cm y\u00fcksekli\u011finde, tamamen pirin\u00e7 d\u00f6k\u00fcm g\u00f6vdeye ve mermer tabana sahip \u015famdan, zamans\u0131z tasar\u0131m\u0131 ve kaliteli malzemeleriyle dekorasyona zarif bir dokunu\u015f katar. Siyah ve alt\u0131n renk kombinasyonu, yemek masalar\u0131nda, \u015f\u00f6mine \u00fczerinde veya klasik i\u00e7 mekanlarda \u015f\u0131k bir atmosfer olu\u015fturur. Sa\u011flam pirin\u00e7 yap\u0131s\u0131 ve a\u011f\u0131r mermer taban\u0131 sayesinde &hellip; <a href=\"https:\/\/casetti.wpevi.com\/en\/valent-serisi-pirinc-samdan-kucuk-boy\/\" class=\"more-link\">Continue reading <span class=\"screen-reader-text\">Valent Serisi Pirin\u00e7 \u015eamdan K\u00fc\u00e7\u00fck Boy<\/span><\/a><\/p>","protected":false},"featured_media":13717,"comment_status":"open","ping_status":"closed","template":"","meta":[],"product_brand":[228],"product_cat":[182],"product_tag":[],"class_list":{"0":"post-13712","1":"product","2":"type-product","3":"status-publish","4":"has-post-thumbnail","6":"product_brand-lamedore","7":"product_cat-pirinc-gumus-urunler","10":"instock","11":"taxable","12":"shipping-taxable","13":"purchasable","14":"product-type-simple"},"_links":{"self":[{"href":"https:\/\/casetti.wpevi.com\/en\/wp-json\/wp\/v2\/product\/13712","targetHints":{"allow":["GET"]}}],"collection":[{"href":"https:\/\/casetti.wpevi.com\/en\/wp-json\/wp\/v2\/product"}],"about":[{"href":"https:\/\/casetti.wpevi.com\/en\/wp-json\/wp\/v2\/types\/product"}],"replies":[{"embeddable":true,"href":"https:\/\/casetti.wpevi.com\/en\/wp-json\/wp\/v2\/comments?post=13712"}],"version-history":[{"count":1,"href":"https:\/\/casetti.wpevi.com\/en\/wp-json\/wp\/v2\/product\/13712\/revisions"}],"predecessor-version":[{"id":13714,"href":"https:\/\/casetti.wpevi.com\/en\/wp-json\/wp\/v2\/product\/13712\/revisions\/13714"}],"wp:featuredmedia":[{"embeddable":true,"href":"https:\/\/casetti.wpevi.com\/en\/wp-json\/wp\/v2\/media\/13717"}],"wp:attachment":[{"href":"https:\/\/casetti.wpevi.com\/en\/wp-json\/wp\/v2\/media?parent=13712"}],"wp:term":[{"taxonomy":"product_brand","embeddable":true,"href":"https:\/\/casetti.wpevi.com\/en\/wp-json\/wp\/v2\/product_brand?post=13712"},{"taxonomy":"product_cat","embeddable":true,"href":"https:\/\/casetti.wpevi.com\/en\/wp-json\/wp\/v2\/product_cat?post=13712"},{"taxonomy":"product_tag","embeddable":true,"href":"https:\/\/casetti.wpevi.com\/en\/wp-json\/wp\/v2\/product_tag?post=13712"}],"curies":[{"name":"wp","href":"https:\/\/api.w.org\/{rel}","templated":true}]}}