{"id":13703,"date":"2026-03-04T12:02:04","date_gmt":"2026-03-04T09:02:04","guid":{"rendered":"https:\/\/casetti.wpevi.com\/?post_type=product&#038;p=13703"},"modified":"2026-03-04T12:06:08","modified_gmt":"2026-03-04T09:06:08","slug":"zeus-konik-camli-pirinc-vazo","status":"publish","type":"product","link":"https:\/\/casetti.wpevi.com\/en\/zeus-konik-camli-pirinc-vazo\/","title":{"rendered":"Zeus Conical Glass Brass Vase"},"content":{"rendered":"<p>\u00dcr\u00fcn \u00d6l\u00e7\u00fcleri : 25.5 x 25.5 x 59.5 cm<\/p>\n<p>&nbsp;Mermer tabanl\u0131 ve konik cam vazolu bu <strong>l\u00fcks pirin\u00e7 ayakl\u0131 dekoratif vazo<\/strong>, zarif i\u00e7 mekanlar i\u00e7in tasarlanm\u0131\u015f \u015f\u0131k bir dekoratif \u00fcr\u00fcnd\u00fcr. 59,5<strong>&nbsp;cm y\u00fcksekli\u011findeki<\/strong> bu klasik alt\u0131n renkli ayakl\u0131 vazo; <strong>komple pirin\u00e7 d\u00f6k\u00fcm g\u00f6vde, do\u011fal mermer taban ve kesme konik cam vazo<\/strong> birle\u015fimi ile zamans\u0131z bir dekoratif obje olu\u015fturur. Antre, salon, otel lobileri ve klasik i\u00e7 mekan dekorasyonlar\u0131nda dikkat \u00e7ekici bir tamamlay\u0131c\u0131d\u0131r.&nbsp;<\/p>","protected":false},"excerpt":{"rendered":"<p>\u00dcr\u00fcn \u00d6l\u00e7\u00fcleri : 25.5 x 25.5 x 59.5 cm &nbsp;Mermer tabanl\u0131 ve konik cam vazolu bu l\u00fcks pirin\u00e7 ayakl\u0131 dekoratif vazo, zarif i\u00e7 mekanlar i\u00e7in tasarlanm\u0131\u015f \u015f\u0131k bir dekoratif \u00fcr\u00fcnd\u00fcr. 59,5&nbsp;cm y\u00fcksekli\u011findeki bu klasik alt\u0131n renkli ayakl\u0131 vazo; komple pirin\u00e7 d\u00f6k\u00fcm g\u00f6vde, do\u011fal mermer taban ve kesme konik cam vazo birle\u015fimi ile zamans\u0131z bir dekoratif &hellip; <a href=\"https:\/\/casetti.wpevi.com\/en\/zeus-konik-camli-pirinc-vazo\/\" class=\"more-link\">Continue reading <span class=\"screen-reader-text\">Zeus Conical Glass Brass Vase<\/span><\/a><\/p>","protected":false},"featured_media":13710,"comment_status":"open","ping_status":"closed","template":"","meta":[],"product_brand":[228],"product_cat":[182],"product_tag":[],"class_list":{"0":"post-13703","1":"product","2":"type-product","3":"status-publish","4":"has-post-thumbnail","6":"product_brand-lamedore","7":"product_cat-pirinc-gumus-urunler","10":"instock","11":"taxable","12":"shipping-taxable","13":"purchasable","14":"product-type-simple"},"_links":{"self":[{"href":"https:\/\/casetti.wpevi.com\/en\/wp-json\/wp\/v2\/product\/13703","targetHints":{"allow":["GET"]}}],"collection":[{"href":"https:\/\/casetti.wpevi.com\/en\/wp-json\/wp\/v2\/product"}],"about":[{"href":"https:\/\/casetti.wpevi.com\/en\/wp-json\/wp\/v2\/types\/product"}],"replies":[{"embeddable":true,"href":"https:\/\/casetti.wpevi.com\/en\/wp-json\/wp\/v2\/comments?post=13703"}],"version-history":[{"count":1,"href":"https:\/\/casetti.wpevi.com\/en\/wp-json\/wp\/v2\/product\/13703\/revisions"}],"predecessor-version":[{"id":13708,"href":"https:\/\/casetti.wpevi.com\/en\/wp-json\/wp\/v2\/product\/13703\/revisions\/13708"}],"wp:featuredmedia":[{"embeddable":true,"href":"https:\/\/casetti.wpevi.com\/en\/wp-json\/wp\/v2\/media\/13710"}],"wp:attachment":[{"href":"https:\/\/casetti.wpevi.com\/en\/wp-json\/wp\/v2\/media?parent=13703"}],"wp:term":[{"taxonomy":"product_brand","embeddable":true,"href":"https:\/\/casetti.wpevi.com\/en\/wp-json\/wp\/v2\/product_brand?post=13703"},{"taxonomy":"product_cat","embeddable":true,"href":"https:\/\/casetti.wpevi.com\/en\/wp-json\/wp\/v2\/product_cat?post=13703"},{"taxonomy":"product_tag","embeddable":true,"href":"https:\/\/casetti.wpevi.com\/en\/wp-json\/wp\/v2\/product_tag?post=13703"}],"curies":[{"name":"wp","href":"https:\/\/api.w.org\/{rel}","templated":true}]}}