{"id":13617,"date":"2026-03-03T16:50:05","date_gmt":"2026-03-03T13:50:05","guid":{"rendered":"https:\/\/casetti.wpevi.com\/harmonu-deo-33-gullu-oda-kokusu\/"},"modified":"2026-03-05T13:31:13","modified_gmt":"2026-03-05T10:31:13","slug":"harmony-deo-33-gullu-oda-kokusu","status":"publish","type":"product","link":"https:\/\/casetti.wpevi.com\/en\/harmony-deo-33-gullu-oda-kokusu\/","title":{"rendered":"Harmony Deo 33 G\u00fcll\u00fc Oda Kokusu"},"content":{"rendered":"<p>Ya\u015fam alanlar\u0131n\u0131za zarafet ve imza bir koku kat\u0131n. <strong>Harmony Deo 33 Beyaz G\u00fcl Cam Vazolu Oda Kokusu Seti<\/strong>, \u015f\u0131k cam k\u00e2se formundaki vazoda \u00f6zenle yerle\u015ftirilmi\u015f 33 adet ivory beyaz g\u00fclden olu\u015fan l\u00fcks bir dekoratif aranjmand\u0131r.<\/p>\n<p>Estetik g\u00f6r\u00fcn\u00fcm\u00fc ve kal\u0131c\u0131 oda kokusu \u00f6zelli\u011fi ile hem dekoratif hem de fonksiyonel bir \u00fcr\u00fcnd\u00fcr. Set i\u00e7erisinde yer alan oda spreyi sayesinde kokuyu diledi\u011finiz zaman tazeleyebilir ve yo\u011funlu\u011funu art\u0131rabilirsiniz. \u015eeffaf cam kaideli tasar\u0131m\u0131, sehpa, konsol, yatak odas\u0131, ofis ve butik mek\u00e2nlarda \u015f\u0131k bir odak noktas\u0131 olu\u015fturur.<\/p>\n<p>D\u00fc\u011f\u00fcn, y\u0131ld\u00f6n\u00fcm\u00fc, ev hediyesi, Sevgililer G\u00fcn\u00fc veya \u00f6zel g\u00fcnler i\u00e7in m\u00fckemmel bir hediye se\u00e7ene\u011fidir. Harmony Deo g\u00fcl aranjman\u0131, bulundu\u011fu ortama hem g\u00f6rsel hem de duyusal bir l\u00fcks deneyim kazand\u0131r\u0131r.<\/p>\n<h3><strong>\u00dcr\u00fcn \u00d6zellikleri<\/strong><\/h3>","protected":false},"excerpt":{"rendered":"<p>Ya\u015fam alanlar\u0131n\u0131za zarafet ve imza bir koku kat\u0131n. Harmony Deo 33 Beyaz G\u00fcl Cam Vazolu Oda Kokusu Seti, \u015f\u0131k cam k\u00e2se formundaki vazoda \u00f6zenle yerle\u015ftirilmi\u015f 33 adet ivory beyaz g\u00fclden olu\u015fan l\u00fcks bir dekoratif aranjmand\u0131r. Estetik g\u00f6r\u00fcn\u00fcm\u00fc ve kal\u0131c\u0131 oda kokusu \u00f6zelli\u011fi ile hem dekoratif hem de fonksiyonel bir \u00fcr\u00fcnd\u00fcr. Set i\u00e7erisinde yer alan oda &hellip; <a href=\"https:\/\/casetti.wpevi.com\/en\/harmony-deo-33-gullu-oda-kokusu\/\" class=\"more-link\">Continue reading <span class=\"screen-reader-text\">Harmony Deo 33 G\u00fcll\u00fc Oda Kokusu<\/span><\/a><\/p>","protected":false},"featured_media":14098,"comment_status":"open","ping_status":"closed","template":"","meta":[],"product_brand":[227],"product_cat":[15],"product_tag":[],"class_list":{"0":"post-13617","1":"product","2":"type-product","3":"status-publish","4":"has-post-thumbnail","6":"product_brand-harmony-deo","7":"product_cat-uncategorized","10":"instock","11":"taxable","12":"shipping-taxable","13":"purchasable","14":"product-type-simple"},"_links":{"self":[{"href":"https:\/\/casetti.wpevi.com\/en\/wp-json\/wp\/v2\/product\/13617","targetHints":{"allow":["GET"]}}],"collection":[{"href":"https:\/\/casetti.wpevi.com\/en\/wp-json\/wp\/v2\/product"}],"about":[{"href":"https:\/\/casetti.wpevi.com\/en\/wp-json\/wp\/v2\/types\/product"}],"replies":[{"embeddable":true,"href":"https:\/\/casetti.wpevi.com\/en\/wp-json\/wp\/v2\/comments?post=13617"}],"version-history":[{"count":1,"href":"https:\/\/casetti.wpevi.com\/en\/wp-json\/wp\/v2\/product\/13617\/revisions"}],"predecessor-version":[{"id":13660,"href":"https:\/\/casetti.wpevi.com\/en\/wp-json\/wp\/v2\/product\/13617\/revisions\/13660"}],"wp:featuredmedia":[{"embeddable":true,"href":"https:\/\/casetti.wpevi.com\/en\/wp-json\/wp\/v2\/media\/14098"}],"wp:attachment":[{"href":"https:\/\/casetti.wpevi.com\/en\/wp-json\/wp\/v2\/media?parent=13617"}],"wp:term":[{"taxonomy":"product_brand","embeddable":true,"href":"https:\/\/casetti.wpevi.com\/en\/wp-json\/wp\/v2\/product_brand?post=13617"},{"taxonomy":"product_cat","embeddable":true,"href":"https:\/\/casetti.wpevi.com\/en\/wp-json\/wp\/v2\/product_cat?post=13617"},{"taxonomy":"product_tag","embeddable":true,"href":"https:\/\/casetti.wpevi.com\/en\/wp-json\/wp\/v2\/product_tag?post=13617"}],"curies":[{"name":"wp","href":"https:\/\/api.w.org\/{rel}","templated":true}]}}