{"id":13591,"date":"2026-03-03T15:41:02","date_gmt":"2026-03-03T12:41:02","guid":{"rendered":"https:\/\/casetti.wpevi.com\/2li-ceylan-pirinc-dokum-dekoratif-set\/"},"modified":"2026-03-03T16:19:09","modified_gmt":"2026-03-03T13:19:09","slug":"2li-ceylan-pirinc-dokum-dekoratif-set","status":"publish","type":"product","link":"https:\/\/casetti.wpevi.com\/en\/2li-ceylan-pirinc-dokum-dekoratif-set\/","title":{"rendered":"2-Piece Deer Brass Cast Decorative Set"},"content":{"rendered":"<p>\u00dcr\u00fcn \u00d6l\u00e7\u00fcleri : 11 x 7 x 24 cm<\/p>\n<p>Bu zarif pirin\u00e7<strong>&nbsp;ceylan heykel seti<\/strong>, Mid Century Modern ve Art Deco tasar\u0131m anlay\u0131\u015f\u0131ndan ilham alarak ya\u015fam alanlar\u0131n\u0131za zamans\u0131z bir \u015f\u0131kl\u0131k kazand\u0131r\u0131r. Uzun ve zarif hatlara sahip iki antilop fig\u00fcr\u00fc, mek\u00e2na hareket, denge ve estetik bir g\u00fc\u00e7 katar.<\/p>\n<p>Parlak alt\u0131n y\u00fczey ve koyu ah\u015fap kaide birle\u015fimi, hem l\u00fcks hem de sofistike bir g\u00f6r\u00fcn\u00fcm sunar. Konsol \u00fcst\u00fc, ofis masas\u0131, kitapl\u0131k, \u015f\u00f6mine raf\u0131 veya salon dekorasyonunda g\u00fc\u00e7l\u00fc bir odak noktas\u0131 olu\u015fturur.<\/p>\n<p>Simetrik tasar\u0131m\u0131 sayesinde kitap tutucu (bookend) olarak veya merkez dekoratif obje olarak rahatl\u0131kla kullan\u0131labilir. Modern, \u00e7a\u011fda\u015f, glam ve klasik dekorasyon stilleriyle uyumludur.<\/p>\n<h3><strong>Featured Features<\/strong><\/h3>","protected":false},"excerpt":{"rendered":"<p>\u00dcr\u00fcn \u00d6l\u00e7\u00fcleri : 11 x 7 x 24 cm Bu zarif pirin\u00e7&nbsp;ceylan heykel seti, Mid Century Modern ve Art Deco tasar\u0131m anlay\u0131\u015f\u0131ndan ilham alarak ya\u015fam alanlar\u0131n\u0131za zamans\u0131z bir \u015f\u0131kl\u0131k kazand\u0131r\u0131r. Uzun ve zarif hatlara sahip iki antilop fig\u00fcr\u00fc, mek\u00e2na hareket, denge ve estetik bir g\u00fc\u00e7 katar. Parlak alt\u0131n y\u00fczey ve koyu ah\u015fap kaide birle\u015fimi, hem &hellip; <a href=\"https:\/\/casetti.wpevi.com\/en\/2li-ceylan-pirinc-dokum-dekoratif-set\/\" class=\"more-link\">Continue reading <span class=\"screen-reader-text\">2-Piece Deer Brass Cast Decorative Set<\/span><\/a><\/p>","protected":false},"featured_media":13600,"comment_status":"open","ping_status":"closed","template":"","meta":[],"product_brand":[228],"product_cat":[182],"product_tag":[],"class_list":{"0":"post-13591","1":"product","2":"type-product","3":"status-publish","4":"has-post-thumbnail","6":"product_brand-lamedore","7":"product_cat-pirinc-gumus-urunler","10":"instock","11":"taxable","12":"shipping-taxable","13":"purchasable","14":"product-type-simple"},"_links":{"self":[{"href":"https:\/\/casetti.wpevi.com\/en\/wp-json\/wp\/v2\/product\/13591","targetHints":{"allow":["GET"]}}],"collection":[{"href":"https:\/\/casetti.wpevi.com\/en\/wp-json\/wp\/v2\/product"}],"about":[{"href":"https:\/\/casetti.wpevi.com\/en\/wp-json\/wp\/v2\/types\/product"}],"replies":[{"embeddable":true,"href":"https:\/\/casetti.wpevi.com\/en\/wp-json\/wp\/v2\/comments?post=13591"}],"version-history":[{"count":2,"href":"https:\/\/casetti.wpevi.com\/en\/wp-json\/wp\/v2\/product\/13591\/revisions"}],"predecessor-version":[{"id":13595,"href":"https:\/\/casetti.wpevi.com\/en\/wp-json\/wp\/v2\/product\/13591\/revisions\/13595"}],"wp:featuredmedia":[{"embeddable":true,"href":"https:\/\/casetti.wpevi.com\/en\/wp-json\/wp\/v2\/media\/13600"}],"wp:attachment":[{"href":"https:\/\/casetti.wpevi.com\/en\/wp-json\/wp\/v2\/media?parent=13591"}],"wp:term":[{"taxonomy":"product_brand","embeddable":true,"href":"https:\/\/casetti.wpevi.com\/en\/wp-json\/wp\/v2\/product_brand?post=13591"},{"taxonomy":"product_cat","embeddable":true,"href":"https:\/\/casetti.wpevi.com\/en\/wp-json\/wp\/v2\/product_cat?post=13591"},{"taxonomy":"product_tag","embeddable":true,"href":"https:\/\/casetti.wpevi.com\/en\/wp-json\/wp\/v2\/product_tag?post=13591"}],"curies":[{"name":"wp","href":"https:\/\/api.w.org\/{rel}","templated":true}]}}