{"id":13582,"date":"2026-03-03T15:30:05","date_gmt":"2026-03-03T12:30:05","guid":{"rendered":"https:\/\/casetti.wpevi.com\/?post_type=product&#038;p=13582"},"modified":"2026-03-07T16:22:15","modified_gmt":"2026-03-07T13:22:15","slug":"top-mercan-obje-2li-set","status":"publish","type":"product","link":"https:\/\/casetti.wpevi.com\/en\/top-mercan-obje-2li-set\/","title":{"rendered":"Top Mercan obje 2&#8217;li Set"},"content":{"rendered":"<p>Bu zarif <strong>alt\u0131n pirin\u00e7 dekoratif kavanoz seti<\/strong>, k\u00fcre formu ve \u015f\u0131k mercan detayl\u0131 kapak tasar\u0131m\u0131yla ya\u015fam alanlar\u0131n\u0131za l\u00fcks bir dokunu\u015f katar. Metalik s\u0131cakl\u0131\u011f\u0131 organik doku ile bulu\u015fturan bu \u00f6zel tasar\u0131m, modern ve coastal (sahil esintili) dekorasyon stilini sofistike bir \u015fekilde yans\u0131t\u0131r.<\/p>\n<p>F\u0131r\u00e7alanm\u0131\u015f alt\u0131n y\u00fczeyi \u0131\u015f\u0131\u011f\u0131 zarif\u00e7e yans\u0131tarak konsol \u00fcst\u00fc, sehpa, antre, yemek masas\u0131 veya ofis dekorasyonunda dikkat \u00e7ekici bir odak noktas\u0131 olu\u015fturur. Mercan esintili kapak detaylar\u0131 ise mek\u00e2na do\u011fal ve se\u00e7kin bir karakter kazand\u0131r\u0131r.<\/p>","protected":false},"excerpt":{"rendered":"<p>Bu zarif alt\u0131n pirin\u00e7 dekoratif kavanoz seti, k\u00fcre formu ve \u015f\u0131k mercan detayl\u0131 kapak tasar\u0131m\u0131yla ya\u015fam alanlar\u0131n\u0131za l\u00fcks bir dokunu\u015f katar. Metalik s\u0131cakl\u0131\u011f\u0131 organik doku ile bulu\u015fturan bu \u00f6zel tasar\u0131m, modern ve coastal (sahil esintili) dekorasyon stilini sofistike bir \u015fekilde yans\u0131t\u0131r. F\u0131r\u00e7alanm\u0131\u015f alt\u0131n y\u00fczeyi \u0131\u015f\u0131\u011f\u0131 zarif\u00e7e yans\u0131tarak konsol \u00fcst\u00fc, sehpa, antre, yemek masas\u0131 veya ofis &hellip; <a href=\"https:\/\/casetti.wpevi.com\/en\/top-mercan-obje-2li-set\/\" class=\"more-link\">Continue reading <span class=\"screen-reader-text\">Top Mercan obje 2&#8217;li Set<\/span><\/a><\/p>","protected":false},"featured_media":14456,"comment_status":"open","ping_status":"closed","template":"","meta":[],"product_brand":[217],"product_cat":[213],"product_tag":[],"class_list":{"0":"post-13582","1":"product","2":"type-product","3":"status-publish","4":"has-post-thumbnail","6":"product_brand-casetti","7":"product_cat-cam-ve-kristal-urunler","10":"instock","11":"taxable","12":"shipping-taxable","13":"purchasable","14":"product-type-simple"},"_links":{"self":[{"href":"https:\/\/casetti.wpevi.com\/en\/wp-json\/wp\/v2\/product\/13582","targetHints":{"allow":["GET"]}}],"collection":[{"href":"https:\/\/casetti.wpevi.com\/en\/wp-json\/wp\/v2\/product"}],"about":[{"href":"https:\/\/casetti.wpevi.com\/en\/wp-json\/wp\/v2\/types\/product"}],"replies":[{"embeddable":true,"href":"https:\/\/casetti.wpevi.com\/en\/wp-json\/wp\/v2\/comments?post=13582"}],"version-history":[{"count":3,"href":"https:\/\/casetti.wpevi.com\/en\/wp-json\/wp\/v2\/product\/13582\/revisions"}],"predecessor-version":[{"id":14455,"href":"https:\/\/casetti.wpevi.com\/en\/wp-json\/wp\/v2\/product\/13582\/revisions\/14455"}],"wp:featuredmedia":[{"embeddable":true,"href":"https:\/\/casetti.wpevi.com\/en\/wp-json\/wp\/v2\/media\/14456"}],"wp:attachment":[{"href":"https:\/\/casetti.wpevi.com\/en\/wp-json\/wp\/v2\/media?parent=13582"}],"wp:term":[{"taxonomy":"product_brand","embeddable":true,"href":"https:\/\/casetti.wpevi.com\/en\/wp-json\/wp\/v2\/product_brand?post=13582"},{"taxonomy":"product_cat","embeddable":true,"href":"https:\/\/casetti.wpevi.com\/en\/wp-json\/wp\/v2\/product_cat?post=13582"},{"taxonomy":"product_tag","embeddable":true,"href":"https:\/\/casetti.wpevi.com\/en\/wp-json\/wp\/v2\/product_tag?post=13582"}],"curies":[{"name":"wp","href":"https:\/\/api.w.org\/{rel}","templated":true}]}}