{"id":13574,"date":"2026-03-03T15:09:05","date_gmt":"2026-03-03T12:09:05","guid":{"rendered":"https:\/\/casetti.wpevi.com\/?post_type=product&#038;p=13574"},"modified":"2026-03-04T15:41:42","modified_gmt":"2026-03-04T12:41:42","slug":"noir-eclat-duo-cam-sise-set","status":"publish","type":"product","link":"https:\/\/casetti.wpevi.com\/en\/noir-eclat-duo-cam-sise-set\/","title":{"rendered":"Noir \u00c9clat Duo Cam \u015ei\u015fe Set"},"content":{"rendered":"<p>Product Dimensions<br \/>Y\u00fckseklik :<br \/>B\u00fcy\u00fck Boy : 47 cm<br \/>K\u00fc\u00e7\u00fck Boy : 42 cm&nbsp;<\/p>\n<p><em>Noir \u00c9clat Duo<\/em>, zarafet, derinlik ve zamans\u0131z l\u00fcks\u00fc yans\u0131tan sofistike bir cam \u015fi\u015fe \u00e7iftidir. Dumanl\u0131 amber tonlar\u0131 ve kaplumba\u011fa kabu\u011fu esintili dokusuyla modern \u015f\u0131kl\u0131\u011f\u0131 vintage cam sanat\u0131n\u0131n esteti\u011fiyle bulu\u015fturur. Uzun ve zarif silueti ile sivri kapak tasar\u0131m\u0131, mek\u00e2na heykelsi ve mimari bir karakter kazand\u0131r\u0131r.<\/p>\n<p>Koyu taban ile ak\u0131\u015fkan amber desenlerin uyumu, konsol \u00fcst\u00fc, yemek masas\u0131 veya vitrin dekorasyonuna s\u0131cakl\u0131k ve derinlik katar. Birlikte kullan\u0131ld\u0131\u011f\u0131nda g\u00fc\u00e7l\u00fc bir merkez obje etkisi yarat\u0131r; ayr\u0131 konumland\u0131r\u0131ld\u0131\u011f\u0131nda ise dengeli ve sofistike bir b\u00fct\u00fcnl\u00fck sa\u011flar.<\/p>","protected":false},"excerpt":{"rendered":"<p>\u00dcr\u00fcn \u00d6l\u00e7\u00fcleriY\u00fckseklik :B\u00fcy\u00fck Boy : 47 cmK\u00fc\u00e7\u00fck Boy : 42 cm&nbsp; Noir \u00c9clat Duo, zarafet, derinlik ve zamans\u0131z l\u00fcks\u00fc yans\u0131tan sofistike bir cam \u015fi\u015fe \u00e7iftidir. Dumanl\u0131 amber tonlar\u0131 ve kaplumba\u011fa kabu\u011fu esintili dokusuyla modern \u015f\u0131kl\u0131\u011f\u0131 vintage cam sanat\u0131n\u0131n esteti\u011fiyle bulu\u015fturur. Uzun ve zarif silueti ile sivri kapak tasar\u0131m\u0131, mek\u00e2na heykelsi ve mimari bir karakter kazand\u0131r\u0131r. &hellip; <a href=\"https:\/\/casetti.wpevi.com\/en\/noir-eclat-duo-cam-sise-set\/\" class=\"more-link\">Continue reading <span class=\"screen-reader-text\">Noir \u00c9clat Duo Cam \u015ei\u015fe Set<\/span><\/a><\/p>","protected":false},"featured_media":13818,"comment_status":"open","ping_status":"closed","template":"","meta":[],"product_brand":[217],"product_cat":[213],"product_tag":[],"class_list":{"0":"post-13574","1":"product","2":"type-product","3":"status-publish","4":"has-post-thumbnail","6":"product_brand-casetti","7":"product_cat-cam-ve-kristal-urunler","10":"instock","11":"taxable","12":"shipping-taxable","13":"purchasable","14":"product-type-simple"},"_links":{"self":[{"href":"https:\/\/casetti.wpevi.com\/en\/wp-json\/wp\/v2\/product\/13574","targetHints":{"allow":["GET"]}}],"collection":[{"href":"https:\/\/casetti.wpevi.com\/en\/wp-json\/wp\/v2\/product"}],"about":[{"href":"https:\/\/casetti.wpevi.com\/en\/wp-json\/wp\/v2\/types\/product"}],"replies":[{"embeddable":true,"href":"https:\/\/casetti.wpevi.com\/en\/wp-json\/wp\/v2\/comments?post=13574"}],"version-history":[{"count":1,"href":"https:\/\/casetti.wpevi.com\/en\/wp-json\/wp\/v2\/product\/13574\/revisions"}],"predecessor-version":[{"id":13577,"href":"https:\/\/casetti.wpevi.com\/en\/wp-json\/wp\/v2\/product\/13574\/revisions\/13577"}],"wp:featuredmedia":[{"embeddable":true,"href":"https:\/\/casetti.wpevi.com\/en\/wp-json\/wp\/v2\/media\/13818"}],"wp:attachment":[{"href":"https:\/\/casetti.wpevi.com\/en\/wp-json\/wp\/v2\/media?parent=13574"}],"wp:term":[{"taxonomy":"product_brand","embeddable":true,"href":"https:\/\/casetti.wpevi.com\/en\/wp-json\/wp\/v2\/product_brand?post=13574"},{"taxonomy":"product_cat","embeddable":true,"href":"https:\/\/casetti.wpevi.com\/en\/wp-json\/wp\/v2\/product_cat?post=13574"},{"taxonomy":"product_tag","embeddable":true,"href":"https:\/\/casetti.wpevi.com\/en\/wp-json\/wp\/v2\/product_tag?post=13574"}],"curies":[{"name":"wp","href":"https:\/\/api.w.org\/{rel}","templated":true}]}}