{"id":13567,"date":"2026-03-03T14:48:02","date_gmt":"2026-03-03T11:48:02","guid":{"rendered":"https:\/\/casetti.wpevi.com\/amber-drop-cam-sise\/"},"modified":"2026-03-03T15:03:10","modified_gmt":"2026-03-03T12:03:10","slug":"amber-drop-cam-sise","status":"publish","type":"product","link":"https:\/\/casetti.wpevi.com\/en\/amber-drop-cam-sise\/","title":{"rendered":"Amber Drop Glass Bottle"},"content":{"rendered":"<p>Product Dimensions<br \/>Y\u00fckseklik : 28 cm<br \/>Geni\u015flik : 18 cm<\/p>\n<p>Bu g\u00f6z al\u0131c\u0131 kaplumba\u011fa kabu\u011fu desenli cam vazo ile ya\u015fam alanlar\u0131n\u0131za zarafet kat\u0131n. Modern \u015f\u0131kl\u0131k ile vintage dokunu\u015fu bir araya getiren bu dekoratif cam \u015fi\u015fe, siyah ve amber mermer g\u00f6r\u00fcn\u00fcml\u00fc deseniyle dikkat \u00e7eker. Salon, konsol, sehpa, raf ve ofis dekorasyonunda rahatl\u0131kla kullan\u0131labilecek l\u00fcks bir dekoratif objedir.<\/p>\n<p>Heykelsi formu ve parlak y\u00fczeyi sayesinde hem modern hem minimalist hem de klasik dekorasyon stillerine uyum sa\u011flar. \u0130ster tek ba\u015f\u0131na dekoratif obje olarak kullan\u0131n, ister kuru \u00e7i\u00e7ek, pampas otu veya dallarla kombinleyin; bulundu\u011fu ortama an\u0131nda s\u0131cakl\u0131k ve karakter kazand\u0131r\u0131r.<\/p>","protected":false},"excerpt":{"rendered":"<p>\u00dcr\u00fcn \u00d6l\u00e7\u00fcleriY\u00fckseklik : 28 cmGeni\u015flik : 18 cm Bu g\u00f6z al\u0131c\u0131 kaplumba\u011fa kabu\u011fu desenli cam vazo ile ya\u015fam alanlar\u0131n\u0131za zarafet kat\u0131n. Modern \u015f\u0131kl\u0131k ile vintage dokunu\u015fu bir araya getiren bu dekoratif cam \u015fi\u015fe, siyah ve amber mermer g\u00f6r\u00fcn\u00fcml\u00fc deseniyle dikkat \u00e7eker. Salon, konsol, sehpa, raf ve ofis dekorasyonunda rahatl\u0131kla kullan\u0131labilecek l\u00fcks bir dekoratif objedir. Heykelsi &hellip; <a href=\"https:\/\/casetti.wpevi.com\/en\/amber-drop-cam-sise\/\" class=\"more-link\">Continue reading <span class=\"screen-reader-text\">Amber Drop Glass Bottle<\/span><\/a><\/p>","protected":false},"featured_media":13572,"comment_status":"open","ping_status":"closed","template":"","meta":[],"product_brand":[217],"product_cat":[213],"product_tag":[],"class_list":{"0":"post-13567","1":"product","2":"type-product","3":"status-publish","4":"has-post-thumbnail","6":"product_brand-casetti","7":"product_cat-cam-ve-kristal-urunler","10":"instock","11":"taxable","12":"shipping-taxable","13":"purchasable","14":"product-type-simple"},"_links":{"self":[{"href":"https:\/\/casetti.wpevi.com\/en\/wp-json\/wp\/v2\/product\/13567","targetHints":{"allow":["GET"]}}],"collection":[{"href":"https:\/\/casetti.wpevi.com\/en\/wp-json\/wp\/v2\/product"}],"about":[{"href":"https:\/\/casetti.wpevi.com\/en\/wp-json\/wp\/v2\/types\/product"}],"replies":[{"embeddable":true,"href":"https:\/\/casetti.wpevi.com\/en\/wp-json\/wp\/v2\/comments?post=13567"}],"version-history":[{"count":0,"href":"https:\/\/casetti.wpevi.com\/en\/wp-json\/wp\/v2\/product\/13567\/revisions"}],"wp:featuredmedia":[{"embeddable":true,"href":"https:\/\/casetti.wpevi.com\/en\/wp-json\/wp\/v2\/media\/13572"}],"wp:attachment":[{"href":"https:\/\/casetti.wpevi.com\/en\/wp-json\/wp\/v2\/media?parent=13567"}],"wp:term":[{"taxonomy":"product_brand","embeddable":true,"href":"https:\/\/casetti.wpevi.com\/en\/wp-json\/wp\/v2\/product_brand?post=13567"},{"taxonomy":"product_cat","embeddable":true,"href":"https:\/\/casetti.wpevi.com\/en\/wp-json\/wp\/v2\/product_cat?post=13567"},{"taxonomy":"product_tag","embeddable":true,"href":"https:\/\/casetti.wpevi.com\/en\/wp-json\/wp\/v2\/product_tag?post=13567"}],"curies":[{"name":"wp","href":"https:\/\/api.w.org\/{rel}","templated":true}]}}