{"id":13559,"date":"2026-03-03T12:54:04","date_gmt":"2026-03-03T09:54:04","guid":{"rendered":"https:\/\/casetti.wpevi.com\/?post_type=product&#038;p=13559"},"modified":"2026-03-04T15:41:50","modified_gmt":"2026-03-04T12:41:50","slug":"hera-cam-vazo","status":"publish","type":"product","link":"https:\/\/casetti.wpevi.com\/en\/hera-cam-vazo\/","title":{"rendered":"Hera Cam Vazo"},"content":{"rendered":"<p>Product Dimensions&nbsp;<br \/>Yokseklik : 30 cm&nbsp;<br \/>Geni\u015flik : 12 cm<\/p>\n<p>30 cm y\u00fcksekli\u011fe sahip bu modern sanat cam vazo, \u015feffaf kristal cam i\u00e7inde yer alan zarif mor i\u00e7 tasar\u0131m\u0131yla dikkat \u00e7eker. Damla formundaki heykelsi silueti ve dikey detaylar\u0131 sayesinde \u0131\u015f\u0131\u011f\u0131 estetik \u015fekilde yans\u0131tarak bulundu\u011fu ortama sofistike bir hava katar. Modern, minimalist ve l\u00fcks dekorasyon stilleriyle m\u00fckemmel uyum sa\u011flar. Konsol, orta sehpa, raf veya ofis masas\u0131nda tek ba\u015f\u0131na sergilenebilece\u011fi gibi canl\u0131 ya da kuru \u00e7i\u00e7eklerle birlikte de kullan\u0131labilir. Zamans\u0131z \u015f\u0131kl\u0131k ve zarafet arayanlar i\u00e7in ideal bir dekoratif cam vazodur.&nbsp;<\/p>","protected":false},"excerpt":{"rendered":"<p>\u00dcr\u00fcn \u00d6l\u00e7\u00fcleri&nbsp;Yokseklik : 30 cm&nbsp;Geni\u015flik : 12 cm 30 cm y\u00fcksekli\u011fe sahip bu modern sanat cam vazo, \u015feffaf kristal cam i\u00e7inde yer alan zarif mor i\u00e7 tasar\u0131m\u0131yla dikkat \u00e7eker. Damla formundaki heykelsi silueti ve dikey detaylar\u0131 sayesinde \u0131\u015f\u0131\u011f\u0131 estetik \u015fekilde yans\u0131tarak bulundu\u011fu ortama sofistike bir hava katar. Modern, minimalist ve l\u00fcks dekorasyon stilleriyle m\u00fckemmel uyum &hellip; <a href=\"https:\/\/casetti.wpevi.com\/en\/hera-cam-vazo\/\" class=\"more-link\">Continue reading <span class=\"screen-reader-text\">Hera Cam Vazo<\/span><\/a><\/p>","protected":false},"featured_media":13823,"comment_status":"open","ping_status":"closed","template":"","meta":[],"product_brand":[228],"product_cat":[213],"product_tag":[],"class_list":{"0":"post-13559","1":"product","2":"type-product","3":"status-publish","4":"has-post-thumbnail","6":"product_brand-lamedore","7":"product_cat-cam-ve-kristal-urunler","10":"instock","11":"taxable","12":"shipping-taxable","13":"purchasable","14":"product-type-simple"},"_links":{"self":[{"href":"https:\/\/casetti.wpevi.com\/en\/wp-json\/wp\/v2\/product\/13559","targetHints":{"allow":["GET"]}}],"collection":[{"href":"https:\/\/casetti.wpevi.com\/en\/wp-json\/wp\/v2\/product"}],"about":[{"href":"https:\/\/casetti.wpevi.com\/en\/wp-json\/wp\/v2\/types\/product"}],"replies":[{"embeddable":true,"href":"https:\/\/casetti.wpevi.com\/en\/wp-json\/wp\/v2\/comments?post=13559"}],"version-history":[{"count":1,"href":"https:\/\/casetti.wpevi.com\/en\/wp-json\/wp\/v2\/product\/13559\/revisions"}],"predecessor-version":[{"id":13822,"href":"https:\/\/casetti.wpevi.com\/en\/wp-json\/wp\/v2\/product\/13559\/revisions\/13822"}],"wp:featuredmedia":[{"embeddable":true,"href":"https:\/\/casetti.wpevi.com\/en\/wp-json\/wp\/v2\/media\/13823"}],"wp:attachment":[{"href":"https:\/\/casetti.wpevi.com\/en\/wp-json\/wp\/v2\/media?parent=13559"}],"wp:term":[{"taxonomy":"product_brand","embeddable":true,"href":"https:\/\/casetti.wpevi.com\/en\/wp-json\/wp\/v2\/product_brand?post=13559"},{"taxonomy":"product_cat","embeddable":true,"href":"https:\/\/casetti.wpevi.com\/en\/wp-json\/wp\/v2\/product_cat?post=13559"},{"taxonomy":"product_tag","embeddable":true,"href":"https:\/\/casetti.wpevi.com\/en\/wp-json\/wp\/v2\/product_tag?post=13559"}],"curies":[{"name":"wp","href":"https:\/\/api.w.org\/{rel}","templated":true}]}}