{"id":13552,"date":"2026-03-03T12:41:05","date_gmt":"2026-03-03T09:41:05","guid":{"rendered":"https:\/\/casetti.wpevi.com\/zin-gecisli-cam-vazo\/"},"modified":"2026-03-03T12:49:10","modified_gmt":"2026-03-03T09:49:10","slug":"zin-gecisli-cam-vazo","status":"publish","type":"product","link":"https:\/\/casetti.wpevi.com\/en\/zin-gecisli-cam-vazo\/","title":{"rendered":"Zin Ge\u00e7i\u015fli Cam Vazo"},"content":{"rendered":"<p>Product Dimensions<br \/>Height: 29 cm <br \/>Geni\u015flik : 12 cm<\/p>\n<p>Bu zarif ye\u015fil sanat cam vazo ile ya\u015fam alan\u0131n\u0131za do\u011fal ve sofistike bir dokunu\u015f kat\u0131n. \u00d6zg\u00fcn dokulu y\u00fczeyi ve ak\u0131\u015fkan organik formu ile tasarlanan bu modern dekoratif cam vazo, yumu\u015fak ada\u00e7ay\u0131 ye\u015fili tonlar\u0131 ve katmanl\u0131 sanatsal g\u00f6r\u00fcn\u00fcm\u00fc sayesinde her mek\u00e2nda dikkat \u00e7ekici bir odak noktas\u0131 olu\u015fturur.<br \/><strong>\u00d6l\u00e7\u00fc:<\/strong> 29 cm y\u00fckseklik x 12 cm geni\u015flik<br \/><strong>Ada\u00e7ay\u0131 Ye\u015fili Ton:<\/strong> Do\u011fadan ilham alan, huzurlu ve modern renk ge\u00e7i\u015f<br \/><strong>Sanatsal Katmanl\u0131 Tasar\u0131m:<\/strong> Dalgal\u0131 \u00fcst kenar formu ve dokulu alt y\u00fczey<\/p>","protected":false},"excerpt":{"rendered":"<p>\u00dcr\u00fcn \u00d6l\u00e7\u00fcleriY\u00fckseklik : 29 cm Geni\u015flik : 12 cm Bu zarif ye\u015fil sanat cam vazo ile ya\u015fam alan\u0131n\u0131za do\u011fal ve sofistike bir dokunu\u015f kat\u0131n. \u00d6zg\u00fcn dokulu y\u00fczeyi ve ak\u0131\u015fkan organik formu ile tasarlanan bu modern dekoratif cam vazo, yumu\u015fak ada\u00e7ay\u0131 ye\u015fili tonlar\u0131 ve katmanl\u0131 sanatsal g\u00f6r\u00fcn\u00fcm\u00fc sayesinde her mek\u00e2nda dikkat \u00e7ekici bir odak noktas\u0131 olu\u015fturur.\u00d6l\u00e7\u00fc: &hellip; <a href=\"https:\/\/casetti.wpevi.com\/en\/zin-gecisli-cam-vazo\/\" class=\"more-link\">Continue reading <span class=\"screen-reader-text\">Zin Ge\u00e7i\u015fli Cam Vazo<\/span><\/a><\/p>","protected":false},"featured_media":13557,"comment_status":"open","ping_status":"closed","template":"","meta":[],"product_brand":[217],"product_cat":[213],"product_tag":[],"class_list":{"0":"post-13552","1":"product","2":"type-product","3":"status-publish","4":"has-post-thumbnail","6":"product_brand-casetti","7":"product_cat-cam-ve-kristal-urunler","10":"instock","11":"taxable","12":"shipping-taxable","13":"purchasable","14":"product-type-simple"},"_links":{"self":[{"href":"https:\/\/casetti.wpevi.com\/en\/wp-json\/wp\/v2\/product\/13552","targetHints":{"allow":["GET"]}}],"collection":[{"href":"https:\/\/casetti.wpevi.com\/en\/wp-json\/wp\/v2\/product"}],"about":[{"href":"https:\/\/casetti.wpevi.com\/en\/wp-json\/wp\/v2\/types\/product"}],"replies":[{"embeddable":true,"href":"https:\/\/casetti.wpevi.com\/en\/wp-json\/wp\/v2\/comments?post=13552"}],"version-history":[{"count":0,"href":"https:\/\/casetti.wpevi.com\/en\/wp-json\/wp\/v2\/product\/13552\/revisions"}],"wp:featuredmedia":[{"embeddable":true,"href":"https:\/\/casetti.wpevi.com\/en\/wp-json\/wp\/v2\/media\/13557"}],"wp:attachment":[{"href":"https:\/\/casetti.wpevi.com\/en\/wp-json\/wp\/v2\/media?parent=13552"}],"wp:term":[{"taxonomy":"product_brand","embeddable":true,"href":"https:\/\/casetti.wpevi.com\/en\/wp-json\/wp\/v2\/product_brand?post=13552"},{"taxonomy":"product_cat","embeddable":true,"href":"https:\/\/casetti.wpevi.com\/en\/wp-json\/wp\/v2\/product_cat?post=13552"},{"taxonomy":"product_tag","embeddable":true,"href":"https:\/\/casetti.wpevi.com\/en\/wp-json\/wp\/v2\/product_tag?post=13552"}],"curies":[{"name":"wp","href":"https:\/\/api.w.org\/{rel}","templated":true}]}}