{"id":13530,"date":"2026-03-03T12:20:04","date_gmt":"2026-03-03T09:20:04","guid":{"rendered":"https:\/\/casetti.wpevi.com\/pearl-cam-vazo-kucuk-boy\/"},"modified":"2026-03-03T12:21:21","modified_gmt":"2026-03-03T09:21:21","slug":"pearl-cam-vazo-kucuk-boy","status":"publish","type":"product","link":"https:\/\/casetti.wpevi.com\/en\/pearl-cam-vazo-kucuk-boy\/","title":{"rendered":"Pearl Cam Vazo K\u00fc\u00e7\u00fck Boy"},"content":{"rendered":"<p>Product Dimensions<br \/>Y\u00fckseklik : 22 cm <br \/>Geni\u015flik : 22 cm<\/p>\n<p>Pearl Sedef Spiral Vazo ile ya\u015fam alan\u0131n\u0131za \u0131\u015f\u0131l \u0131\u015f\u0131l bir zarafet kat\u0131n. Spiral ve ak\u0131\u015fkan formu ile dikkat \u00e7eken bu \u00f6zel tasar\u0131m, sedefli y\u00fczeyi sayesinde \u0131\u015f\u0131\u011f\u0131 g\u00f6kku\u015fa\u011f\u0131 yans\u0131malar\u0131yla k\u0131rarak ortama sofistike bir atmosfer kazand\u0131r\u0131r. <\/p>\n<p><strong>Sedefli \u0130ridesan Etki:<\/strong> I\u015f\u0131\u011fa g\u00f6re renk de\u011fi\u015ftiren \u00f6zel y\u00fczey <br \/><strong>Spiral Sanatsal Form:<\/strong> Hareketli ve heykelsi modern tasar\u0131m<br \/> <strong>Kaliteli \u015eeffaf Cam:<\/strong> Kal\u0131n ve dayan\u0131kl\u0131 premium cam yap\u0131<br \/> <strong>Modern Dekor Aksesuar\u0131:<\/strong> Konsol, orta sehpa, vitrin ve antre dekorasyonu i\u00e7in ideal<\/p>","protected":false},"excerpt":{"rendered":"<p>\u00dcr\u00fcn \u00d6l\u00e7\u00fcleriY\u00fckseklik : 22 cm Geni\u015flik : 22 cm Pearl Sedef Spiral Vazo ile ya\u015fam alan\u0131n\u0131za \u0131\u015f\u0131l \u0131\u015f\u0131l bir zarafet kat\u0131n. Spiral ve ak\u0131\u015fkan formu ile dikkat \u00e7eken bu \u00f6zel tasar\u0131m, sedefli y\u00fczeyi sayesinde \u0131\u015f\u0131\u011f\u0131 g\u00f6kku\u015fa\u011f\u0131 yans\u0131malar\u0131yla k\u0131rarak ortama sofistike bir atmosfer kazand\u0131r\u0131r. Sedefli \u0130ridesan Etki: I\u015f\u0131\u011fa g\u00f6re renk de\u011fi\u015ftiren \u00f6zel y\u00fczey Spiral Sanatsal Form: &hellip; <a href=\"https:\/\/casetti.wpevi.com\/en\/pearl-cam-vazo-kucuk-boy\/\" class=\"more-link\">Continue reading <span class=\"screen-reader-text\">Pearl Cam Vazo K\u00fc\u00e7\u00fck Boy<\/span><\/a><\/p>","protected":false},"featured_media":13535,"comment_status":"open","ping_status":"closed","template":"","meta":[],"product_brand":[217],"product_cat":[213],"product_tag":[],"class_list":{"0":"post-13530","1":"product","2":"type-product","3":"status-publish","4":"has-post-thumbnail","6":"product_brand-casetti","7":"product_cat-cam-ve-kristal-urunler","10":"instock","11":"taxable","12":"shipping-taxable","13":"purchasable","14":"product-type-simple"},"_links":{"self":[{"href":"https:\/\/casetti.wpevi.com\/en\/wp-json\/wp\/v2\/product\/13530","targetHints":{"allow":["GET"]}}],"collection":[{"href":"https:\/\/casetti.wpevi.com\/en\/wp-json\/wp\/v2\/product"}],"about":[{"href":"https:\/\/casetti.wpevi.com\/en\/wp-json\/wp\/v2\/types\/product"}],"replies":[{"embeddable":true,"href":"https:\/\/casetti.wpevi.com\/en\/wp-json\/wp\/v2\/comments?post=13530"}],"version-history":[{"count":0,"href":"https:\/\/casetti.wpevi.com\/en\/wp-json\/wp\/v2\/product\/13530\/revisions"}],"wp:featuredmedia":[{"embeddable":true,"href":"https:\/\/casetti.wpevi.com\/en\/wp-json\/wp\/v2\/media\/13535"}],"wp:attachment":[{"href":"https:\/\/casetti.wpevi.com\/en\/wp-json\/wp\/v2\/media?parent=13530"}],"wp:term":[{"taxonomy":"product_brand","embeddable":true,"href":"https:\/\/casetti.wpevi.com\/en\/wp-json\/wp\/v2\/product_brand?post=13530"},{"taxonomy":"product_cat","embeddable":true,"href":"https:\/\/casetti.wpevi.com\/en\/wp-json\/wp\/v2\/product_cat?post=13530"},{"taxonomy":"product_tag","embeddable":true,"href":"https:\/\/casetti.wpevi.com\/en\/wp-json\/wp\/v2\/product_tag?post=13530"}],"curies":[{"name":"wp","href":"https:\/\/api.w.org\/{rel}","templated":true}]}}