{"id":13511,"date":"2026-03-03T11:18:04","date_gmt":"2026-03-03T08:18:04","guid":{"rendered":"https:\/\/casetti.wpevi.com\/artisan-kus-obje\/"},"modified":"2026-03-12T16:25:10","modified_gmt":"2026-03-12T13:25:10","slug":"artisan-cam-kus-obje","status":"publish","type":"product","link":"https:\/\/casetti.wpevi.com\/en\/artisan-cam-kus-obje\/","title":{"rendered":"Artisan Cam Ku\u015f Obje"},"content":{"rendered":"<p>Product Dimensions&nbsp;<br \/>Y\u00fckseklik : 19 cm<br \/>Geni\u015flik : 19 cm<\/p>\n<p>Bu el yap\u0131m\u0131 cam \u00fcfleme ku\u015f biblo ile ya\u015fam alan\u0131n\u0131za zarif ve sanatsal bir dokunu\u015f kat\u0131n. Ak\u0131c\u0131 hatlara sahip modern tasar\u0131m\u0131 ve siyah ile bordo tonlar\u0131n\u0131n uyumu sayesinde bulundu\u011fu ortama sofistike bir atmosfer kazand\u0131r\u0131r.&nbsp;<\/p>","protected":false},"excerpt":{"rendered":"<p>\u00dcr\u00fcn \u00d6l\u00e7\u00fcleri&nbsp;Y\u00fckseklik : 19 cmGeni\u015flik : 19 cm Bu el yap\u0131m\u0131 cam \u00fcfleme ku\u015f biblo ile ya\u015fam alan\u0131n\u0131za zarif ve sanatsal bir dokunu\u015f kat\u0131n. Ak\u0131c\u0131 hatlara sahip modern tasar\u0131m\u0131 ve siyah ile bordo tonlar\u0131n\u0131n uyumu sayesinde bulundu\u011fu ortama sofistike bir atmosfer kazand\u0131r\u0131r.&nbsp;<\/p>","protected":false},"featured_media":15568,"comment_status":"open","ping_status":"closed","template":"","meta":[],"product_brand":[217],"product_cat":[213],"product_tag":[],"class_list":{"0":"post-13511","1":"product","2":"type-product","3":"status-publish","4":"has-post-thumbnail","6":"product_brand-casetti","7":"product_cat-cam-ve-kristal-urunler","10":"instock","11":"taxable","12":"shipping-taxable","13":"purchasable","14":"product-type-simple"},"_links":{"self":[{"href":"https:\/\/casetti.wpevi.com\/en\/wp-json\/wp\/v2\/product\/13511","targetHints":{"allow":["GET"]}}],"collection":[{"href":"https:\/\/casetti.wpevi.com\/en\/wp-json\/wp\/v2\/product"}],"about":[{"href":"https:\/\/casetti.wpevi.com\/en\/wp-json\/wp\/v2\/types\/product"}],"replies":[{"embeddable":true,"href":"https:\/\/casetti.wpevi.com\/en\/wp-json\/wp\/v2\/comments?post=13511"}],"version-history":[{"count":2,"href":"https:\/\/casetti.wpevi.com\/en\/wp-json\/wp\/v2\/product\/13511\/revisions"}],"predecessor-version":[{"id":15212,"href":"https:\/\/casetti.wpevi.com\/en\/wp-json\/wp\/v2\/product\/13511\/revisions\/15212"}],"wp:featuredmedia":[{"embeddable":true,"href":"https:\/\/casetti.wpevi.com\/en\/wp-json\/wp\/v2\/media\/15568"}],"wp:attachment":[{"href":"https:\/\/casetti.wpevi.com\/en\/wp-json\/wp\/v2\/media?parent=13511"}],"wp:term":[{"taxonomy":"product_brand","embeddable":true,"href":"https:\/\/casetti.wpevi.com\/en\/wp-json\/wp\/v2\/product_brand?post=13511"},{"taxonomy":"product_cat","embeddable":true,"href":"https:\/\/casetti.wpevi.com\/en\/wp-json\/wp\/v2\/product_cat?post=13511"},{"taxonomy":"product_tag","embeddable":true,"href":"https:\/\/casetti.wpevi.com\/en\/wp-json\/wp\/v2\/product_tag?post=13511"}],"curies":[{"name":"wp","href":"https:\/\/api.w.org\/{rel}","templated":true}]}}