{"id":13498,"date":"2026-03-03T11:11:04","date_gmt":"2026-03-03T08:11:04","guid":{"rendered":"https:\/\/casetti.wpevi.com\/chan-cam-vazo-set-amber\/"},"modified":"2026-03-03T11:16:09","modified_gmt":"2026-03-03T08:16:09","slug":"chan-cam-vazo-set-amber","status":"publish","type":"product","link":"https:\/\/casetti.wpevi.com\/en\/chan-cam-vazo-set-amber\/","title":{"rendered":"Chan Cam Vazo Set Amber"},"content":{"rendered":"<p>Product Dimensions&nbsp;<br \/>Y\u00fckseklik :<br \/>B\u00fcy\u00fck Boy : 53 cm<br \/>Orta Boy : 43 cm<\/p>\n<p>Bu \u015f\u0131k amber cam vazo seti ile ya\u015fam alan\u0131n\u0131za s\u0131cakl\u0131k ve zarafet kat\u0131n. Kahverengi ve alt\u0131n tonlar\u0131n\u0131n birle\u015fimi ile tasarlanan dokulu \u00e7atlak cam efekti, bulundu\u011fu ortama l\u00fcks ve modern bir atmosfer kazand\u0131r\u0131r.&nbsp;<\/p>","protected":false},"excerpt":{"rendered":"<p>\u00dcr\u00fcn \u00d6l\u00e7\u00fcleri&nbsp;Y\u00fckseklik :B\u00fcy\u00fck Boy : 53 cmOrta Boy : 43 cm Bu \u015f\u0131k amber cam vazo seti ile ya\u015fam alan\u0131n\u0131za s\u0131cakl\u0131k ve zarafet kat\u0131n. Kahverengi ve alt\u0131n tonlar\u0131n\u0131n birle\u015fimi ile tasarlanan dokulu \u00e7atlak cam efekti, bulundu\u011fu ortama l\u00fcks ve modern bir atmosfer kazand\u0131r\u0131r.&nbsp;<\/p>","protected":false},"featured_media":13509,"comment_status":"open","ping_status":"closed","template":"","meta":[],"product_brand":[228],"product_cat":[213],"product_tag":[],"class_list":{"0":"post-13498","1":"product","2":"type-product","3":"status-publish","4":"has-post-thumbnail","6":"product_brand-lamedore","7":"product_cat-cam-ve-kristal-urunler","10":"instock","11":"taxable","12":"shipping-taxable","13":"purchasable","14":"product-type-simple"},"_links":{"self":[{"href":"https:\/\/casetti.wpevi.com\/en\/wp-json\/wp\/v2\/product\/13498","targetHints":{"allow":["GET"]}}],"collection":[{"href":"https:\/\/casetti.wpevi.com\/en\/wp-json\/wp\/v2\/product"}],"about":[{"href":"https:\/\/casetti.wpevi.com\/en\/wp-json\/wp\/v2\/types\/product"}],"replies":[{"embeddable":true,"href":"https:\/\/casetti.wpevi.com\/en\/wp-json\/wp\/v2\/comments?post=13498"}],"version-history":[{"count":0,"href":"https:\/\/casetti.wpevi.com\/en\/wp-json\/wp\/v2\/product\/13498\/revisions"}],"wp:featuredmedia":[{"embeddable":true,"href":"https:\/\/casetti.wpevi.com\/en\/wp-json\/wp\/v2\/media\/13509"}],"wp:attachment":[{"href":"https:\/\/casetti.wpevi.com\/en\/wp-json\/wp\/v2\/media?parent=13498"}],"wp:term":[{"taxonomy":"product_brand","embeddable":true,"href":"https:\/\/casetti.wpevi.com\/en\/wp-json\/wp\/v2\/product_brand?post=13498"},{"taxonomy":"product_cat","embeddable":true,"href":"https:\/\/casetti.wpevi.com\/en\/wp-json\/wp\/v2\/product_cat?post=13498"},{"taxonomy":"product_tag","embeddable":true,"href":"https:\/\/casetti.wpevi.com\/en\/wp-json\/wp\/v2\/product_tag?post=13498"}],"curies":[{"name":"wp","href":"https:\/\/api.w.org\/{rel}","templated":true}]}}