{"id":13493,"date":"2026-03-03T10:59:02","date_gmt":"2026-03-03T07:59:02","guid":{"rendered":"https:\/\/casetti.wpevi.com\/chan-cam-vazo-set-yesil\/"},"modified":"2026-03-03T11:01:15","modified_gmt":"2026-03-03T08:01:15","slug":"chan-cam-vazo-set-yesil","status":"publish","type":"product","link":"https:\/\/casetti.wpevi.com\/en\/chan-cam-vazo-set-yesil\/","title":{"rendered":"Chan Cam Vazo Set Ye\u015fil"},"content":{"rendered":"<p>Product Dimensions<br \/>Y\u00fckseklik :&nbsp;<br \/>B\u00fcy\u00fck Boy 53 cm&nbsp;<br \/>Orta Boy : 43 cm&nbsp;<br \/>K\u00fc\u00e7\u00fck Boy : 33 cm<\/p>\n<p>Bu g\u00f6z al\u0131c\u0131 3\u2019l\u00fc ye\u015fil cam vazo seti ile ya\u015fam alan\u0131n\u0131za modern zarafet ve sanatsal bir dokunu\u015f kat\u0131n. S\u0131k ve yemye\u015fil ormanlar\u0131 and\u0131ran derin ye\u015fil tonlar\u0131 ve \u00e7atlak cam efektli dokusu sayesinde bulundu\u011fu ortama g\u00fc\u00e7l\u00fc ve \u015f\u0131k bir atmosfer kazand\u0131r\u0131r.&nbsp;<\/p>","protected":false},"excerpt":{"rendered":"<p>\u00dcr\u00fcn \u00d6l\u00e7\u00fcleriY\u00fckseklik :&nbsp;B\u00fcy\u00fck Boy 53 cm&nbsp;Orta Boy : 43 cm&nbsp;K\u00fc\u00e7\u00fck Boy : 33 cm Bu g\u00f6z al\u0131c\u0131 3\u2019l\u00fc ye\u015fil cam vazo seti ile ya\u015fam alan\u0131n\u0131za modern zarafet ve sanatsal bir dokunu\u015f kat\u0131n. S\u0131k ve yemye\u015fil ormanlar\u0131 and\u0131ran derin ye\u015fil tonlar\u0131 ve \u00e7atlak cam efektli dokusu sayesinde bulundu\u011fu ortama g\u00fc\u00e7l\u00fc ve \u015f\u0131k bir atmosfer kazand\u0131r\u0131r.&nbsp;<\/p>","protected":false},"featured_media":13496,"comment_status":"open","ping_status":"closed","template":"","meta":[],"product_brand":[228],"product_cat":[213],"product_tag":[],"class_list":{"0":"post-13493","1":"product","2":"type-product","3":"status-publish","4":"has-post-thumbnail","6":"product_brand-lamedore","7":"product_cat-cam-ve-kristal-urunler","10":"instock","11":"taxable","12":"shipping-taxable","13":"purchasable","14":"product-type-simple"},"_links":{"self":[{"href":"https:\/\/casetti.wpevi.com\/en\/wp-json\/wp\/v2\/product\/13493","targetHints":{"allow":["GET"]}}],"collection":[{"href":"https:\/\/casetti.wpevi.com\/en\/wp-json\/wp\/v2\/product"}],"about":[{"href":"https:\/\/casetti.wpevi.com\/en\/wp-json\/wp\/v2\/types\/product"}],"replies":[{"embeddable":true,"href":"https:\/\/casetti.wpevi.com\/en\/wp-json\/wp\/v2\/comments?post=13493"}],"version-history":[{"count":0,"href":"https:\/\/casetti.wpevi.com\/en\/wp-json\/wp\/v2\/product\/13493\/revisions"}],"wp:featuredmedia":[{"embeddable":true,"href":"https:\/\/casetti.wpevi.com\/en\/wp-json\/wp\/v2\/media\/13496"}],"wp:attachment":[{"href":"https:\/\/casetti.wpevi.com\/en\/wp-json\/wp\/v2\/media?parent=13493"}],"wp:term":[{"taxonomy":"product_brand","embeddable":true,"href":"https:\/\/casetti.wpevi.com\/en\/wp-json\/wp\/v2\/product_brand?post=13493"},{"taxonomy":"product_cat","embeddable":true,"href":"https:\/\/casetti.wpevi.com\/en\/wp-json\/wp\/v2\/product_cat?post=13493"},{"taxonomy":"product_tag","embeddable":true,"href":"https:\/\/casetti.wpevi.com\/en\/wp-json\/wp\/v2\/product_tag?post=13493"}],"curies":[{"name":"wp","href":"https:\/\/api.w.org\/{rel}","templated":true}]}}